{"id":1013937,"date":"2024-06-17T14:36:22","date_gmt":"2024-06-17T06:36:22","guid":{"rendered":"https:\/\/vimaterial.de\/product\/lega-di-alluminio-al-nichel-e-cromo\/"},"modified":"2025-04-17T13:59:34","modified_gmt":"2025-04-17T05:59:34","slug":"lega-di-alluminio-al-nichel-e-cromo","status":"publish","type":"product","link":"https:\/\/vimaterial.de\/it\/product\/lega-di-alluminio-al-nichel-e-cromo\/","title":{"rendered":"Lega di alluminio al cromo nichel"},"content":{"rendered":"<p>Il bersaglio sputtering in lega di cromo nichel alluminio \u00e8 un tipo di bersaglio sputtering in lega composto da cromo, nichel e alluminio, che ha le caratteristiche di elevata purezza, alta densit\u00e0, buona conduttivit\u00e0 elettrica e stabilit\u00e0 termica e ha una vasta gamma di applicazioni nei settori dell&#8217;elettronica, dell&#8217;ottica, della resistenza all&#8217;usura e alla corrosione e cos\u00ec via.<\/p>\n<p style=\"text-align: left;\">VIMATERIAL fornisce bersagli sputtering in lega di cromo nichel-alluminio. I nostri bersagli sputtering in lega di cromo nichel-alluminio sono di elevata purezza, alta densit\u00e0, alto punto di fusione e possono formare film sottili stabili e di alta qualit\u00e0, e hanno anche una buona resistenza all&#8217;abrasione e alla corrosione, conduttivit\u00e0 e stabilit\u00e0 termica. Siamo in grado di fornire un servizio di rilegatura target e abbiamo un team di ricerca e sviluppo tecnologico professionale, accettiamo qualsiasi personalizzazione del prodotto e sperimentiamo, se necessario, vi preghiamo di <span style=\"color: #0000ff;\"><a style=\"color: #0000ff;\" href=\"https:\/\/vimaterial.de\/en\/contact-us\/\">contattarci.<\/a><\/span>  <\/p>\n<h2><span style=\"font-size: 14pt;\">Propriet\u00e0 fisiche<\/span><\/h2>\n<p>Formula molecolare: NiCrAl<\/p>\n<p>Aspetto: Bersaglio solitamente grigio argento con lucentezza metallica.<\/p>\n<p>Densit\u00e0: di solito intorno ai 7,0-8,5 g\/cm\u00b3.<\/p>\n<p>Punto di fusione: solitamente tra 1300\u00b0C-1500\u00b0C.<\/p>\n<p>Punto di ebollizione: circa 2500\u00b0C-3000\u00b0C.<\/p>\n<p>Struttura cristallina: struttura reticolare cubica solitamente a facce centrate<\/p>\n<h2><span style=\"font-size: 14pt;\">Applicazioni<\/span><\/h2>\n<p>Elettronica: il bersaglio sputtering in lega di cromo nichel-alluminio pu\u00f2 essere utilizzato per produrre strati conduttivi, film resistivi e film sensibili agli estensimetri per dispositivi elettronici, fornendo una trasmissione di corrente stabile e buone prestazioni di gestione termica.<\/p>\n<p>Campo ottico: in grado di preparare film sottili con un alto indice di rifrazione e una buona trasparenza ottica, che possono essere utilizzati nella produzione di lenti ottiche, materiali per finestre, rivestimenti antiriflesso e vetri a bassa emissione, ecc. e contribuiscono a migliorare la trasmissione della luce e la qualit\u00e0 dell&#8217;immagine.<\/p>\n<p>Campo dei semiconduttori: nella produzione di wafer di chip semiconduttori e nel processo di imballaggio dei chip, pu\u00f2 essere utilizzato per la produzione di strato conduttivo di wafer, strato barriera e cancello metallico, ecc., Per migliorare le prestazioni e la stabilit\u00e0 del chip svolge un ruolo importante.<\/p>\n<p>Campo energetico: nelle celle solari fotovoltaiche, pu\u00f2 essere utilizzato per preparare l&#8217;elettrodo, lo strato riflettente e lo strato barriera, ecc., Il che aiuta a migliorare l&#8217;efficienza di conversione fotoelettrica e la stabilit\u00e0 della batteria; Nelle batterie di nuova energia, pu\u00f2 essere utilizzato per preparare il collettore della batteria, la pellicola protettiva, ecc., che migliora le prestazioni e la sicurezza della batteria.<\/p>\n<p>Campo medico: grazie alla sua buona biocompatibilit\u00e0 e resistenza alla corrosione, il bersaglio sputtering in lega di cromo nichel-alluminio pu\u00f2 essere utilizzato nella produzione di dispositivi medici impiantabili e materiali medici, come articolazioni artificiali dell&#8217;anca, respiratori artificiali, ecc., Per garantire la sicurezza e l&#8217;affidabilit\u00e0 dei dispositivi medici.<\/p>\n<h2><span style=\"font-size: 14pt;\">Controllo qualit\u00e0<\/span><\/h2>\n<p><span style=\"color: #0000ff;\"><a style=\"color: #0000ff;\" href=\"https:\/\/vimaterial.de\/en\/quality-control\/\">VI HALBLEITERMATERIAL GmbH<\/a> <\/span>si impegna a garantire un elevato controllo della qualit\u00e0 e la coerenza dei lotti a sostegno degli obiettivi generali del REACH attraverso l&#8217;adozione di un rigoroso sistema di garanzia della qualit\u00e0, un rigoroso controllo di qualit\u00e0 in tutte le fasi della catena di produzione, l&#8217;adesione al principio della rilavorazione e del rifacimento dei prodotti difettosi, il collaudo e il rilascio dei lotti in conformit\u00e0 con specifiche dettagliate,  rispetto degli standard pi\u00f9 elevati in tutti i settori, gestione dei problemi in conformit\u00e0 con la direttiva 8D conformit\u00e0 al regolamento REACH e alle relative norme.<\/p>\n<p>Ci impegniamo a raggiungere un elevato controllo di qualit\u00e0 e coerenza dei lotti a sostegno degli obiettivi generali del REACH, nonch\u00e9 a mantenere la documentazione e la tracciabilit\u00e0 dei lotti per creare una catena di approvvigionamento socialmente responsabile che garantisca la consegna di prodotti e servizi di alta qualit\u00e0.<\/p>\n<h2><span style=\"font-size: 14pt;\">Imballaggio e stoccaggio<\/span><\/h2>\n<p>I bersagli sputtering in lega di cromo nichel-alluminio sono confezionati in doppi sacchetti sottovuoto e poi inscatolati in cartoni.<\/p>\n<p>I bersagli sputtering in lega di cromo nichel-alluminio devono essere conservati in un ambiente asciutto e ben ventilato con temperatura e umidit\u00e0 relativamente stabili per evitare umidit\u00e0, ossidazione e danni meccanici e lontano da sostanze corrosive e forti campi magnetici.<\/p>\n","protected":false},"excerpt":{"rendered":"<p>Il bersaglio sputtering in lega di cromo nichel alluminio \u00e8 un tipo di bersaglio sputtering in lega composto da cromo, nichel e alluminio, che ha le caratteristiche di elevata purezza, alta densit\u00e0, buona conduttivit\u00e0 elettrica e stabilit\u00e0 termica e ha una vasta gamma di applicazioni nei settori dell&#8217;elettronica, dell&#8217;ottica, della resistenza all&#8217;usura e alla corrosione e cos\u00ec via.<\/p>\n","protected":false},"featured_media":1001452,"comment_status":"open","ping_status":"closed","template":"","meta":{"_acf_changed":false},"product_brand":[],"product_cat":[197],"product_tag":[],"class_list":{"0":"post-1013937","1":"product","2":"type-product","3":"status-publish","4":"has-post-thumbnail","6":"product_cat-obiettivi-di-sputtering-planari","8":"first","9":"instock","10":"shipping-taxable","11":"product-type-variable"},"acf":[],"_links":{"self":[{"href":"https:\/\/vimaterial.de\/it\/wp-json\/wp\/v2\/product\/1013937","targetHints":{"allow":["GET"]}}],"collection":[{"href":"https:\/\/vimaterial.de\/it\/wp-json\/wp\/v2\/product"}],"about":[{"href":"https:\/\/vimaterial.de\/it\/wp-json\/wp\/v2\/types\/product"}],"replies":[{"embeddable":true,"href":"https:\/\/vimaterial.de\/it\/wp-json\/wp\/v2\/comments?post=1013937"}],"wp:featuredmedia":[{"embeddable":true,"href":"https:\/\/vimaterial.de\/it\/wp-json\/wp\/v2\/media\/1001452"}],"wp:attachment":[{"href":"https:\/\/vimaterial.de\/it\/wp-json\/wp\/v2\/media?parent=1013937"}],"wp:term":[{"taxonomy":"product_brand","embeddable":true,"href":"https:\/\/vimaterial.de\/it\/wp-json\/wp\/v2\/product_brand?post=1013937"},{"taxonomy":"product_cat","embeddable":true,"href":"https:\/\/vimaterial.de\/it\/wp-json\/wp\/v2\/product_cat?post=1013937"},{"taxonomy":"product_tag","embeddable":true,"href":"https:\/\/vimaterial.de\/it\/wp-json\/wp\/v2\/product_tag?post=1013937"}],"curies":[{"name":"wp","href":"https:\/\/api.w.org\/{rel}","templated":true}]}}