{"id":1013935,"date":"2024-06-17T14:36:22","date_gmt":"2024-06-17T06:36:22","guid":{"rendered":"https:\/\/vimaterial.de\/product\/lega-di-nichel-e-cromo\/"},"modified":"2025-04-17T14:02:55","modified_gmt":"2025-04-17T06:02:55","slug":"lega-di-nichel-e-cromo","status":"publish","type":"product","link":"https:\/\/vimaterial.de\/it\/product\/lega-di-nichel-e-cromo\/","title":{"rendered":"Lega di cromo nichel"},"content":{"rendered":"<p>Il bersaglio sputtering in lega di nichel cromo \u00e8 un tipo di bersaglio sputtering magnetron composto da cromo e nichel con le caratteristiche di elevata purezza, densit\u00e0 moderata e alto punto di fusione, ampiamente utilizzato nei settori dell&#8217;elettronica, dell&#8217;ottica, della resistenza all&#8217;abrasione e alla corrosione e del trattamento medico.<\/p>\n<p>VIMATERIAL fornisce bersagli sputtering in lega di cromo nichel, il nostro target sputtering in lega di cromo nichel ha le caratteristiche di elevata purezza, alta densit\u00e0, granulometria fine e uniforme, ecc. Siamo in grado di fornire un servizio di rilegatura dell&#8217;obiettivo. Abbiamo un team di ricerca e sviluppo tecnologico professionale, accettiamo qualsiasi personalizzazione del prodotto e sperimentiamo, se ne hai bisogno <span style=\"color: #0000ff;\"><a style=\"color: #0000ff;\" href=\"https:\/\/vimaterial.de\/en\/contact-us\/\">contattaci<\/a><\/span>.  <\/p>\n<h2><span style=\"font-size: 14pt;\">Propriet\u00e0 fisiche<\/span><\/h2>\n<p>Formula molecolare: CrNi<\/p>\n<p>Peso molecolare: circa 110,69<\/p>\n<p>Aspetto: Bersaglio solitamente color argento<\/p>\n<p>Densit\u00e0: circa 8,40 g\/mL<\/p>\n<p>Punto di fusione: circa 1450\u00b0C <\/p>\n<p>Struttura cristallina: Struttura cristallina cubica a facce centrate. In questa struttura, gli atomi di cromo e nichel sono strettamente disposti nel reticolo cristallino per formare una struttura periodica tridimensionale ordinata con elevata simmetria e stabilit\u00e0, consentendo al bersaglio di fornire una fornitura stabile di atomi per la deposizione di film sottile durante il processo di sputtering <\/p>\n<h2><span style=\"font-size: 14pt;\">Applicazioni<\/span><\/h2>\n<p>Elettronica: i bersagli sputtering CrNi sono utilizzati nella produzione di chip semiconduttori per formare strati resistivi ad alta precisione, che regolano con precisione la corrente per i circuiti all&#8217;interno del chip e garantiscono un funzionamento stabile.<\/p>\n<p>Tecnologia di visualizzazione: nella produzione di display a cristalli liquidi, le pellicole di elettrodi con una buona conduttivit\u00e0 e stabilit\u00e0 vengono preparate attraverso il processo di sputtering per migliorare la risposta al tocco dello schermo e la chiarezza del display.<\/p>\n<p>Strumenti ottici: per telescopi, microscopi e altri rivestimenti di lenti ottiche, riducono la riflessione superficiale, migliorano la trasmissione della luce, aiutano a ottenere un&#8217;immagine ottica pi\u00f9 chiara e accurata.<\/p>\n<p>Produzione automobilistica: rivestimento di deposizione sputtering su pistoni, valvole e altre parti dei motori automobilistici per migliorare la resistenza all&#8217;usura, ridurre la perdita per attrito e migliorare le prestazioni complessive e l&#8217;affidabilit\u00e0 del motore.<\/p>\n<h2><span style=\"font-size: 14pt;\">Controllo qualit\u00e0<\/span><\/h2>\n<p><span style=\"color: #0000ff;\"><a style=\"color: #0000ff;\" href=\"https:\/\/vimaterial.de\/en\/quality-control\/\">VI HALBLEITERMATERIAL GmbH<\/a> <\/span>si impegna a garantire un elevato controllo della qualit\u00e0 e la coerenza dei lotti a sostegno degli obiettivi generali del REACH attraverso l&#8217;adozione di un rigoroso sistema di garanzia della qualit\u00e0, un rigoroso controllo di qualit\u00e0 in tutte le fasi della catena di produzione, l&#8217;adesione al principio della rilavorazione e del rifacimento dei prodotti difettosi, il collaudo e il rilascio dei lotti in conformit\u00e0 con specifiche dettagliate,  rispetto degli standard pi\u00f9 elevati in tutti i settori, gestione dei problemi in conformit\u00e0 con la direttiva 8D conformit\u00e0 al regolamento REACH e alle relative norme.<\/p>\n<p>Ci impegniamo a raggiungere un elevato controllo di qualit\u00e0 e coerenza dei lotti a sostegno degli obiettivi generali del REACH, nonch\u00e9 a mantenere la documentazione e la tracciabilit\u00e0 dei lotti per creare una catena di approvvigionamento socialmente responsabile che garantisca la consegna di prodotti e servizi di alta qualit\u00e0.<\/p>\n<h2><span style=\"font-size: 14pt;\">Imballaggio e stoccaggio<\/span><\/h2>\n<p>I bersagli sputtering in lega di cromo nichel sono confezionati in doppi sacchetti sottovuoto e quindi inscatolati e la scatola esterna \u00e8 confezionata in cartoni.<\/p>\n<p>I bersagli sputtering in lega di cromo nichel devono essere conservati in un ambiente asciutto, fresco e ben ventilato senza gas corrosivi, evitando umidit\u00e0, polvere e sostanze corrosive e prevenendo collisioni violente, estrusione o attrito, e preferibilmente in confezioni sigillate su appositi rack di stoccaggio.<\/p>\n","protected":false},"excerpt":{"rendered":"<p>Il bersaglio sputtering in lega di nichel cromo \u00e8 un tipo di bersaglio sputtering magnetron composto da cromo e nichel con le caratteristiche di elevata purezza, densit\u00e0 moderata e alto punto di fusione, ampiamente utilizzato nei settori dell&#8217;elettronica, dell&#8217;ottica, della resistenza all&#8217;abrasione e alla corrosione e del trattamento medico.<\/p>\n","protected":false},"featured_media":1001445,"comment_status":"open","ping_status":"closed","template":"","meta":{"_acf_changed":false},"product_brand":[],"product_cat":[197],"product_tag":[],"class_list":{"0":"post-1013935","1":"product","2":"type-product","3":"status-publish","4":"has-post-thumbnail","6":"product_cat-obiettivi-di-sputtering-planari","8":"first","9":"instock","10":"shipping-taxable","11":"product-type-variable"},"acf":[],"_links":{"self":[{"href":"https:\/\/vimaterial.de\/it\/wp-json\/wp\/v2\/product\/1013935","targetHints":{"allow":["GET"]}}],"collection":[{"href":"https:\/\/vimaterial.de\/it\/wp-json\/wp\/v2\/product"}],"about":[{"href":"https:\/\/vimaterial.de\/it\/wp-json\/wp\/v2\/types\/product"}],"replies":[{"embeddable":true,"href":"https:\/\/vimaterial.de\/it\/wp-json\/wp\/v2\/comments?post=1013935"}],"wp:featuredmedia":[{"embeddable":true,"href":"https:\/\/vimaterial.de\/it\/wp-json\/wp\/v2\/media\/1001445"}],"wp:attachment":[{"href":"https:\/\/vimaterial.de\/it\/wp-json\/wp\/v2\/media?parent=1013935"}],"wp:term":[{"taxonomy":"product_brand","embeddable":true,"href":"https:\/\/vimaterial.de\/it\/wp-json\/wp\/v2\/product_brand?post=1013935"},{"taxonomy":"product_cat","embeddable":true,"href":"https:\/\/vimaterial.de\/it\/wp-json\/wp\/v2\/product_cat?post=1013935"},{"taxonomy":"product_tag","embeddable":true,"href":"https:\/\/vimaterial.de\/it\/wp-json\/wp\/v2\/product_tag?post=1013935"}],"curies":[{"name":"wp","href":"https:\/\/api.w.org\/{rel}","templated":true}]}}