{"id":1013915,"date":"2024-06-17T14:36:23","date_gmt":"2024-06-17T06:36:23","guid":{"rendered":"https:\/\/vimaterial.de\/product\/siliciuro-di-cromo-3\/"},"modified":"2025-04-17T13:56:40","modified_gmt":"2025-04-17T05:56:40","slug":"siliciuro-di-cromo-3","status":"publish","type":"product","link":"https:\/\/vimaterial.de\/it\/product\/siliciuro-di-cromo-3\/","title":{"rendered":"Siliciuro di cromo"},"content":{"rendered":"<p>I granuli di <span style=\"color: #0000ff;\"><a style=\"color: #0000ff;\" href=\"https:\/\/vimaterial.de\/en\/product\/chromium-silicide-sputtering-target\/\">siliciuro di cromo<\/a><\/span> sono sostanze granulari fini composte dagli elementi silicio e cromo, di cui il siliciuro di cromo di solito ha un alto punto di fusione, una buona stabilit\u00e0 termica e una certa stabilit\u00e0 chimica, questi granuli possono essere utilizzati nel campo della scienza dei materiali, dell&#8217;industria elettronica e di altri campi per materiali ad alta temperatura, dispositivi a semiconduttore e altre applicazioni correlate.<\/p>\n<p>VIMATERIAL fornisce granuli di cromo siliciuro. I nostri granuli hanno le caratteristiche distintive di purezza ultra elevata, uniformit\u00e0 e granulometria fine e mostrano un&#8217;eccellente stabilit\u00e0 in ambienti ad alta temperatura. Ci dedichiamo da molti anni alla ricerca di materie prime chimiche inorganiche, abbiamo un team di professionisti con una ricca esperienza, accettiamo personalizzazioni ed esperimenti, vi preghiamo di <span style=\"color: #0000ff;\"><a style=\"color: #0000ff;\" href=\"https:\/\/vimaterial.de\/en\/contact-us\/\">contattarci<\/a><\/span> se necessario.  <\/p>\n<h2><span style=\"font-size: 14pt;\">Propriet\u00e0 fisiche<\/span><\/h2>\n<p>Formula molecolare: CrSi\u2082<\/p>\n<p>Peso molecolare: 108,16<\/p>\n<p>Aspetto: granuli grigi<\/p>\n<p>Densit\u00e0: La densit\u00e0 relativa \u00e8 di circa 5,5<\/p>\n<p>Punto di fusione: circa 1475\u00b0C<\/p>\n<h2><span style=\"font-size: 14pt;\">Applicazione<\/span><\/h2>\n<p>Elettronica: i granuli di siliciuro di cromo sono utilizzati nella produzione di chip semiconduttori per migliorare la conduttivit\u00e0 e la stabilit\u00e0 dei componenti elettronici.<\/p>\n<p>Industria metallurgica: come additivo per leghe, ottimizza le prestazioni ad alta temperatura dell&#8217;acciaio e di altri metalli, migliora la resistenza e la resistenza all&#8217;usura.<\/p>\n<p>Industria aerospaziale: viene utilizzato per costruire componenti di motori, facendo affidamento su un&#8217;elevata resistenza al calore per garantire il funzionamento sicuro degli aeromobili a temperature estreme.<\/p>\n<p>Industria ceramica: aggiunto ai grezzi in ceramica per migliorarne la durezza e la tenacit\u00e0, realizzato con utensili da taglio di alta qualit\u00e0, rivestimento resistente all&#8217;usura.<\/p>\n<p>Nuova energia: integrata nell&#8217;energia solare, nelle celle a combustibile, come elettrodi o portatori di catalizzatori, per contribuire a migliorare l&#8217;efficienza della conversione dell&#8217;energia.<\/p>\n<h2><span style=\"font-size: 14pt;\">Controllo qualit\u00e0<\/span><\/h2>\n<p><span style=\"color: #0000ff;\"><a style=\"color: #0000ff;\" href=\"https:\/\/vimaterial.de\/en\/quality-control\/\">Ogni lotto<\/a> <\/span>di prodotti segue rigorosi principi di controllo della qualit\u00e0, a tutto tondo per garantire che ogni lotto di materiali dall&#8217;approvvigionamento delle materie prime, alla lavorazione, ai prodotti finiti fuori dal magazzino abbia strumenti avanzati, rigorosi standard di ispezione, registri di ispezione perfetti per garantire il controllo della qualit\u00e0 del prodotto e la tracciabilit\u00e0 del prodotto, ogni lotto di prodotti \u00e8 accompagnato da MSDS, COA,  Rapporti TDS, PSD, XRD, ecc., ogni lotto di prodotti verr\u00e0 consegnato al cliente per fornire campioni, supportando anche il cliente per richiedere organizzazioni di ispezione di terze parti. Forniremo campioni ai clienti per ogni lotto di prodotti e supporteremo anche i clienti per richiedere alle organizzazioni di ispezione di terze parti di ispezionare i prodotti. <\/p>\n<h2><span style=\"font-size: 14pt;\">Imballaggio e stoccaggio<\/span><\/h2>\n<p>I granuli di siliciuro di cromo sono confezionati in sacchetti sottovuoto a doppio strato o flaconi sottovuoto a doppio strato e quindi confezionati in cartoni.<\/p>\n<p>I granuli di siliciuro di cromo devono essere conservati in un ambiente asciutto e ben ventilato per evitare umidit\u00e0, ossidazione, lontano dal fuoco, da acidi, alcali e altre sostanze corrosive e in conformit\u00e0 con le disposizioni dell&#8217;imballaggio e dello stoccaggio per garantire che le sue propriet\u00e0 fisiche e chimiche non vengano danneggiate.<\/p>\n","protected":false},"excerpt":{"rendered":"<p>I granuli di siliciuro di cromo sono sostanze granulari fini composte dagli elementi silicio e cromo, di cui il siliciuro di cromo di solito ha un alto punto di fusione, una buona stabilit\u00e0 termica e una certa stabilit\u00e0 chimica, questi granuli possono essere utilizzati nel campo della scienza dei materiali, dell&#8217;industria elettronica e di altri campi per materiali ad alta temperatura, dispositivi a semiconduttore e altre applicazioni correlate.<\/p>\n","protected":false},"featured_media":1001461,"comment_status":"open","ping_status":"closed","template":"","meta":{"_acf_changed":false},"product_brand":[],"product_cat":[198],"product_tag":[],"class_list":{"0":"post-1013915","1":"product","2":"type-product","3":"status-publish","4":"has-post-thumbnail","6":"product_cat-materiali-per-levaporazione","8":"first","9":"instock","10":"shipping-taxable","11":"product-type-variable"},"acf":[],"_links":{"self":[{"href":"https:\/\/vimaterial.de\/it\/wp-json\/wp\/v2\/product\/1013915","targetHints":{"allow":["GET"]}}],"collection":[{"href":"https:\/\/vimaterial.de\/it\/wp-json\/wp\/v2\/product"}],"about":[{"href":"https:\/\/vimaterial.de\/it\/wp-json\/wp\/v2\/types\/product"}],"replies":[{"embeddable":true,"href":"https:\/\/vimaterial.de\/it\/wp-json\/wp\/v2\/comments?post=1013915"}],"wp:featuredmedia":[{"embeddable":true,"href":"https:\/\/vimaterial.de\/it\/wp-json\/wp\/v2\/media\/1001461"}],"wp:attachment":[{"href":"https:\/\/vimaterial.de\/it\/wp-json\/wp\/v2\/media?parent=1013915"}],"wp:term":[{"taxonomy":"product_brand","embeddable":true,"href":"https:\/\/vimaterial.de\/it\/wp-json\/wp\/v2\/product_brand?post=1013915"},{"taxonomy":"product_cat","embeddable":true,"href":"https:\/\/vimaterial.de\/it\/wp-json\/wp\/v2\/product_cat?post=1013915"},{"taxonomy":"product_tag","embeddable":true,"href":"https:\/\/vimaterial.de\/it\/wp-json\/wp\/v2\/product_tag?post=1013915"}],"curies":[{"name":"wp","href":"https:\/\/api.w.org\/{rel}","templated":true}]}}