{"id":1013890,"date":"2024-06-17T14:36:23","date_gmt":"2024-06-17T06:36:23","guid":{"rendered":"https:\/\/vimaterial.de\/product\/siliciuro-di-cromo\/"},"modified":"2025-04-17T13:55:11","modified_gmt":"2025-04-17T05:55:11","slug":"siliciuro-di-cromo","status":"publish","type":"product","link":"https:\/\/vimaterial.de\/it\/product\/siliciuro-di-cromo\/","title":{"rendered":"Siliciuro di cromo"},"content":{"rendered":"<p><span style=\"color: #0000ff;\"><a style=\"color: #0000ff;\" href=\"https:\/\/vimaterial.de\/en\/product\/chromium-silicide-3\/\">La polvere di siliciuro di cromo<\/a><\/span> ha solitamente un aspetto grigio, con un alto punto di fusione, un&#8217;elevata durezza e una buona stabilit\u00e0 chimica, \u00e8 un importante materiale elettrotermico con potenziali applicazioni in rivestimenti antiossidanti ad alta temperatura, dispositivi a semiconduttore, materiali per imballaggi elettronici e altri campi.<\/p>\n<p>VIMATERIAL fornisce polvere di siliciuro di cromo, la nostra polvere ha un&#8217;elevata purezza, una granulometria uniforme, una buona attivit\u00e0 chimica e un&#8217;elevata stabilit\u00e0. Ci dedichiamo da molti anni alle materie prime metalliche inorganiche, con un team di ricerca e sviluppo tecnologico professionale, accettiamo la personalizzazione del prodotto e gli esperimenti, <span style=\"color: #0000ff;\"><a style=\"color: #0000ff;\" href=\"https:\/\/vimaterial.de\/en\/contact-us\/\">vi preghiamo di contattarci<\/a><\/span> se necessario. <\/p>\n<h2><span style=\"font-size: 14pt;\">Propriet\u00e0 fisiche<\/span><\/h2>\n<p>Formula molecolare: CrSi\u2082<\/p>\n<p>Peso molecolare: 108,167 g\/mol<\/p>\n<p>Aspetto: solitamente polvere grigia<\/p>\n<p>Densit\u00e0: 4,7 g\/cm\u00b3<\/p>\n<p>Punto di fusione: 1490\u00b0C<\/p>\n<h2><span style=\"font-size: 14pt;\">Applicazioni<\/span><\/h2>\n<p>Campo di rivestimento: come materiale di rivestimento antiossidante ad alta temperatura, pu\u00f2 proteggere efficacemente la superficie del metallo o di altri materiali dall&#8217;ossidazione in ambienti ad alta temperatura.<\/p>\n<p>Campo di materiali per riscaldamento elettrico: con la sua buona conduttivit\u00e0 e le caratteristiche di resistenza adeguate, viene trasformato in vari elementi riscaldanti elettrici e utilizzato nelle apparecchiature di riscaldamento.<\/p>\n<p>Campo dei materiali per l&#8217;imballaggio elettronico: aiuta a migliorare la conducibilit\u00e0 termica e le propriet\u00e0 meccaniche dei materiali per l&#8217;imballaggio elettronico e a salvaguardare l&#8217;affidabilit\u00e0 dei dispositivi elettronici.<\/p>\n<p>Campo aerospaziale: grazie al suo alto punto di fusione, resistenza all&#8217;ossidazione e altre propriet\u00e0, pu\u00f2 essere utilizzato nella produzione di componenti aerospaziali per adattarsi ad ambienti estremi.<\/p>\n<h2><span style=\"font-size: 14pt;\">Controllo qualit\u00e0<\/span><\/h2>\n<p><span style=\"color: #0000ff;\"><a style=\"color: #0000ff;\" href=\"https:\/\/vimaterial.de\/en\/quality-control\/\">VI HALBLEITERMATERIAL GmbH<\/a> <\/span>si impegna a garantire un elevato controllo di qualit\u00e0 e la coerenza dei lotti attraverso un rigoroso sistema di garanzia della qualit\u00e0, un rigoroso controllo di qualit\u00e0 in tutte le fasi della catena di produzione, il rispetto del principio di rilavorazione e rifacimento dei prodotti difettosi, il collaudo e il rilascio dei lotti in conformit\u00e0 con specifiche dettagliate, il rispetto degli standard pi\u00f9 elevati sotto tutti gli aspetti,  documentazione e tracciabilit\u00e0 dei lotti per garantire la fornitura di prodotti e servizi di alta qualit\u00e0.<\/p>\n<h2><span style=\"font-size: 14pt;\">Imballaggio e stoccaggio<\/span><\/h2>\n<p>La polvere di siliciuro di cromo \u00e8 confezionata in sacchetti a doppio vuoto o in flaconi a doppio vuoto con imballaggio esterno in cartone.<\/p>\n<p>Le polveri di siliciuro di cromo devono essere conservate in un ambiente asciutto, fresco e ben ventilato, sigillato e protetto dall&#8217;umidit\u00e0 e dal contatto con agenti ossidanti forti, acidi forti e altre sostanze in cui possono verificarsi reazioni chimiche per prevenire cambiamenti chimici e deterioramento.<\/p>\n","protected":false},"excerpt":{"rendered":"<p><span style=\"color: #0000ff;\"><a style=\"color: #0000ff;\" href=\"https:\/\/vimaterial.de\/en\/product\/chromium-silicide-3\/\">La polvere di siliciuro di cromo<\/a><\/span> ha solitamente un aspetto grigio, con un alto punto di fusione, un&#8217;elevata durezza e una buona stabilit\u00e0 chimica, \u00e8 un importante materiale elettrotermico con potenziali applicazioni in rivestimenti antiossidanti ad alta temperatura, dispositivi a semiconduttore, materiali per imballaggi elettronici e altri campi.<\/p>\n","protected":false},"featured_media":1001468,"comment_status":"open","ping_status":"closed","template":"","meta":{"_acf_changed":false},"product_brand":[],"product_cat":[202],"product_tag":[],"class_list":{"0":"post-1013890","1":"product","2":"type-product","3":"status-publish","4":"has-post-thumbnail","6":"product_cat-materiali-c-n-b-si","8":"first","9":"instock","10":"shipping-taxable","11":"purchasable","12":"product-type-variable"},"acf":[],"_links":{"self":[{"href":"https:\/\/vimaterial.de\/it\/wp-json\/wp\/v2\/product\/1013890","targetHints":{"allow":["GET"]}}],"collection":[{"href":"https:\/\/vimaterial.de\/it\/wp-json\/wp\/v2\/product"}],"about":[{"href":"https:\/\/vimaterial.de\/it\/wp-json\/wp\/v2\/types\/product"}],"replies":[{"embeddable":true,"href":"https:\/\/vimaterial.de\/it\/wp-json\/wp\/v2\/comments?post=1013890"}],"wp:featuredmedia":[{"embeddable":true,"href":"https:\/\/vimaterial.de\/it\/wp-json\/wp\/v2\/media\/1001468"}],"wp:attachment":[{"href":"https:\/\/vimaterial.de\/it\/wp-json\/wp\/v2\/media?parent=1013890"}],"wp:term":[{"taxonomy":"product_brand","embeddable":true,"href":"https:\/\/vimaterial.de\/it\/wp-json\/wp\/v2\/product_brand?post=1013890"},{"taxonomy":"product_cat","embeddable":true,"href":"https:\/\/vimaterial.de\/it\/wp-json\/wp\/v2\/product_cat?post=1013890"},{"taxonomy":"product_tag","embeddable":true,"href":"https:\/\/vimaterial.de\/it\/wp-json\/wp\/v2\/product_tag?post=1013890"}],"curies":[{"name":"wp","href":"https:\/\/api.w.org\/{rel}","templated":true}]}}