{"id":1013880,"date":"2024-06-17T14:36:24","date_gmt":"2024-06-17T06:36:24","guid":{"rendered":"https:\/\/vimaterial.de\/product\/cromo-ittrio\/"},"modified":"2025-04-17T13:50:00","modified_gmt":"2025-04-17T05:50:00","slug":"cromo-ittrio","status":"publish","type":"product","link":"https:\/\/vimaterial.de\/it\/product\/cromo-ittrio\/","title":{"rendered":"Cromo Ittrio"},"content":{"rendered":"<p>L&#8217;obiettivo di sputtering dell&#8217;ittrio di cromo \u00e8 un tipo di bersaglio di sputtering della lega composto da cromo e ittrio, che pu\u00f2 essere utilizzato per depositare il film sottile della lega di cromo-ittrio sul substrato mediante lo sputtering del magnetron e altre tecniche e ha una vasta gamma di applicazioni nel campo dell&#8217;elettronica, dell&#8217;ottica e di altri campi.<\/p>\n<p>VIMATERIAL fornisce bersagli per sputtering di ittrio al cromo. I nostri bersagli sputtering in cromo zirconio sono caratterizzati da elevata purezza, alta densit\u00e0, granulometria fine e uniforme, ecc. Siamo in grado di fornire un servizio di rilegatura dell&#8217;obiettivo. Abbiamo un team di ricerca e sviluppo tecnologico professionale, accettiamo qualsiasi personalizzazione del prodotto e sperimentiamo, se ne hai bisogno <span style=\"color: #0000ff;\"><a style=\"color: #0000ff;\" href=\"https:\/\/vimaterial.de\/en\/contact-us\/\">contattaci<\/a><\/span>.   <\/p>\n<h2><span style=\"font-size: 14pt;\">Propriet\u00e0 fisiche<\/span><\/h2>\n<p>Formula molecolare: CrY<\/p>\n<p>Peso molecolare: circa 140,90<\/p>\n<p>Aspetto: solitamente materiale bersaglio grigio argento<\/p>\n<h2><span style=\"font-size: 14pt;\">Applicazioni<\/span><\/h2>\n<p>Industria dei semiconduttori: i bersagli di sputtering al cromo ittrio sono utilizzati nella produzione di chip semiconduttori, dove il processo di sputtering crea uno strato di interconnessione stabile del metallo, che garantisce una trasmissione ad alta velocit\u00e0 dei segnali all&#8217;interno del chip.<\/p>\n<p>Display a schermo piatto: nella produzione di display a cristalli liquidi (LCD) e display a diodi organici a emissione di luce (OLED), il target pu\u00f2 essere spruzzato per formare elettrodi conduttivi trasparenti, consentendo un controllo touch preciso e display chiari.<\/p>\n<p>Strumenti ottici: rivestimento per lenti ottiche ad alta precisione, utilizzando la tecnologia sputtering per effettuare la deposizione atomica target, riducendo efficacemente la luce riflessa sulla superficie della lente e migliorando la trasmissione della luce per migliorare la qualit\u00e0 dell&#8217;imaging.<\/p>\n<p>Solare fotovoltaico: Coinvolto nella produzione di celle solari a film sottile, sputtered per formare strati ed elettrodi che assorbono energia, che convertono in modo efficiente la luce solare in elettricit\u00e0, promuovendo lo sviluppo di energia pulita.<\/p>\n<p>Rivestimento decorativo: nei prodotti decorativi di fascia alta, lo sputtering viene utilizzato per formare film metallici dai colori vivaci, resistenti all&#8217;abrasione e alla corrosione, migliorando significativamente l&#8217;aspetto dei prodotti decorativi.<\/p>\n<h2><span style=\"font-size: 14pt;\">Controllo qualit\u00e0<\/span><\/h2>\n<p><span style=\"color: #0000ff;\"><a style=\"color: #0000ff;\" href=\"https:\/\/vimaterial.de\/en\/quality-control\/\">VI HALBLEITERMATERIAL GmbH<\/a><\/span> si impegna a garantire un elevato controllo della qualit\u00e0 e la coerenza dei lotti a sostegno degli obiettivi generali del REACH attraverso l&#8217;adozione di un rigoroso sistema di garanzia della qualit\u00e0, un rigoroso controllo di qualit\u00e0 in tutte le fasi della catena di produzione, l&#8217;adesione al principio della rilavorazione e del rifacimento dei prodotti difettosi, il collaudo e il rilascio dei lotti in conformit\u00e0 con specifiche dettagliate,  rispetto degli standard pi\u00f9 elevati in tutti i settori, gestione dei problemi in conformit\u00e0 con la direttiva 8D conformit\u00e0 al regolamento REACH e alle relative norme.<\/p>\n<p>Ci impegniamo a raggiungere un elevato controllo di qualit\u00e0 e coerenza dei lotti a sostegno degli obiettivi generali del REACH, nonch\u00e9 a mantenere la documentazione e la tracciabilit\u00e0 dei lotti per creare una catena di approvvigionamento socialmente responsabile che garantisca la consegna di prodotti e servizi di alta qualit\u00e0.<\/p>\n<h2><span style=\"font-size: 14pt;\">Imballaggio e stoccaggio<\/span><\/h2>\n<p>I bersagli per polverizzazione catodica di ittrio al cromo sono confezionati in doppi sacchetti sottovuoto e poi inscatolati in cartoni.<\/p>\n<p>I bersagli per polverizzazione catodica di ittrio al cromo devono essere conservati in un ambiente asciutto, fresco e non corrosivo, dove sono posizionati in modo sicuro e protetti da urti e umidit\u00e0.<\/p>\n","protected":false},"excerpt":{"rendered":"<p>L&#8217;obiettivo di sputtering dell&#8217;ittrio di cromo \u00e8 un tipo di bersaglio di sputtering della lega composto da cromo e ittrio, che pu\u00f2 essere utilizzato per depositare il film sottile della lega di cromo-ittrio sul substrato mediante lo sputtering del magnetron e altre tecniche e ha una vasta gamma di applicazioni nel campo dell&#8217;elettronica, dell&#8217;ottica e di altri campi.<\/p>\n","protected":false},"featured_media":1001492,"comment_status":"open","ping_status":"closed","template":"","meta":{"_acf_changed":false},"product_brand":[],"product_cat":[197],"product_tag":[],"class_list":{"0":"post-1013880","1":"product","2":"type-product","3":"status-publish","4":"has-post-thumbnail","6":"product_cat-obiettivi-di-sputtering-planari","8":"first","9":"instock","10":"shipping-taxable","11":"product-type-variable"},"acf":[],"_links":{"self":[{"href":"https:\/\/vimaterial.de\/it\/wp-json\/wp\/v2\/product\/1013880","targetHints":{"allow":["GET"]}}],"collection":[{"href":"https:\/\/vimaterial.de\/it\/wp-json\/wp\/v2\/product"}],"about":[{"href":"https:\/\/vimaterial.de\/it\/wp-json\/wp\/v2\/types\/product"}],"replies":[{"embeddable":true,"href":"https:\/\/vimaterial.de\/it\/wp-json\/wp\/v2\/comments?post=1013880"}],"wp:featuredmedia":[{"embeddable":true,"href":"https:\/\/vimaterial.de\/it\/wp-json\/wp\/v2\/media\/1001492"}],"wp:attachment":[{"href":"https:\/\/vimaterial.de\/it\/wp-json\/wp\/v2\/media?parent=1013880"}],"wp:term":[{"taxonomy":"product_brand","embeddable":true,"href":"https:\/\/vimaterial.de\/it\/wp-json\/wp\/v2\/product_brand?post=1013880"},{"taxonomy":"product_cat","embeddable":true,"href":"https:\/\/vimaterial.de\/it\/wp-json\/wp\/v2\/product_cat?post=1013880"},{"taxonomy":"product_tag","embeddable":true,"href":"https:\/\/vimaterial.de\/it\/wp-json\/wp\/v2\/product_tag?post=1013880"}],"curies":[{"name":"wp","href":"https:\/\/api.w.org\/{rel}","templated":true}]}}