{"id":1013873,"date":"2024-06-17T14:36:24","date_gmt":"2024-06-17T06:36:24","guid":{"rendered":"https:\/\/vimaterial.de\/product\/lega-di-cromo-e-vanadio\/"},"modified":"2025-04-17T13:51:54","modified_gmt":"2025-04-17T05:51:54","slug":"lega-di-cromo-e-vanadio","status":"publish","type":"product","link":"https:\/\/vimaterial.de\/it\/product\/lega-di-cromo-e-vanadio\/","title":{"rendered":"Lega di alluminio al cromo silicio"},"content":{"rendered":"<p>Il bersaglio sputtering in lega di alluminio Chromium Silicion \u00e8 un bersaglio sputtering in lega composto da tre elementi: cromo, silicio e alluminio. Ha un&#8217;elevata purezza, buone prestazioni di sputtering e pu\u00f2 formare un film sottile di alta qualit\u00e0, ampiamente utilizzato nel campo dell&#8217;elettronica e dell&#8217;ottica. <\/p>\n<p>VIMATERIAL fornisce bersagli sputtering in lega di alluminio e cromo silicio. I nostri bersagli sputtering in cromo zirconio sono caratterizzati da elevata purezza, composizione omogenea, buone prestazioni di sputtering, formazione di film sottili di alta qualit\u00e0, forte adesione, elevata durezza, buona conduttivit\u00e0 elettrica e resistenza alla corrosione ed elevata stabilit\u00e0. Siamo in grado di fornire un servizio di rilegatura dell&#8217;obiettivo. Abbiamo un team di ricerca e sviluppo tecnologico professionale, accettiamo qualsiasi personalizzazione del prodotto e sperimentiamo, se ne hai bisogno <span style=\"color: #0000ff;\"><a style=\"color: #0000ff;\" href=\"https:\/\/vimaterial.de\/en\/contact-us\/\">contattaci<\/a><\/span>.   <\/p>\n<h2><span style=\"font-size: 14pt;\">Propriet\u00e0 fisiche<\/span><\/h2>\n<p>Formula molecolare: CrSiAl<\/p>\n<p>Aspetto: materiale bersaglio lucido metallico grigio argento.<\/p>\n<p>Densit\u00e0: generalmente intorno ai 5-7 g\/cm\u00b3.<\/p>\n<p>Struttura cristallina: cubica a facce centrate (FCC) e cubiche a corpo centrato (BCC).<\/p>\n<h2><span style=\"font-size: 14pt;\">Applicazioni<\/span><\/h2>\n<p>Elettronica: I bersagli sputtering in lega di alluminio al cromo silicio vengono utilizzati nella produzione di componenti elettronici per depositare film sottili con una buona conduttivit\u00e0 elettrica e stabilit\u00e0 termica sulle superfici dei dispositivi a semiconduttore per migliorare le prestazioni e l&#8217;affidabilit\u00e0 dei dispositivi.<\/p>\n<p>Campo ottico: nella produzione di strumenti ottici, il film sottile depositato dal bersaglio sputtering pu\u00f2 regolare efficacemente la riflettivit\u00e0 e la trasmittanza della lente, migliorando cos\u00ec la qualit\u00e0 dell&#8217;imaging del sistema ottico.<\/p>\n<p>Produzione automobilistica: utilizzato nel rivestimento di parti automobilistiche, come parti del motore e superficie del sensore per formare film resistenti alle alte temperature e alla corrosione, per migliorare la durata e la stabilit\u00e0 delle parti automobilistiche.<\/p>\n<p>Aerospaziale: la deposizione di film sottili su parti di apparecchiature aerospaziali pu\u00f2 fornire una buona resistenza all&#8217;ossidazione ad alta temperatura e alle radiazioni spaziali, garantendo il normale funzionamento degli aeromobili in ambienti estremi.<\/p>\n<p>Energia: nella preparazione delle celle solari e dei materiali degli elettrodi delle batterie, i film sottili depositati dal bersaglio sputtering in lega di alluminio silicio di cromo possono migliorare la conduttivit\u00e0 e l&#8217;efficienza di conversione fotoelettrica delle batterie, ottimizzando l&#8217;uso dell&#8217;energia.<\/p>\n<p>Campo di trattamento superficiale dei materiali: il deposito di film sottili sulla superficie di vari materiali conferisce ai materiali propriet\u00e0 resistenti all&#8217;usura, alla corrosione, all&#8217;ossidazione e ad altre propriet\u00e0, ampliando l&#8217;ambito di utilizzo dei materiali.<\/p>\n<h2><span style=\"font-size: 14pt;\">Controllo qualit\u00e0<\/span><\/h2>\n<p><span style=\"color: #0000ff;\"><a style=\"color: #0000ff;\" href=\"https:\/\/vimaterial.de\/en\/quality-control\/\">VI HALBLEITERMATERIAL GmbH<\/a><\/span> si impegna a garantire un elevato controllo della qualit\u00e0 e la coerenza dei lotti a sostegno degli obiettivi generali del REACH attraverso l&#8217;adozione di un rigoroso sistema di garanzia della qualit\u00e0, un rigoroso controllo di qualit\u00e0 in tutte le fasi della catena di produzione, l&#8217;adesione al principio della rilavorazione e del rifacimento dei prodotti difettosi, il collaudo e il rilascio dei lotti in conformit\u00e0 con specifiche dettagliate,  rispetto degli standard pi\u00f9 elevati in tutti i settori, gestione dei problemi in conformit\u00e0 con la direttiva 8D conformit\u00e0 al regolamento REACH e alle relative norme.<\/p>\n<p>Ci impegniamo a raggiungere un elevato controllo di qualit\u00e0 e coerenza dei lotti a sostegno degli obiettivi generali del REACH, nonch\u00e9 a mantenere la documentazione e la tracciabilit\u00e0 dei lotti per creare una catena di approvvigionamento socialmente responsabile che garantisca la consegna di prodotti e servizi di alta qualit\u00e0.<\/p>\n<h2><span style=\"font-size: 14pt;\">Imballaggio e stoccaggio<\/span><\/h2>\n<p>I bersagli sputtering in lega di alluminio Chromium Silicion sono forniti in scatole a doppio sacchetto sottovuoto con una scatola esterna in cartone.<\/p>\n<p>I bersagli sputtering in lega di alluminio Chromium Silicion devono essere conservati in un ambiente asciutto, ben ventilato, stabilizzato alla temperatura e pulito, evitando l&#8217;umidit\u00e0, il contatto con sostanze corrosive e collisioni violente, prevenendo l&#8217;ossidazione e i danni fisici e garantendo che le loro prestazioni di sputtering non siano influenzate.<\/p>\n","protected":false},"excerpt":{"rendered":"<p>Il bersaglio sputtering in lega di alluminio Chromium Silicion \u00e8 un bersaglio sputtering in lega composto da tre elementi: cromo, silicio e alluminio. Ha un&#8217;elevata purezza, buone prestazioni di sputtering e pu\u00f2 formare un film sottile di alta qualit\u00e0, ampiamente utilizzato nel campo dell&#8217;elettronica e dell&#8217;ottica. <\/p>\n","protected":false},"featured_media":1001486,"comment_status":"open","ping_status":"closed","template":"","meta":{"_acf_changed":false},"product_brand":[],"product_cat":[197],"product_tag":[],"class_list":{"0":"post-1013873","1":"product","2":"type-product","3":"status-publish","4":"has-post-thumbnail","6":"product_cat-obiettivi-di-sputtering-planari","8":"first","9":"instock","10":"shipping-taxable","11":"product-type-variable"},"acf":[],"_links":{"self":[{"href":"https:\/\/vimaterial.de\/it\/wp-json\/wp\/v2\/product\/1013873","targetHints":{"allow":["GET"]}}],"collection":[{"href":"https:\/\/vimaterial.de\/it\/wp-json\/wp\/v2\/product"}],"about":[{"href":"https:\/\/vimaterial.de\/it\/wp-json\/wp\/v2\/types\/product"}],"replies":[{"embeddable":true,"href":"https:\/\/vimaterial.de\/it\/wp-json\/wp\/v2\/comments?post=1013873"}],"wp:featuredmedia":[{"embeddable":true,"href":"https:\/\/vimaterial.de\/it\/wp-json\/wp\/v2\/media\/1001486"}],"wp:attachment":[{"href":"https:\/\/vimaterial.de\/it\/wp-json\/wp\/v2\/media?parent=1013873"}],"wp:term":[{"taxonomy":"product_brand","embeddable":true,"href":"https:\/\/vimaterial.de\/it\/wp-json\/wp\/v2\/product_brand?post=1013873"},{"taxonomy":"product_cat","embeddable":true,"href":"https:\/\/vimaterial.de\/it\/wp-json\/wp\/v2\/product_cat?post=1013873"},{"taxonomy":"product_tag","embeddable":true,"href":"https:\/\/vimaterial.de\/it\/wp-json\/wp\/v2\/product_tag?post=1013873"}],"curies":[{"name":"wp","href":"https:\/\/api.w.org\/{rel}","templated":true}]}}