{"id":1013860,"date":"2024-06-17T14:36:25","date_gmt":"2024-06-17T06:36:25","guid":{"rendered":"https:\/\/vimaterial.de\/product\/cromo-zirconio\/"},"modified":"2025-04-17T13:46:36","modified_gmt":"2025-04-17T05:46:36","slug":"cromo-zirconio","status":"publish","type":"product","link":"https:\/\/vimaterial.de\/it\/product\/cromo-zirconio\/","title":{"rendered":"Cromo Zirconio"},"content":{"rendered":"<p>Il bersaglio sputtering al cromo zirconio \u00e8 un bersaglio composito realizzato in cromo e zirconio con buona stabilit\u00e0 termica, resistenza alla corrosione e prestazioni di sputtering, che pu\u00f2 essere utilizzato per depositare film sottili con propriet\u00e0 fisiche e chimiche speciali su una variet\u00e0 di substrati e ha una vasta gamma di applicazioni nei campi dell&#8217;elettronica, dell&#8217;ottica e della modifica superficiale dei materiali.<\/p>\n<p>VIMATERIAL fornisce bersagli per sputtering in cromo zirconio. I nostri bersagli per polverizzazione catodica al cromo zirconio sono caratterizzati da elevata purezza, alte densit\u00e0, grani fini e uniformi, rapporti di composizione precisi, alti tassi di sputtering, buona qualit\u00e0 del film e forte legame con un&#8217;ampia gamma di substrati. Servizio di rilegatura. Abbiamo un team di ricerca e sviluppo tecnologico professionale, accettiamo qualsiasi personalizzazione del prodotto e sperimentiamo, se ne hai bisogno <span style=\"color: #0000ff;\"><a style=\"color: #0000ff;\" href=\"https:\/\/vimaterial.de\/en\/contact-us\/\">contattaci<\/a><\/span>.   <\/p>\n<h2><span style=\"font-size: 14pt;\">Propriet\u00e0 fisiche<\/span><\/h2>\n<p>Formula molecolare: CrZr<\/p>\n<p>Peso molecolare: circa 143,22<\/p>\n<p>Aspetto: di solito materiale bersaglio per lucentezza metallizzata grigio argento<\/p>\n<p>Struttura cristallina: pu\u00f2 avere una struttura cristallina cubica a corpo centrato o una struttura cristallina esagonale densamente disposta simile a quella dei suoi elementi costitutivi, cromo e zirconio, ma la struttura specifica pu\u00f2 variare a seconda delle condizioni di preparazione e della composizione.<\/p>\n<h2><span style=\"font-size: 14pt;\">Applicazioni<\/span><\/h2>\n<p>Elettronica: i bersagli sputtering al cromo zirconio sono utilizzati nella produzione di dispositivi elettronici per depositare film sottili con una buona conduttivit\u00e0 elettrica e resistenza alla corrosione su substrati come i chip per migliorare le prestazioni e la durata dei componenti elettronici.<\/p>\n<p>Campo ottico: nel campo degli strumenti ottici, il bersaglio sputtering pu\u00f2 depositare film sottili per lenti ottiche e specchi, migliorando efficacemente le propriet\u00e0 antiriflesso delle lenti e la riflettivit\u00e0 degli specchi.<\/p>\n<p>Produzione automobilistica: utilizzato per il rivestimento superficiale di parti automobilistiche, come componenti del motore e rivestimenti della carrozzeria, per migliorare la resistenza all&#8217;usura e alla corrosione dei componenti e migliorare la qualit\u00e0 complessiva dell&#8217;auto.<\/p>\n<p>Aerospaziale: nelle apparecchiature aerospaziali, i film sottili possono essere depositati per migliorare la resistenza del materiale alle alte temperature e all&#8217;ossidazione, garantendo l&#8217;affidabilit\u00e0 e la sicurezza degli aeromobili in ambienti estremi.<\/p>\n<p>Energia: film sottili si depositano sulle superfici dei dispositivi energetici, come pannelli solari ed elettrodi della batteria, per migliorare la resistenza agli agenti atmosferici e la conduttivit\u00e0 dei dispositivi, aumentando cos\u00ec l&#8217;efficienza di conversione dell&#8217;energia.<\/p>\n<h2><span style=\"font-size: 14pt;\">Controllo qualit\u00e0<\/span><\/h2>\n<p><a href=\"https:\/\/vimaterial.de\/en\/quality-control\/\"><span style=\"color: #0000ff;\">VI HALBLEITERMATERIAL GmbH <\/span><\/a>si impegna a garantire un elevato controllo della qualit\u00e0 e la coerenza dei lotti a sostegno degli obiettivi generali del REACH attraverso l&#8217;adozione di un rigoroso sistema di garanzia della qualit\u00e0, un rigoroso controllo di qualit\u00e0 in tutte le fasi della catena di produzione, l&#8217;adesione al principio della rilavorazione e del rifacimento dei prodotti difettosi, il collaudo e il rilascio dei lotti in conformit\u00e0 con specifiche dettagliate,  rispetto degli standard pi\u00f9 elevati in tutti i settori, gestione dei problemi in conformit\u00e0 con la direttiva 8D conformit\u00e0 al regolamento REACH e alle relative norme.<\/p>\n<p>Ci impegniamo a raggiungere un elevato controllo di qualit\u00e0 e coerenza dei lotti a sostegno degli obiettivi generali del REACH, nonch\u00e9 a mantenere la documentazione e la tracciabilit\u00e0 dei lotti per creare una catena di approvvigionamento socialmente responsabile che garantisca la consegna di prodotti e servizi di alta qualit\u00e0.<\/p>\n<h2><span style=\"font-size: 14pt;\">Imballaggio e stoccaggio<\/span><\/h2>\n<p>I bersagli sputtering in cromo-zirconio sono forniti in scatole a doppio sacchetto sottovuoto con una scatola esterna in cartone.<\/p>\n<p>I bersagli per polverizzazione catodica al cromo zirconio devono essere conservati in un ambiente asciutto e ben ventilato a una temperatura stabile, evitando l&#8217;umidit\u00e0, il contatto con sostanze corrosive e gli impatti fisici violenti e impedendo che la sua superficie venga ossidata o danneggiata per garantire che le sue prestazioni non ne risentano.<\/p>\n","protected":false},"excerpt":{"rendered":"<p>Il bersaglio sputtering al cromo zirconio \u00e8 un bersaglio composito realizzato in cromo e zirconio con buona stabilit\u00e0 termica, resistenza alla corrosione e prestazioni di sputtering, che pu\u00f2 essere utilizzato per depositare film sottili con propriet\u00e0 fisiche e chimiche speciali su una variet\u00e0 di substrati e ha una vasta gamma di applicazioni nei campi dell&#8217;elettronica, dell&#8217;ottica e della modifica superficiale dei materiali.<\/p>\n","protected":false},"featured_media":1001500,"comment_status":"open","ping_status":"closed","template":"","meta":{"_acf_changed":false},"product_brand":[],"product_cat":[197],"product_tag":[],"class_list":{"0":"post-1013860","1":"product","2":"type-product","3":"status-publish","4":"has-post-thumbnail","6":"product_cat-obiettivi-di-sputtering-planari","8":"first","9":"instock","10":"shipping-taxable","11":"product-type-variable"},"acf":[],"_links":{"self":[{"href":"https:\/\/vimaterial.de\/it\/wp-json\/wp\/v2\/product\/1013860","targetHints":{"allow":["GET"]}}],"collection":[{"href":"https:\/\/vimaterial.de\/it\/wp-json\/wp\/v2\/product"}],"about":[{"href":"https:\/\/vimaterial.de\/it\/wp-json\/wp\/v2\/types\/product"}],"replies":[{"embeddable":true,"href":"https:\/\/vimaterial.de\/it\/wp-json\/wp\/v2\/comments?post=1013860"}],"wp:featuredmedia":[{"embeddable":true,"href":"https:\/\/vimaterial.de\/it\/wp-json\/wp\/v2\/media\/1001500"}],"wp:attachment":[{"href":"https:\/\/vimaterial.de\/it\/wp-json\/wp\/v2\/media?parent=1013860"}],"wp:term":[{"taxonomy":"product_brand","embeddable":true,"href":"https:\/\/vimaterial.de\/it\/wp-json\/wp\/v2\/product_brand?post=1013860"},{"taxonomy":"product_cat","embeddable":true,"href":"https:\/\/vimaterial.de\/it\/wp-json\/wp\/v2\/product_cat?post=1013860"},{"taxonomy":"product_tag","embeddable":true,"href":"https:\/\/vimaterial.de\/it\/wp-json\/wp\/v2\/product_tag?post=1013860"}],"curies":[{"name":"wp","href":"https:\/\/api.w.org\/{rel}","templated":true}]}}