{"id":1013809,"date":"2024-06-17T14:36:27","date_gmt":"2024-06-17T06:36:27","guid":{"rendered":"https:\/\/vimaterial.de\/product\/carburo-di-manganese\/"},"modified":"2025-04-17T13:36:41","modified_gmt":"2025-04-17T05:36:41","slug":"carburo-di-manganese","status":"publish","type":"product","link":"https:\/\/vimaterial.de\/it\/product\/carburo-di-manganese\/","title":{"rendered":"Carburo di manganese"},"content":{"rendered":"<p>La polvere di carburo di manganese \u00e8 una polvere composta contenente manganese e carbonio, che pu\u00f2 essere di aspetto grigio o nero, e ha propriet\u00e0 composte intermetalliche, che possono svolgere un ruolo importante nei campi della metallurgia del ferro e dell&#8217;acciaio, materiali resistenti all&#8217;usura, ecc., Ad esempio, pu\u00f2 essere utilizzata per migliorare le propriet\u00e0 come la resistenza all&#8217;usura e la durezza del ferro e dell&#8217;acciaio.<\/p>\n<p>VIMATERIAL offre carburo di manganese. Le nostre polveri hanno un&#8217;elevata purezza, granulometria uniforme, una buona attivit\u00e0 chimica e un&#8217;elevata stabilit\u00e0. Ci dedichiamo da molti anni alle materie prime metalliche inorganiche, con un team di ricerca e sviluppo tecnologico professionale, accettiamo la personalizzazione del prodotto e gli esperimenti, <span style=\"color: #0000ff;\"><a style=\"color: #0000ff;\" href=\"https:\/\/vimaterial.de\/en\/contact-us\/\">vi preghiamo di contattarci<\/a><\/span> se necessario.  <\/p>\n<h2><span style=\"font-size: 14pt;\">Propriet\u00e0 fisiche<\/span><\/h2>\n<p>Formula molecolare: Mn\u2082\u2083C\u2086<\/p>\n<p>Peso molecolare: circa 1335,68<\/p>\n<p>Aspetto: polvere grigia o nera<\/p>\n<h2><span style=\"font-size: 14pt;\">Applicazioni<\/span><\/h2>\n<p>Industria siderurgica: la polvere di Mn\u2082C\u2083 pu\u00f2 essere aggiunta all&#8217;acciaio come additivo per lega, che pu\u00f2 aumentare la durezza, la resistenza all&#8217;usura e la resistenza alla corrosione dell&#8217;acciaio e migliorare le prestazioni dell&#8217;acciaio.<\/p>\n<p>Nel campo dei materiali resistenti all&#8217;usura: i materiali resistenti all&#8217;usura realizzati con l&#8217;aggiunta di polvere di Mn\u2082C\u2083 possono essere utilizzati nella produzione di macchine minerarie, macchine edili e altre parti soggette a usura per prolungare la durata delle parti.<\/p>\n<p>Campo della metallurgia delle polveri: miscelazione e sinterizzazione della polvere di Mn\u2082C\u2086 con altre polveri metalliche, i prodotti della metallurgia delle polveri con propriet\u00e0 speciali possono essere preparati per soddisfare diverse esigenze ingegneristiche.<\/p>\n<h2><span style=\"font-size: 14pt;\">Controllo qualit\u00e0<\/span><\/h2>\n<p><span style=\"color: #0000ff;\"><a style=\"color: #0000ff;\" href=\"https:\/\/vimaterial.de\/en\/quality-control\/\">VI HALBLEITERMATERIAL GmbH<\/a> <\/span>si impegna a garantire un elevato controllo di qualit\u00e0 e la coerenza dei lotti attraverso un rigoroso sistema di garanzia della qualit\u00e0, un rigoroso controllo di qualit\u00e0 in tutte le fasi della catena di produzione, il rispetto del principio di rilavorazione e rifacimento dei prodotti difettosi, il collaudo e il rilascio dei lotti in conformit\u00e0 con specifiche dettagliate, il rispetto degli standard pi\u00f9 elevati sotto tutti gli aspetti,  documentazione e tracciabilit\u00e0 dei lotti per garantire la fornitura di prodotti e servizi di alta qualit\u00e0.<\/p>\n<h2><span style=\"font-size: 14pt;\">Imballaggio e stoccaggio<\/span><\/h2>\n<p>Le polveri di carburo di manganese sono confezionate in sacchetti a doppio vuoto o in flaconi a doppio vuoto in cartoni.<\/p>\n<p>Le polveri di carburo di manganese devono essere conservate in un ambiente asciutto, fresco e ben ventilato, sigillato e protetto da acqua, ossigeno e acidi per evitare il deterioramento dovuto all&#8217;umidit\u00e0, all&#8217;ossidazione e alla reazione chimica.<\/p>\n","protected":false},"excerpt":{"rendered":"<p>La polvere di carburo di manganese \u00e8 una polvere composta contenente manganese e carbonio, che pu\u00f2 essere di aspetto grigio o nero, e ha propriet\u00e0 composte intermetalliche, che possono svolgere un ruolo importante nei campi della metallurgia del ferro e dell&#8217;acciaio, materiali resistenti all&#8217;usura, ecc., Ad esempio, pu\u00f2 essere utilizzata per migliorare le propriet\u00e0 come la resistenza all&#8217;usura e la durezza del ferro e dell&#8217;acciaio.<\/p>\n","protected":false},"featured_media":1040971,"comment_status":"open","ping_status":"closed","template":"","meta":{"_acf_changed":false},"product_brand":[],"product_cat":[202],"product_tag":[],"class_list":{"0":"post-1013809","1":"product","2":"type-product","3":"status-publish","4":"has-post-thumbnail","6":"product_cat-materiali-c-n-b-si","8":"first","9":"instock","10":"shipping-taxable","11":"product-type-variable"},"acf":[],"_links":{"self":[{"href":"https:\/\/vimaterial.de\/it\/wp-json\/wp\/v2\/product\/1013809","targetHints":{"allow":["GET"]}}],"collection":[{"href":"https:\/\/vimaterial.de\/it\/wp-json\/wp\/v2\/product"}],"about":[{"href":"https:\/\/vimaterial.de\/it\/wp-json\/wp\/v2\/types\/product"}],"replies":[{"embeddable":true,"href":"https:\/\/vimaterial.de\/it\/wp-json\/wp\/v2\/comments?post=1013809"}],"wp:featuredmedia":[{"embeddable":true,"href":"https:\/\/vimaterial.de\/it\/wp-json\/wp\/v2\/media\/1040971"}],"wp:attachment":[{"href":"https:\/\/vimaterial.de\/it\/wp-json\/wp\/v2\/media?parent=1013809"}],"wp:term":[{"taxonomy":"product_brand","embeddable":true,"href":"https:\/\/vimaterial.de\/it\/wp-json\/wp\/v2\/product_brand?post=1013809"},{"taxonomy":"product_cat","embeddable":true,"href":"https:\/\/vimaterial.de\/it\/wp-json\/wp\/v2\/product_cat?post=1013809"},{"taxonomy":"product_tag","embeddable":true,"href":"https:\/\/vimaterial.de\/it\/wp-json\/wp\/v2\/product_tag?post=1013809"}],"curies":[{"name":"wp","href":"https:\/\/api.w.org\/{rel}","templated":true}]}}