{"id":1013783,"date":"2024-06-17T14:36:26","date_gmt":"2024-06-17T06:36:26","guid":{"rendered":"https:\/\/vimaterial.de\/product\/manganese-metallico\/"},"modified":"2025-04-17T13:38:10","modified_gmt":"2025-04-17T05:38:10","slug":"manganese-metallico","status":"publish","type":"product","link":"https:\/\/vimaterial.de\/it\/product\/manganese-metallico\/","title":{"rendered":"Manganese metallico"},"content":{"rendered":"<p><span style=\"color: #0000ff;\"><a style=\"color: #0000ff;\" href=\"https:\/\/vimaterial.de\/en\/product\/manganese-metal\/\">L&#8217;obiettivo<\/a><\/span> di sputtering del manganese \u00e8 un genere di materiale di sputtering con il metallo del manganese come componente principale, con l&#8217;alta purezza e solitamente l&#8217;aspetto grigio argento dell&#8217;obiettivo, pu\u00f2 depositare in modo efficiente il film sottile del metallo del manganese con la buona conduttivit\u00e0 elettrica, le propriet\u00e0 magnetiche ed altre caratteristiche nel processo di sputtering, che \u00e8 ampiamente usato in molti campi come l&#8217;elettronica,  materiali magnetici e cos\u00ec via.<\/p>\n<p>VIMATERIAL fornisce una variet\u00e0 di purezza e dimensioni dei bersagli di sputtering al manganese, i nostri target di sputtering al manganese presentano i vantaggi di elevata purezza, alta densit\u00e0, buona stabilit\u00e0 termica e possono fornire un flusso atomico stabile e uno spessore uniforme del film durante il processo di sputtering. Siamo anche in grado di fornire servizi di bonding mirato, abbiamo un team di ricerca e sviluppo professionale e possiamo accettare qualsiasi personalizzazione ed esperimento. Abbiamo un team di ricerca e sviluppo professionale, accettiamo qualsiasi personalizzazione del prodotto ed esperimenti, se necessario, vi preghiamo di <span style=\"color: #0000ff;\"><a style=\"color: #0000ff;\" href=\"https:\/\/vimaterial.de\/it\/contatto\/\"><span style=\"color: #0000ff;\">contattarci<\/span><\/a>.<\/span>  <\/p>\n<h2><span style=\"font-size: 14pt;\">Propriet\u00e0 fisiche<\/span><\/h2>\n<p>Formula molecolare: Mn<\/p>\n<p>Peso molecolare: 54,94<\/p>\n<p>Aspetto: bersaglio grigio argento<\/p>\n<p>Densit\u00e0: circa 7,20-7,40 g\/cm\u00b3.<\/p>\n<p>Punto di fusione: circa 1244\u00b0C<\/p>\n<p>Punto di ebollizione: circa 1962\u00b0C<\/p>\n<p>Struttura cristallina: \u03b1-manganese a temperatura ambiente, con struttura reticolare cubica a corpo centrato<\/p>\n<h2><span style=\"font-size: 14pt;\">Applicazioni<\/span><\/h2>\n<p>Elettronica: i bersagli sputtering al manganese sono utilizzati per la preparazione di elettrodi o interconnessioni in dispositivi a semiconduttore, dove la loro buona conduttivit\u00e0 elettrica consente una trasmissione efficiente del segnale e un funzionamento stabile dei componenti elettronici.<\/p>\n<p>Nel campo dei materiali magnetici, i bersagli sputtering al manganese sono spesso utilizzati nella produzione di pellicole magnetiche, che si basano sulle loro propriet\u00e0 magnetiche uniche per fornire funzioni magnetiche affidabili per dispositivi di archiviazione magnetici e altri dispositivi per soddisfare le esigenze di archiviazione delle informazioni e lettura e scrittura.<\/p>\n<p>Campo ottico: i bersagli sputtering al manganese possono essere utilizzati per regolare le propriet\u00e0 di riflessione e rifrazione degli elementi ottici depositando film sottili, migliorando efficacemente la qualit\u00e0 dell&#8217;imaging e l&#8217;effetto di propagazione della luce degli strumenti ottici.<\/p>\n<p>Campo di produzione automobilistica: l&#8217;obiettivo di sputtering pu\u00f2 essere applicato al rivestimento di sensori e altri componenti nei sistemi elettronici delle automobili per garantire il funzionamento stabile dei sensori e quindi migliorare il livello di controllo intelligente complessivo delle automobili.<\/p>\n<p>Campo biomedico: pu\u00f2 essere utilizzato per preparare film funzionali per sensori biomedici, ecc. e utilizzare le sue specifiche propriet\u00e0 chimiche e fisiche per ottenere un rilevamento e un&#8217;analisi accurati dei segnali biologici.<\/p>\n<h2><span style=\"font-size: 14pt;\">Controllo qualit\u00e0<\/span><\/h2>\n<p><span style=\"color: #0000ff;\"><a style=\"color: #0000ff;\" href=\"https:\/\/vimaterial.de\/it\/controllo-qualita\/\">VI HALBLEITERMATERIAL GmbH<\/a><\/span> si impegna a garantire un elevato controllo della qualit\u00e0 e la coerenza dei lotti a sostegno degli obiettivi generali del REACH attraverso l&#8217;adozione di un rigoroso sistema di garanzia della qualit\u00e0, un rigoroso controllo di qualit\u00e0 in tutte le fasi della catena di produzione, l&#8217;adesione al principio della rilavorazione e del rifacimento dei prodotti difettosi, il collaudo e il rilascio dei lotti in conformit\u00e0 con specifiche dettagliate,  rispetto degli standard pi\u00f9 elevati in tutti i settori, gestione dei problemi in conformit\u00e0 con la direttiva 8D conformit\u00e0 al regolamento REACH e alle relative norme.<\/p>\n<p>Ci impegniamo a raggiungere un elevato controllo di qualit\u00e0 e coerenza dei lotti a sostegno degli obiettivi generali del REACH, nonch\u00e9 a mantenere la documentazione e la tracciabilit\u00e0 dei lotti per creare una catena di approvvigionamento socialmente responsabile che garantisca la consegna di prodotti e servizi di alta qualit\u00e0.<\/p>\n<h2><span style=\"font-size: 14pt;\">Imballaggio e stoccaggio<\/span><\/h2>\n<p>I bersagli di polverizzazione catodica al manganese vengono confezionati in sacchetti a doppio vuoto e poi inscatolati in cartoni.<\/p>\n<p>I bersagli di sputtering al manganese devono essere conservati in un ambiente asciutto, fresco e ben ventilato, evitando l&#8217;umidit\u00e0, il contatto con forti agenti ossidanti e prevenendo l&#8217;impatto fisico e l&#8217;interferenza del campo magnetico per mantenere stabili le loro propriet\u00e0 fisiche e chimiche.<\/p>\n","protected":false},"excerpt":{"rendered":"<p>L&#8217;obiettivo di sputtering del manganese \u00e8 un genere di materiale di sputtering con il metallo del manganese come componente principale, con l&#8217;alta purezza e solitamente l&#8217;aspetto grigio argento dell&#8217;obiettivo, pu\u00f2 depositare in modo efficiente il film sottile del metallo del manganese con la buona conduttivit\u00e0 elettrica, le propriet\u00e0 magnetiche ed altre caratteristiche nel processo di [&hellip;]<\/p>\n","protected":false},"featured_media":1001526,"comment_status":"open","ping_status":"closed","template":"","meta":{"_acf_changed":false},"product_brand":[],"product_cat":[197],"product_tag":[],"class_list":{"0":"post-1013783","1":"product","2":"type-product","3":"status-publish","4":"has-post-thumbnail","6":"product_cat-obiettivi-di-sputtering-planari","8":"first","9":"instock","10":"shipping-taxable","11":"purchasable","12":"product-type-variable"},"acf":[],"_links":{"self":[{"href":"https:\/\/vimaterial.de\/it\/wp-json\/wp\/v2\/product\/1013783","targetHints":{"allow":["GET"]}}],"collection":[{"href":"https:\/\/vimaterial.de\/it\/wp-json\/wp\/v2\/product"}],"about":[{"href":"https:\/\/vimaterial.de\/it\/wp-json\/wp\/v2\/types\/product"}],"replies":[{"embeddable":true,"href":"https:\/\/vimaterial.de\/it\/wp-json\/wp\/v2\/comments?post=1013783"}],"wp:featuredmedia":[{"embeddable":true,"href":"https:\/\/vimaterial.de\/it\/wp-json\/wp\/v2\/media\/1001526"}],"wp:attachment":[{"href":"https:\/\/vimaterial.de\/it\/wp-json\/wp\/v2\/media?parent=1013783"}],"wp:term":[{"taxonomy":"product_brand","embeddable":true,"href":"https:\/\/vimaterial.de\/it\/wp-json\/wp\/v2\/product_brand?post=1013783"},{"taxonomy":"product_cat","embeddable":true,"href":"https:\/\/vimaterial.de\/it\/wp-json\/wp\/v2\/product_cat?post=1013783"},{"taxonomy":"product_tag","embeddable":true,"href":"https:\/\/vimaterial.de\/it\/wp-json\/wp\/v2\/product_tag?post=1013783"}],"curies":[{"name":"wp","href":"https:\/\/api.w.org\/{rel}","templated":true}]}}