{"id":1013765,"date":"2024-06-17T14:36:28","date_gmt":"2024-06-17T06:36:28","guid":{"rendered":"https:\/\/vimaterial.de\/product\/ossido-di-manganese-8\/"},"modified":"2025-04-17T13:34:22","modified_gmt":"2025-04-17T05:34:22","slug":"ossido-di-manganese-8","status":"publish","type":"product","link":"https:\/\/vimaterial.de\/it\/product\/ossido-di-manganese-8\/","title":{"rendered":"Ossido di manganese"},"content":{"rendered":"<p>La polvere di ossido di manganese \u00e8 una polvere di ossido metallico nero o brunastro, il componente principale \u00e8 il triossido di manganese, insolubile in acqua, con un certo grado di propriet\u00e0 ossidative, nella catalisi, nei materiali magnetici, nei pigmenti e in molte altre aree di potenziali applicazioni.<\/p>\n<p>VIMATERIAL offre una vasta gamma di Ossido di Manganese. Le nostre polveri hanno un&#8217;elevata purezza, granulometria uniforme, una buona attivit\u00e0 chimica e un&#8217;elevata stabilit\u00e0. Ci dedichiamo da molti anni alle materie prime metalliche inorganiche, con un team di ricerca e sviluppo tecnologico professionale, accettiamo la personalizzazione del prodotto e gli esperimenti, <span style=\"color: #0000ff;\"><a style=\"color: #0000ff;\" href=\"https:\/\/vimaterial.de\/en\/contact-us\/\">vi preghiamo di contattarci<\/a><\/span> se necessario.  <\/p>\n<h2><span style=\"font-size: 14pt;\">Propriet\u00e0 fisiche<\/span><\/h2>\n<p>Formula molecolare: Mn\u2082O\u2083<\/p>\n<p>Peso molecolare: circa 157,87<\/p>\n<p>Aspetto: polvere nera o marrone<\/p>\n<p>Densit\u00e0: 4,50 g\/cm\u00b3<\/p>\n<p>Punto di fusione: 1080\u00b0C (decomposizione)<\/p>\n<p>Struttura cristallina: Sistema cristallino cubico<\/p>\n<h2><span style=\"font-size: 14pt;\">Applicazioni<\/span><\/h2>\n<p>Campo delle batterie: come materia prima per la sintesi di materiali per elettrodi per batterie agli ioni di litio, aiuta a migliorare la densit\u00e0 energetica e le prestazioni del ciclo delle batterie e la sua nanostruttura pu\u00f2 accorciare il percorso di diffusione degli ioni di litio e accelerare la velocit\u00e0 di carica e scarica.<\/p>\n<p>Catalisi: pu\u00f2 catalizzare la decomposizione di gas nocivi come ossidi di azoto e composti organici volatili e favorire la degradazione degli inquinanti organici. Pu\u00f2 anche essere utilizzato come ossidante ad alta efficienza nella sintesi organica per promuovere la conversione di alcoli in aldeidi e chetoni. <\/p>\n<p>Campo magnetico del materiale: pu\u00f2 essere utilizzato come precursore del materiale magnetico morbido, fornendo una base importante per la preparazione del materiale magnetico con prestazioni eccellenti.<br \/>\nSettore della stampa e tintura tessile: utilizzato nel processo di stampa e tintura dei tessuti, che possono aggiungere colore e lucentezza.<\/p>\n<p>Componenti elettronici: pu\u00f2 essere utilizzato nella preparazione di componenti sensibili alla pressione e termistori per migliorare le prestazioni e la stabilit\u00e0 dei prodotti elettronici.<\/p>\n<p>Industria chimica: \u00e8 il prodotto intermedio e il componente principale dei composti di manganese e pu\u00f2 essere utilizzato nella produzione di altri composti di manganese.<\/p>\n<h2><span style=\"font-size: 14pt;\">Controllo qualit\u00e0<\/span><\/h2>\n<p><span style=\"color: #0000ff;\"><a style=\"color: #0000ff;\" href=\"https:\/\/vimaterial.de\/en\/quality-control\/\">VI HALBLEITERMATERIAL GmbH<\/a> <\/span>si impegna a garantire un elevato controllo di qualit\u00e0 e la coerenza dei lotti attraverso un rigoroso sistema di garanzia della qualit\u00e0, un rigoroso controllo di qualit\u00e0 in tutte le fasi della catena di produzione, il rispetto del principio di rilavorazione e rifacimento dei prodotti difettosi, il collaudo e il rilascio dei lotti in conformit\u00e0 con specifiche dettagliate, il rispetto degli standard pi\u00f9 elevati sotto tutti gli aspetti,  documentazione e tracciabilit\u00e0 dei lotti per garantire la fornitura di prodotti e servizi di alta qualit\u00e0.<\/p>\n<h2><span style=\"font-size: 14pt;\">Imballaggio e stoccaggio<\/span><\/h2>\n<p>La polvere di ossido di manganese \u00e8 confezionata in un doppio sacchetto sottovuoto o in un doppio flacone sottovuoto con cartone esterno.<\/p>\n<p>La polvere di ossido di manganese deve essere conservata in un luogo asciutto, fresco, ben ventilato, sigillata, protetta dall&#8217;umidit\u00e0 e tenuta lontana da fonti di accensione e forti agenti ossidanti e riducenti, per prevenire reazioni chimiche dovute al contatto con queste sostanze.<\/p>\n","protected":false},"excerpt":{"rendered":"<p>La polvere di ossido di manganese \u00e8 una polvere di ossido metallico nero o brunastro, il componente principale \u00e8 il triossido di manganese, insolubile in acqua, con un certo grado di propriet\u00e0 ossidative, nella catalisi, nei materiali magnetici, nei pigmenti e in molte altre aree di potenziali applicazioni.<\/p>\n","protected":false},"featured_media":1001548,"comment_status":"open","ping_status":"closed","template":"","meta":{"_acf_changed":false},"product_brand":[],"product_cat":[205],"product_tag":[],"class_list":{"0":"post-1013765","1":"product","2":"type-product","3":"status-publish","4":"has-post-thumbnail","6":"product_cat-materiali-ossidi-idrossidi","8":"first","9":"instock","10":"shipping-taxable","11":"purchasable","12":"product-type-variable"},"acf":[],"_links":{"self":[{"href":"https:\/\/vimaterial.de\/it\/wp-json\/wp\/v2\/product\/1013765","targetHints":{"allow":["GET"]}}],"collection":[{"href":"https:\/\/vimaterial.de\/it\/wp-json\/wp\/v2\/product"}],"about":[{"href":"https:\/\/vimaterial.de\/it\/wp-json\/wp\/v2\/types\/product"}],"replies":[{"embeddable":true,"href":"https:\/\/vimaterial.de\/it\/wp-json\/wp\/v2\/comments?post=1013765"}],"wp:featuredmedia":[{"embeddable":true,"href":"https:\/\/vimaterial.de\/it\/wp-json\/wp\/v2\/media\/1001548"}],"wp:attachment":[{"href":"https:\/\/vimaterial.de\/it\/wp-json\/wp\/v2\/media?parent=1013765"}],"wp:term":[{"taxonomy":"product_brand","embeddable":true,"href":"https:\/\/vimaterial.de\/it\/wp-json\/wp\/v2\/product_brand?post=1013765"},{"taxonomy":"product_cat","embeddable":true,"href":"https:\/\/vimaterial.de\/it\/wp-json\/wp\/v2\/product_cat?post=1013765"},{"taxonomy":"product_tag","embeddable":true,"href":"https:\/\/vimaterial.de\/it\/wp-json\/wp\/v2\/product_tag?post=1013765"}],"curies":[{"name":"wp","href":"https:\/\/api.w.org\/{rel}","templated":true}]}}