{"id":1013733,"date":"2024-06-17T14:36:32","date_gmt":"2024-06-17T06:36:32","guid":{"rendered":"https:\/\/vimaterial.de\/product\/boruro-di-manganese-2\/"},"modified":"2025-04-17T13:25:19","modified_gmt":"2025-04-17T05:25:19","slug":"boruro-di-manganese-2","status":"publish","type":"product","link":"https:\/\/vimaterial.de\/it\/product\/boruro-di-manganese-2\/","title":{"rendered":"Boruro di manganese"},"content":{"rendered":"<p>La polvere di <span style=\"color: #0000ff;\"><a style=\"color: #0000ff;\" href=\"https:\/\/vimaterial.de\/en\/product\/manganese-oxide-6\/\">boruro di manganese<\/a> <\/span>\u00e8 una polvere di composto inorganico grigio, insolubile in acqua, ampiamente utilizzata nell&#8217;industria nucleare, nei materiali aerospaziali ad alta temperatura e nei nuovi materiali superconduttori.<\/p>\n<p>VIMATERIAL fornisce polvere di boruro di manganese, la nostra azienda produce particelle di ossido di manganese con elevata purezza, granulometria uniforme e granulometria personalizzabile, abbiamo un team di ricerca e sviluppo tecnico professionale, tutti i prodotti possono essere personalizzati e sperimentati, se ne hai bisogno <span style=\"color: #0000ff;\"><a style=\"color: #0000ff;\" href=\"https:\/\/vimaterial.de\/en\/contact-us\/\">contattaci.<\/a><\/span><\/p>\n<h2><span style=\"font-size: 14pt;\">Propriet\u00e0 fisiche<\/span><\/h2>\n<p>Formula molecolare: MnB<\/p>\n<p>Peso molecolare: 65,75<\/p>\n<p>Aspetto: polvere grigia<\/p>\n<p>Densit\u00e0: 2,57<\/p>\n<p>Punto di fusione: 1890\u00b0C<\/p>\n<h2><span style=\"font-size: 14pt;\">Applicazioni<\/span><\/h2>\n<p>Materiali elettronici: le polveri MnB sono comunemente utilizzate nella produzione di chip elettronici ad alte prestazioni grazie alle loro propriet\u00e0 di semiconduttori, che aiutano a migliorare la velocit\u00e0 di calcolo e la stabilit\u00e0 dei prodotti elettronici.<\/p>\n<p>Metallurgia: come additivo legante, le polveri MnB possono rafforzare le propriet\u00e0 dell&#8217;acciaio e rendere l&#8217;acciaio per motori automobilistici pi\u00f9 resistente all&#8217;usura, alla fatica e prolungarne la durata.<\/p>\n<p>Industria chimica: le polveri di MnB agiscono come catalizzatori efficienti nelle reazioni di sintesi chimica, accelerando il processo di reazione, riducendo i costi di produzione e migliorando l&#8217;efficienza del prodotto.<\/p>\n<p>Materiali strutturali ad alta temperatura: grazie al loro alto punto di fusione e all&#8217;eccellente stabilit\u00e0 alle alte temperature, le polveri MnB sono utilizzate nei rivestimenti a barriera termica per motori aeronautici per garantire che i componenti funzionino correttamente a temperature estreme.<\/p>\n<p>Nel campo dei materiali resistenti all&#8217;usura, le polveri MnB vengono utilizzate per realizzare sfere di macinazione industriali, resistenti all&#8217;usura e all&#8217;abrasione nel processo di frantumazione del minerale, migliorando cos\u00ec notevolmente l&#8217;efficienza di macinazione.<\/p>\n<h2><span style=\"font-size: 14pt;\">Controllo qualit\u00e0<\/span><\/h2>\n<p>Per ogni lotto viene adottato <span style=\"color: #0000ff;\"><a style=\"color: #0000ff;\" href=\"https:\/\/vimaterial.de\/en\/quality-control\/\">un rigoroso sistema di garanzia della qualit\u00e0<\/a> <\/span>per garantire l&#8217;affidabilit\u00e0 della qualit\u00e0 del prodotto. Un rigoroso controllo di qualit\u00e0 \u00e8 implementato in tutta la catena di produzione e applichiamo rigorosamente il principio della rilavorazione e del rifacimento dei prodotti difettosi. I nostri prodotti soddisfano tutti gli standard ASTM e specifici del settore.  <\/p>\n<h2><span style=\"font-size: 14pt;\">Imballaggio e stoccaggio<\/span><\/h2>\n<p>La polvere di boruro di manganese \u00e8 confezionata in flaconi a doppio vuoto, in sacchetti sottovuoto esterni e poi in cartoni.<\/p>\n<p>Le polveri di boruro di manganese devono essere conservate in un ambiente asciutto, fresco e ben ventilato per evitare l&#8217;umidit\u00e0 e il contatto con sostanze ossidanti e in imballaggi sigillati per evitare il deterioramento dovuto alla dispersione e all&#8217;assorbimento di umidit\u00e0 e impurit\u00e0 nell&#8217;aria.<\/p>\n","protected":false},"excerpt":{"rendered":"<p>La polvere di <span style=\"color: #0000ff;\"><a style=\"color: #0000ff;\" href=\"https:\/\/vimaterial.de\/en\/product\/manganese-oxide-6\/\">boruro di manganese<\/a> <\/span>\u00e8 una polvere di composto inorganico grigio, insolubile in acqua, ampiamente utilizzata nell&#8217;industria nucleare, nei materiali aerospaziali ad alta temperatura e nei nuovi materiali superconduttori.<\/p>\n","protected":false},"featured_media":1001574,"comment_status":"open","ping_status":"closed","template":"","meta":{"_acf_changed":false},"product_brand":[],"product_cat":[202],"product_tag":[],"class_list":{"0":"post-1013733","1":"product","2":"type-product","3":"status-publish","4":"has-post-thumbnail","6":"product_cat-materiali-c-n-b-si","8":"first","9":"instock","10":"shipping-taxable","11":"product-type-variable"},"acf":[],"_links":{"self":[{"href":"https:\/\/vimaterial.de\/it\/wp-json\/wp\/v2\/product\/1013733","targetHints":{"allow":["GET"]}}],"collection":[{"href":"https:\/\/vimaterial.de\/it\/wp-json\/wp\/v2\/product"}],"about":[{"href":"https:\/\/vimaterial.de\/it\/wp-json\/wp\/v2\/types\/product"}],"replies":[{"embeddable":true,"href":"https:\/\/vimaterial.de\/it\/wp-json\/wp\/v2\/comments?post=1013733"}],"wp:featuredmedia":[{"embeddable":true,"href":"https:\/\/vimaterial.de\/it\/wp-json\/wp\/v2\/media\/1001574"}],"wp:attachment":[{"href":"https:\/\/vimaterial.de\/it\/wp-json\/wp\/v2\/media?parent=1013733"}],"wp:term":[{"taxonomy":"product_brand","embeddable":true,"href":"https:\/\/vimaterial.de\/it\/wp-json\/wp\/v2\/product_brand?post=1013733"},{"taxonomy":"product_cat","embeddable":true,"href":"https:\/\/vimaterial.de\/it\/wp-json\/wp\/v2\/product_cat?post=1013733"},{"taxonomy":"product_tag","embeddable":true,"href":"https:\/\/vimaterial.de\/it\/wp-json\/wp\/v2\/product_tag?post=1013733"}],"curies":[{"name":"wp","href":"https:\/\/api.w.org\/{rel}","templated":true}]}}