{"id":1013730,"date":"2024-06-17T14:36:32","date_gmt":"2024-06-17T06:36:32","guid":{"rendered":"https:\/\/vimaterial.de\/product\/ossido-di-manganese-7\/"},"modified":"2025-04-17T13:27:50","modified_gmt":"2025-04-17T05:27:50","slug":"ossido-di-manganese-7","status":"publish","type":"product","link":"https:\/\/vimaterial.de\/it\/product\/ossido-di-manganese-7\/","title":{"rendered":"Ossido di manganese"},"content":{"rendered":"<p>La polvere di ossido di manganese \u00e8 una polvere solida nera o marrone scuro con struttura cristallina a spinello, \u00e8 chimicamente stabile e ampiamente utilizzata in materiali magnetici, materiali per elettrodi e catalizzatori.<\/p>\n<p>VIMATERIAL fornisce polvere di ossido di manganese, la nostra azienda produce polvere di ossido di manganese con elevata purezza, granulometria uniforme e granulometria personalizzata, abbiamo un team di ricerca e sviluppo tecnico professionale, tutti i prodotti possono essere personalizzati e sperimentati,<a href=\"https:\/\/vimaterial.de\/en\/contact-us\/\"><span style=\"color: #0000ff;\"> vi preghiamo di contattarci<\/span><\/a> se necessario.<\/p>\n<h2><span style=\"font-size: 14pt;\">Propriet\u00e0 fisiche<\/span><\/h2>\n<p>Formula molecolare: Mn\u2083O\u2084<\/p>\n<p>Peso molecolare: 228,81<\/p>\n<p>Aspetto: polvere solitamente rosso brunastra o nero brunastra<\/p>\n<p>Densit\u00e0: circa 4,718 &#8211; 4,86 g\/cm\u00b3.<\/p>\n<p>Punto di fusione: 1560\u00b0C &#8211; 1705\u00b0C<\/p>\n<p>Struttura cristallina: al di sotto di 1443K, \u00e8 una struttura di spinello tetragonale attorcigliato; sopra 1443K, si trasforma in struttura di spinello cubico. Il cristallo \u00e8 un reticolo cubico romboedrico di tipo spinello obliquo, a = 0,575 nm, c = 0,942 nm, e l&#8217;unit\u00e0 del reticolo \u00e8 Mn\u2084Mn\u2088O\u2081\u2086. <\/p>\n<h2><span style=\"font-size: 14pt;\">Applicazioni<\/span><\/h2>\n<p>Campo di materiale magnetico: la polvere di Mn\u2083O\u2084 pu\u00f2 essere utilizzata per preparare materiali magnetici ad alte prestazioni, come magneti permanenti e materiali magnetici morbidi, che possono fornire un magnetismo stabile ed essere applicati a trasformatori, induttori, ecc. in apparecchiature elettroniche per ottenere una conversione ad alta efficienza dell&#8217;energia elettrica e la trasmissione di segnali.<\/p>\n<p>Campo dei materiali delle batterie: nei sistemi di accumulo di energia elettrochimica come le batterie agli ioni di litio, la polvere di Mn\u2083O\u2084 pu\u00f2 essere utilizzata come materiale per elettrodi, utilizzando le sue speciali propriet\u00e0 redox, che aiutano a migliorare la capacit\u00e0 di carica e scarica e la stabilit\u00e0 ciclica delle batterie e forniscono una fonte di alimentazione affidabile per dispositivi elettronici mobili e veicoli elettrici, ecc.<\/p>\n<p>Campo catalitico: in molte reazioni chimiche, la polvere di Mn\u2083O\u2084 funge da catalizzatore, ad esempio, nella reazione di sintesi organica o nel processo di trattamento dei gas di scarico, pu\u00f2 ridurre l&#8217;energia di attivazione della reazione, accelerare il processo di reazione, rimuovere efficacemente le sostanze nocive nei gas di scarico o promuovere la sintesi di composti organici.<\/p>\n<p>Ceramica: l&#8217;aggiunta di polvere di Mn\u2083O\u2084 alle materie prime ceramiche pu\u00f2 migliorare il colore, la durezza e le propriet\u00e0 meccaniche della ceramica, che pu\u00f2 essere utilizzata per produrre ceramiche colorate, ceramiche architettoniche e ceramiche industriali, ecc., in modo da farle svolgere un ruolo maggiore nella decorazione e nelle applicazioni industriali.<\/p>\n<h2><span style=\"font-size: 14pt;\">Controllo qualit\u00e0<\/span><\/h2>\n<p>Per ogni lotto viene adottato <span style=\"color: #0000ff;\"><a style=\"color: #0000ff;\" href=\"https:\/\/vimaterial.de\/en\/quality-control\/\">un rigoroso sistema di garanzia della qualit\u00e0<\/a> <\/span>per garantire l&#8217;affidabilit\u00e0 della qualit\u00e0 del prodotto. Un rigoroso controllo di qualit\u00e0 \u00e8 implementato in tutta la catena di produzione e applichiamo rigorosamente il principio della rilavorazione e del rifacimento dei prodotti difettosi. I nostri prodotti soddisfano tutti gli standard ASTM e specifici del settore.  <\/p>\n<h2><span style=\"font-size: 14pt;\">Imballaggio e stoccaggio<\/span><\/h2>\n<p>Le polveri di ossido di manganese sono confezionate in flaconi a doppio vuoto, in sacchetti sottovuoto esterni e poi in cartoni.<\/p>\n<p>Le polveri di ossido di manganese devono essere conservate in un ambiente asciutto, ben ventilato e fresco, sigillato per evitare l&#8217;assorbimento di umidit\u00e0 e impurit\u00e0 nell&#8217;aria e lontano da fonti di accensione, calore e forti agenti ossidanti e riducenti per evitare il deterioramento dovuto a reazioni chimiche.<\/p>\n","protected":false},"excerpt":{"rendered":"<p>La polvere di ossido di manganese \u00e8 una polvere solida nera o marrone scuro con struttura cristallina a spinello, \u00e8 chimicamente stabile e ampiamente utilizzata in materiali magnetici, materiali per elettrodi e catalizzatori.<\/p>\n","protected":false},"featured_media":1001566,"comment_status":"open","ping_status":"closed","template":"","meta":{"_acf_changed":false},"product_brand":[],"product_cat":[205],"product_tag":[],"class_list":{"0":"post-1013730","1":"product","2":"type-product","3":"status-publish","4":"has-post-thumbnail","6":"product_cat-materiali-ossidi-idrossidi","8":"first","9":"instock","10":"shipping-taxable","11":"product-type-variable"},"acf":[],"_links":{"self":[{"href":"https:\/\/vimaterial.de\/it\/wp-json\/wp\/v2\/product\/1013730","targetHints":{"allow":["GET"]}}],"collection":[{"href":"https:\/\/vimaterial.de\/it\/wp-json\/wp\/v2\/product"}],"about":[{"href":"https:\/\/vimaterial.de\/it\/wp-json\/wp\/v2\/types\/product"}],"replies":[{"embeddable":true,"href":"https:\/\/vimaterial.de\/it\/wp-json\/wp\/v2\/comments?post=1013730"}],"wp:featuredmedia":[{"embeddable":true,"href":"https:\/\/vimaterial.de\/it\/wp-json\/wp\/v2\/media\/1001566"}],"wp:attachment":[{"href":"https:\/\/vimaterial.de\/it\/wp-json\/wp\/v2\/media?parent=1013730"}],"wp:term":[{"taxonomy":"product_brand","embeddable":true,"href":"https:\/\/vimaterial.de\/it\/wp-json\/wp\/v2\/product_brand?post=1013730"},{"taxonomy":"product_cat","embeddable":true,"href":"https:\/\/vimaterial.de\/it\/wp-json\/wp\/v2\/product_cat?post=1013730"},{"taxonomy":"product_tag","embeddable":true,"href":"https:\/\/vimaterial.de\/it\/wp-json\/wp\/v2\/product_tag?post=1013730"}],"curies":[{"name":"wp","href":"https:\/\/api.w.org\/{rel}","templated":true}]}}