{"id":1013715,"date":"2024-06-17T14:36:32","date_gmt":"2024-06-17T06:36:32","guid":{"rendered":"https:\/\/vimaterial.de\/product\/boruro-di-manganese\/"},"modified":"2025-04-17T13:23:05","modified_gmt":"2025-04-17T05:23:05","slug":"boruro-di-manganese","status":"publish","type":"product","link":"https:\/\/vimaterial.de\/it\/product\/boruro-di-manganese\/","title":{"rendered":"Boruro di manganese"},"content":{"rendered":"<p>La polvere di <span style=\"color: #0000ff;\"><a style=\"color: #0000ff;\" href=\"https:\/\/vimaterial.de\/en\/product\/manganese-boride\/\">boruro di manganese<\/a><\/span> \u00e8 un tipo di polvere composta di boruro di manganese, solitamente di aspetto nero o grigio-nero, con elevata durezza e punto di fusione, chimicamente stabile e la sua struttura cristallina appartiene al sistema cristallino esagonale, che \u00e8 potenzialmente applicabile nei campi dei materiali resistenti all&#8217;usura, dei materiali ceramici, dei materiali superconduttori e cos\u00ec via.<\/p>\n<p>VIMATERIAL offre polvere di boruro di manganese con elevata purezza, granulometria uniforme, buona attivit\u00e0 chimica ed elevata stabilit\u00e0. Ci dedichiamo da molti anni alle materie prime chimiche inorganiche, con un team di ricerca e sviluppo tecnico professionale, accettiamo la personalizzazione del prodotto e sperimentiamo, <span style=\"color: #0000ff;\"><a style=\"color: #0000ff;\" href=\"https:\/\/vimaterial.de\/en\/contact-us\/\">vi preghiamo di contattarci<\/a><\/span> se necessario. <\/p>\n<h2><span style=\"font-size: 14pt;\">Propriet\u00e0 fisiche<\/span><\/h2>\n<p>Formula molecolare: MnB\u2082<\/p>\n<p>Peso molecolare: 74,56<\/p>\n<p>Aspetto: polvere nera o grigio scuro<\/p>\n<p>Struttura cristallina: Sistema cristallino esagonale Sistema cristallino esagonale<\/p>\n<h2><span style=\"font-size: 14pt;\">Applicazione<\/span><\/h2>\n<p>Materiali elettronici: possono essere utilizzati per produrre componenti elettronici con propriet\u00e0 speciali, come il materiale sensibile di alcuni sensori, utilizzando le sue propriet\u00e0 fisiche uniche per rilevare le variazioni di specifiche quantit\u00e0 fisiche e convertirle in segnali elettrici.<\/p>\n<p>Additivi per leghe speciali: aggiunti alla lega possono migliorare la durezza, la resistenza all&#8217;usura e la resistenza alle alte temperature della lega, come nell&#8217;acciaio ad alta velocit\u00e0, possono essere aggiunti per migliorarne le prestazioni di taglio e la durata.<\/p>\n<p>Nel campo dell&#8217;industria nucleare: grazie alla sua capacit\u00e0 di assorbimento dei neutroni, pu\u00f2 essere utilizzato come materiale di assorbimento dei neutroni nei reattori nucleari per aiutare a controllare la velocit\u00e0 della reazione nucleare.<\/p>\n<p>Nel campo della superconduttivit\u00e0: Presenta propriet\u00e0 superconduttive in condizioni specifiche, che forniscono una nuova scelta per la ricerca e lo sviluppo di materiali superconduttori e si prevede che venga applicato alla trasmissione di alta energia e ai magneti superconduttori.<\/p>\n<h2><span style=\"font-size: 14pt;\">Controllo qualit\u00e0<\/span><\/h2>\n<p><span style=\"color: #0000ff;\"><a style=\"color: #0000ff;\" href=\"https:\/\/vimaterial.de\/en\/quality-control\/\">VI HALBLEITERMATERIAL GmbH<\/a><\/span> si impegna a garantire un elevato controllo di qualit\u00e0 e la coerenza dei lotti attraverso un rigoroso sistema di garanzia della qualit\u00e0, un rigoroso controllo di qualit\u00e0 in tutte le fasi della catena di produzione, il rispetto del principio di rilavorazione e rifacimento dei prodotti difettosi, il collaudo e il rilascio dei lotti in conformit\u00e0 con specifiche dettagliate, il rispetto degli standard pi\u00f9 elevati sotto tutti gli aspetti,  documentazione e tracciabilit\u00e0 dei lotti per garantire la fornitura di prodotti e servizi di alta qualit\u00e0.<\/p>\n<h2><span style=\"font-size: 14pt;\">Imballaggio e stoccaggio<\/span><\/h2>\n<p>Le polveri di boruro di manganese sono confezionate in sacchetti a doppio vuoto o in flaconi a doppio vuoto in cartoni esterni.<\/p>\n<p>Le polveri di boruro di manganese devono essere conservate in un ambiente asciutto, fresco e ben ventilato, sigillate, evitando il contatto con acqua, acidi forti e altre sostanze che possono avere reazioni chimiche, e la polvere di boruro di manganese deve essere conservata in un ambiente asciutto, fresco e ben ventilato, sigillato, evitando il contatto con acqua, acidi forti e altre sostanze che possono avere reazioni chimiche e prevenendo l&#8217;umidit\u00e0 e l&#8217;ossidazione.<\/p>\n","protected":false},"excerpt":{"rendered":"<p>La polvere di <span style=\"color: #0000ff;\"><a style=\"color: #0000ff;\" href=\"https:\/\/vimaterial.de\/en\/product\/manganese-boride\/\">boruro di manganese<\/a><\/span> \u00e8 un tipo di polvere composta di boruro di manganese, solitamente di aspetto nero o grigio-nero, con elevata durezza e punto di fusione, chimicamente stabile e la sua struttura cristallina appartiene al sistema cristallino esagonale, che \u00e8 potenzialmente applicabile nei campi dei materiali resistenti all&#8217;usura, dei materiali ceramici, dei materiali superconduttori e cos\u00ec via.<\/p>\n","protected":false},"featured_media":1001541,"comment_status":"open","ping_status":"closed","template":"","meta":{"_acf_changed":false},"product_brand":[],"product_cat":[202],"product_tag":[],"class_list":{"0":"post-1013715","1":"product","2":"type-product","3":"status-publish","4":"has-post-thumbnail","6":"product_cat-materiali-c-n-b-si","8":"first","9":"instock","10":"shipping-taxable","11":"product-type-variable"},"acf":[],"_links":{"self":[{"href":"https:\/\/vimaterial.de\/it\/wp-json\/wp\/v2\/product\/1013715","targetHints":{"allow":["GET"]}}],"collection":[{"href":"https:\/\/vimaterial.de\/it\/wp-json\/wp\/v2\/product"}],"about":[{"href":"https:\/\/vimaterial.de\/it\/wp-json\/wp\/v2\/types\/product"}],"replies":[{"embeddable":true,"href":"https:\/\/vimaterial.de\/it\/wp-json\/wp\/v2\/comments?post=1013715"}],"wp:featuredmedia":[{"embeddable":true,"href":"https:\/\/vimaterial.de\/it\/wp-json\/wp\/v2\/media\/1001541"}],"wp:attachment":[{"href":"https:\/\/vimaterial.de\/it\/wp-json\/wp\/v2\/media?parent=1013715"}],"wp:term":[{"taxonomy":"product_brand","embeddable":true,"href":"https:\/\/vimaterial.de\/it\/wp-json\/wp\/v2\/product_brand?post=1013715"},{"taxonomy":"product_cat","embeddable":true,"href":"https:\/\/vimaterial.de\/it\/wp-json\/wp\/v2\/product_cat?post=1013715"},{"taxonomy":"product_tag","embeddable":true,"href":"https:\/\/vimaterial.de\/it\/wp-json\/wp\/v2\/product_tag?post=1013715"}],"curies":[{"name":"wp","href":"https:\/\/api.w.org\/{rel}","templated":true}]}}