{"id":1013617,"date":"2024-06-17T14:38:03","date_gmt":"2024-06-17T06:38:03","guid":{"rendered":"https:\/\/vimaterial.de\/product\/ossido-di-manganese-4\/"},"modified":"2025-04-17T11:38:33","modified_gmt":"2025-04-17T03:38:33","slug":"ossido-di-manganese-4","status":"publish","type":"product","link":"https:\/\/vimaterial.de\/it\/product\/ossido-di-manganese-4\/","title":{"rendered":"Ossido di manganese"},"content":{"rendered":"<p><span style=\"color: #0000ff;\"><a style=\"color: #0000ff;\" href=\"https:\/\/vimaterial.de\/en\/product\/manganese-oxide-5\/\">La<\/a><\/span> polvere di ossido di manganese \u00e8 una polvere di ossido di manganese grigio-verde con una struttura cristallina ionica, che viene utilizzata principalmente in molti campi come le reazioni di ossidazione nella chimica organica, la produzione di pigmenti nell&#8217;industria della ceramica e del vetro e come additivo nei materiali delle batterie.<\/p>\n<p>VIMATERIAL offre polveri di ossido di manganese ad alta purezza. Le nostre polveri sono caratterizzate da elevata purezza, granulometria omogenea, buona attivit\u00e0 chimica e stabilit\u00e0.<br \/>\nSiamo stati impegnati in materie prime chimiche inorganiche per molti anni, abbiamo un team di ricerca e sviluppo tecnico professionale, accettiamo la personalizzazione del prodotto e gli esperimenti, se hai bisogno non esitare <a href=\"https:\/\/vimaterial.de\/en\/contact-us\/\"><span style=\"color: #0000ff;\">a contattarci<\/span><\/a>. <\/p>\n<h2><span style=\"font-size: 14pt;\">Propriet\u00e0 fisiche<\/span><\/h2>\n<p>Formula molecolare: MnO<\/p>\n<p>Peso molecolare: 70,9374<\/p>\n<p>Aspetto: polvere di cristallo cubica verde erba o grigio-verde.<\/p>\n<p>Densit\u00e0: Densit\u00e0 relativa 5,09-5,19<\/p>\n<p>Punto di fusione: 1650\u00b0C<\/p>\n<p>Struttura cristallina: I cristalli sono reticoli cubici a facce centrate (tipo cloruro di sodio)<\/p>\n<h2><span style=\"font-size: 14pt;\">Applicazione<\/span><\/h2>\n<p>Industria siderurgica: la polvere di MnO viene utilizzata per la disossidazione e la desolforazione nell&#8217;industria siderurgica, che migliora la qualit\u00e0 e le prestazioni dell&#8217;acciaio rimuovendo le impurit\u00e0 di ossigeno e zolfo dall&#8217;acciaio.<\/p>\n<p>Industria delle batterie: le polveri di MnO sono utilizzate come componente importante dei materiali degli elettrodi nelle batterie, dove partecipano alla reazione elettrochimica e aiutano a migliorare le prestazioni di carica e scarica e la durata del ciclo delle batterie.<\/p>\n<p>Catalisi chimica: le polveri di MnO sono catalizzatori efficaci, accelerando la velocit\u00e0 delle reazioni chimiche nella sintesi organica, ad esempio, facilitando la conversione dei substrati in alcune reazioni di ossidazione.<\/p>\n<p>Materiali magnetici: Grazie alle loro propriet\u00e0 magnetiche, le polveri di MnO possono essere utilizzate nella produzione di materiali magnetici, fornendo una fonte di magnetismo per la produzione di supporti di registrazione magnetici e altri prodotti.<\/p>\n<p>Ceramica: le polveri di MnO possono essere utilizzate come pigmenti o additivi nella produzione di ceramiche per conferire colori speciali alla ceramica e per migliorare la sinterizzazione e le propriet\u00e0 meccaniche della ceramica.<\/p>\n<h2><span style=\"font-size: 14pt;\">Controllo qualit\u00e0<\/span><\/h2>\n<p><span style=\"color: #0000ff;\"><a style=\"color: #0000ff;\" href=\"https:\/\/vimaterial.de\/en\/quality-control\/\">VI HALBLEITERMATERIAL Gm<span style=\"color: #0000ff;\">b<\/span><\/a>H<\/span> si impegna per un controllo di alta qualit\u00e0 e coerenza dei lotti attraverso l&#8217;uso di un rigoroso sistema di garanzia della qualit\u00e0, un rigoroso controllo di qualit\u00e0 in tutte le fasi della catena di produzione, il rispetto del principio di rilavorazione e rifacimento dei prodotti difettosi, il collaudo e il rilascio dei lotti in conformit\u00e0 con specifiche dettagliate, il rispetto degli standard pi\u00f9 elevati in tutti gli aspetti,  e mantenere la documentazione e la tracciabilit\u00e0 dei lotti per garantire la fornitura di prodotti e servizi di alta qualit\u00e0.<\/p>\n<h2><span style=\"font-size: 14pt;\">Imballaggio e stoccaggio<\/span><\/h2>\n<p>La polvere di ossido di manganese \u00e8 confezionata in sacchetti a doppio vuoto o in flaconi a doppio vuoto in cartoni.<\/p>\n<p>Le polveri di ossido di manganese devono essere conservate in un ambiente asciutto, fresco e ben ventilato, lontano da fonti di accensione, calore e sostanze incompatibili, e confezionate in confezioni ben sigillate per evitare l&#8217;umidit\u00e0 e la contaminazione da altre impurit\u00e0.<\/p>\n","protected":false},"excerpt":{"rendered":"<p><span style=\"color: #0000ff;\"><a style=\"color: #0000ff;\" href=\"https:\/\/vimaterial.de\/en\/product\/manganese-oxide-5\/\">La<\/a><\/span> polvere di ossido di manganese \u00e8 una polvere di ossido di manganese grigio-verde con una struttura cristallina ionica, che viene utilizzata principalmente in molti campi come le reazioni di ossidazione nella chimica organica, la produzione di pigmenti nell&#8217;industria della ceramica e del vetro e come additivo nei materiali delle batterie.<\/p>\n","protected":false},"featured_media":1001620,"comment_status":"open","ping_status":"closed","template":"","meta":{"_acf_changed":false},"product_brand":[],"product_cat":[205],"product_tag":[],"class_list":{"0":"post-1013617","1":"product","2":"type-product","3":"status-publish","4":"has-post-thumbnail","6":"product_cat-materiali-ossidi-idrossidi","8":"first","9":"instock","10":"shipping-taxable","11":"purchasable","12":"product-type-variable"},"acf":[],"_links":{"self":[{"href":"https:\/\/vimaterial.de\/it\/wp-json\/wp\/v2\/product\/1013617","targetHints":{"allow":["GET"]}}],"collection":[{"href":"https:\/\/vimaterial.de\/it\/wp-json\/wp\/v2\/product"}],"about":[{"href":"https:\/\/vimaterial.de\/it\/wp-json\/wp\/v2\/types\/product"}],"replies":[{"embeddable":true,"href":"https:\/\/vimaterial.de\/it\/wp-json\/wp\/v2\/comments?post=1013617"}],"wp:featuredmedia":[{"embeddable":true,"href":"https:\/\/vimaterial.de\/it\/wp-json\/wp\/v2\/media\/1001620"}],"wp:attachment":[{"href":"https:\/\/vimaterial.de\/it\/wp-json\/wp\/v2\/media?parent=1013617"}],"wp:term":[{"taxonomy":"product_brand","embeddable":true,"href":"https:\/\/vimaterial.de\/it\/wp-json\/wp\/v2\/product_brand?post=1013617"},{"taxonomy":"product_cat","embeddable":true,"href":"https:\/\/vimaterial.de\/it\/wp-json\/wp\/v2\/product_cat?post=1013617"},{"taxonomy":"product_tag","embeddable":true,"href":"https:\/\/vimaterial.de\/it\/wp-json\/wp\/v2\/product_tag?post=1013617"}],"curies":[{"name":"wp","href":"https:\/\/api.w.org\/{rel}","templated":true}]}}