{"id":1013552,"date":"2024-06-17T14:39:05","date_gmt":"2024-06-17T06:39:05","guid":{"rendered":"https:\/\/vimaterial.de\/product\/tellururo-di-manganese\/"},"modified":"2025-04-17T10:39:17","modified_gmt":"2025-04-17T02:39:17","slug":"tellururo-di-manganese","status":"publish","type":"product","link":"https:\/\/vimaterial.de\/it\/product\/tellururo-di-manganese\/","title":{"rendered":"Tellururo di manganese"},"content":{"rendered":"<p>I granuli di Manganese Fillururo sono un composto granulare costituito da manganese e tellurio, che pu\u00f2 avere un aspetto nero o grigio, ha propriet\u00e0 semiconduttrici e ha potenziali applicazioni in materiali termoelettrici, dispositivi elettronici, ecc. e deve essere conservato in un ambiente adatto per evitare cambiamenti nelle sue propriet\u00e0.<\/p>\n<p>VIMATERIAL fornisce granuli di tellururo di manganese, la nostra azienda produce granuli di telluride di manganese con elevata purezza, granulometria uniforme e buona cristallinit\u00e0, abbiamo un team di ricerca e sviluppo tecnico professionale, accettiamo tutti i prodotti per la personalizzazione e la sperimentazione, se hai bisogno di contattaci Contattaci se ne hai bisogno.<\/p>\n<h2><span style=\"font-size: 14pt;\">Propriet\u00e0 fisiche<\/span><\/h2>\n<p>Formula molecolare: MnTe<\/p>\n<p>Peso molecolare: 182,54<\/p>\n<p>Aspetto: solitamente cristallo nero<\/p>\n<p>Densit\u00e0: 6.000g\/cm\u00b3<\/p>\n<p>Punto di fusione: circa 1150-1177\u00b0C<\/p>\n<p>Struttura cristallina: Struttura esagonale NiAs, gruppo spaziale P63\/mmc, costanti reticolari a = 412 pm, c = 670 pm.<\/p>\n<h2><span style=\"font-size: 14pt;\">Applicazioni<\/span><\/h2>\n<p>Campo termoelettrico: i granuli di tellururo di manganese possono essere utilizzati per produrre componenti chiave di generatori termoelettrici, utilizzando le sue propriet\u00e0 di conversione termoelettrica per convertire l&#8217;energia termica direttamente in energia elettrica, fornendo energia stabile per piccoli dispositivi elettronici o sensori in aree remote.<\/p>\n<p>Materiali elettronici: i granuli di tellururo di manganese possono essere utilizzati come droganti o componenti in dispositivi a semiconduttore per modulare con precisione le propriet\u00e0 elettriche del materiale, migliorando cos\u00ec le prestazioni e la stabilit\u00e0 di componenti elettronici come transistor e diodi e soddisfacendo la domanda di prodotti elettronici moderni sempre pi\u00f9 miniaturizzati e ad alte prestazioni.<\/p>\n<p>Applicazioni magnetiche: Grazie alle loro propriet\u00e0 magnetiche uniche, i granuli di tellururo di manganese vengono utilizzati nella produzione di supporti di memorizzazione magnetici ad alte prestazioni, come dischi rigidi e altri dispositivi di archiviazione, per aumentare significativamente la densit\u00e0 di archiviazione dei dati e la velocit\u00e0 di lettura\/scrittura e per promuovere lo sviluppo della tecnologia di archiviazione delle informazioni.<\/p>\n<p>Campo ottico: i granuli di tellururo di manganese appositamente trattati possono essere utilizzati come additivi per materiali ottici, utilizzati nella produzione di dispositivi ottici a infrarossi, migliorando efficacemente la trasmittanza e la sensibilit\u00e0 dei componenti ottici nella banda dell&#8217;infrarosso, svolgendo un ruolo chiave nel rilevamento a infrarossi, nell&#8217;imaging termico e in altri campi, ampliando l&#8217;ambito di applicazione delle apparecchiature ottiche.<\/p>\n<h2><span style=\"font-size: 14pt;\">Controllo qualit\u00e0<\/span><\/h2>\n<p>Per ogni lotto viene adottato un rigoroso sistema di garanzia della qualit\u00e0 per garantire l&#8217;affidabilit\u00e0 della qualit\u00e0 del prodotto. Un rigoroso controllo di qualit\u00e0 \u00e8 implementato in tutta la catena di produzione e applichiamo rigorosamente il principio della rilavorazione e del rifacimento dei prodotti difettosi. I nostri prodotti soddisfano tutti gli standard ASTM e specifici del settore.  <\/p>\n<h2><span style=\"font-size: 14pt;\">Imballaggio e stoccaggio<\/span><\/h2>\n<p>I granuli di Manganese Tellururo sono confezionati in flaconi a doppio vuoto, in sacchetti sottovuoto esterni e poi in cartoni.<\/p>\n<p>I granuli di Manganese Bendururo devono essere conservati in un ambiente asciutto, fresco, ermetico, protetto da umidit\u00e0 e ossidazione e lontano da acidi, alcali e altri prodotti chimici per evitare cambiamenti nella loro struttura chimica e propriet\u00e0.<\/p>\n","protected":false},"excerpt":{"rendered":"<p>I granuli di Manganese Fillururo sono un composto granulare costituito da manganese e tellurio, che pu\u00f2 avere un aspetto nero o grigio, ha propriet\u00e0 semiconduttrici e ha potenziali applicazioni in materiali termoelettrici, dispositivi elettronici, ecc. e deve essere conservato in un ambiente adatto per evitare cambiamenti nelle sue propriet\u00e0.<\/p>\n","protected":false},"featured_media":1001672,"comment_status":"open","ping_status":"closed","template":"","meta":{"_acf_changed":false},"product_brand":[],"product_cat":[198],"product_tag":[],"class_list":{"0":"post-1013552","1":"product","2":"type-product","3":"status-publish","4":"has-post-thumbnail","6":"product_cat-materiali-per-levaporazione","8":"first","9":"instock","10":"shipping-taxable","11":"product-type-variable"},"acf":[],"_links":{"self":[{"href":"https:\/\/vimaterial.de\/it\/wp-json\/wp\/v2\/product\/1013552","targetHints":{"allow":["GET"]}}],"collection":[{"href":"https:\/\/vimaterial.de\/it\/wp-json\/wp\/v2\/product"}],"about":[{"href":"https:\/\/vimaterial.de\/it\/wp-json\/wp\/v2\/types\/product"}],"replies":[{"embeddable":true,"href":"https:\/\/vimaterial.de\/it\/wp-json\/wp\/v2\/comments?post=1013552"}],"wp:featuredmedia":[{"embeddable":true,"href":"https:\/\/vimaterial.de\/it\/wp-json\/wp\/v2\/media\/1001672"}],"wp:attachment":[{"href":"https:\/\/vimaterial.de\/it\/wp-json\/wp\/v2\/media?parent=1013552"}],"wp:term":[{"taxonomy":"product_brand","embeddable":true,"href":"https:\/\/vimaterial.de\/it\/wp-json\/wp\/v2\/product_brand?post=1013552"},{"taxonomy":"product_cat","embeddable":true,"href":"https:\/\/vimaterial.de\/it\/wp-json\/wp\/v2\/product_cat?post=1013552"},{"taxonomy":"product_tag","embeddable":true,"href":"https:\/\/vimaterial.de\/it\/wp-json\/wp\/v2\/product_tag?post=1013552"}],"curies":[{"name":"wp","href":"https:\/\/api.w.org\/{rel}","templated":true}]}}