{"id":1013540,"date":"2024-06-17T14:39:12","date_gmt":"2024-06-17T06:39:12","guid":{"rendered":"https:\/\/vimaterial.de\/product\/manganese-tungstato\/"},"modified":"2025-04-17T10:36:16","modified_gmt":"2025-04-17T02:36:16","slug":"manganese-tungstato","status":"publish","type":"product","link":"https:\/\/vimaterial.de\/it\/product\/manganese-tungstato\/","title":{"rendered":"Tungstato di manganese"},"content":{"rendered":"<p>La polvere di manganese tungstato \u00e8 una polvere composta a base di manganese e tungsteno, solitamente di aspetto giallo chiaro o bianco-grigiastro, insolubile in acqua, con propriet\u00e0 chimiche stabili e ad alta densit\u00e0, svolge un ruolo nell&#8217;ottica, nell&#8217;elettronica, nella catalisi e in altri campi, pu\u00f2 essere utilizzata nella produzione di materiali ottici, componenti elettronici e catalizzatori e cos\u00ec via.<\/p>\n<p>VIMATERIAl offre polvere di manganese tungstato. La nostra polvere di manganese tungstato presenta i vantaggi di una dimensione uniforme delle particelle, un basso contenuto di impurit\u00e0, un&#8217;elevata stabilit\u00e0 chimica e buone prestazioni nelle applicazioni. Abbiamo un team di ricerca e sviluppo tecnologico professionale, accettiamo prodotti personalizzati e sperimentali, se ne hai bisogno <span style=\"color: #0000ff;\"><a style=\"color: #0000ff;\" href=\"https:\/\/vimaterial.de\/en\/contact-us\/\">contattaci.<\/a><\/span>  <\/p>\n<h2><span style=\"font-size: 14pt;\">Propriet\u00e0 fisiche<\/span><\/h2>\n<p>Formula molecolare: MnWO\u2084<\/p>\n<p>Peso molecolare: 302,78<\/p>\n<p>Aspetto: polvere solitamente giallo chiaro o bianco sporco<\/p>\n<p>Densit\u00e0: circa 7,2 &#8211; 7,324 g\/cm\u00b3.<\/p>\n<p>Struttura cristallina: il suo sale anidro \u00e8 solitamente un sistema cristallino romboedrico, l&#8217;idrato ha una struttura cristallina diversa, come il diidrato \u00e8 una polvere bianca grigiastra ottenuta aggiungendo tungstato di sodio alla soluzione di sale di manganese e precipitata, diventer\u00e0 anidra una volta riscaldata.<\/p>\n<h2><span style=\"font-size: 14pt;\">Applicazione<\/span><\/h2>\n<p>Campo metallurgico: utilizzato nella produzione di leghe, che possono migliorare la resistenza e la resistenza all&#8217;usura dei metalli.<\/p>\n<p>Campo elettronico: pu\u00f2 essere utilizzato nella produzione di dispositivi optoelettronici, elettrodi per batterie, ecc. Viene anche utilizzato in alcuni componenti elettronici che richiedono un&#8217;elevata conduttivit\u00e0 a causa della sua buona conduttivit\u00e0 ad alta temperatura. <\/p>\n<p>Campo chimico: utilizzato come catalizzatore elettrochimico per catalizzare la reazione di ossidazione.<\/p>\n<p>Campo di sperimentazione e analisi chimica: utilizzato come reagente per esperimenti chimici e chimica di analisi.<\/p>\n<h2><span style=\"font-size: 14pt;\">Controllo qualit\u00e0<\/span><\/h2>\n<p><span style=\"color: #0000ff;\"><a style=\"color: #0000ff;\" href=\"https:\/\/vimaterial.de\/en\/quality-control\/\">Ogni lotto<\/a><\/span> dei nostri prodotti parte dall&#8217;attenta selezione delle materie prime e passa attraverso diversi processi avanzati, con un rigoroso controllo dei parametri e un monitoraggio in tempo reale in ogni fase. L&#8217;intero processo di produzione segue il sistema internazionale di gestione della qualit\u00e0 e l&#8217;uso di apparecchiature di collaudo ad alta precisione esegue test di precisione a tutto tondo della distribuzione granulometrica, della purezza, del contenuto di impurit\u00e0 e di altri indicatori chiave, senza risparmiare piccoli difetti, al fine di garantire la qualit\u00e0 di ogni lotto di prodotti. <\/p>\n<h2><span style=\"font-size: 14pt;\">Imballaggio e stoccaggio<\/span><\/h2>\n<p>La polvere di manganese tungstato \u00e8 confezionata in doppi sacchetti sottovuoto o bottiglie e cartoni.<\/p>\n<p>La polvere di manganese tungstato deve essere conservata in un ambiente asciutto, fresco e ben ventilato, sigillata e conservata in un luogo sigillato, evitando il contatto con sostanze fortemente corrosive come acidi e alcali e prevenendo l&#8217;umidit\u00e0 e la contaminazione, in modo da garantire che le sue propriet\u00e0 chimiche siano stabili.<\/p>\n","protected":false},"excerpt":{"rendered":"<p>La polvere di manganese tungstato \u00e8 una polvere composta a base di manganese e tungsteno, solitamente di aspetto giallo chiaro o bianco-grigiastro, insolubile in acqua, con propriet\u00e0 chimiche stabili e ad alta densit\u00e0, svolge un ruolo nell&#8217;ottica, nell&#8217;elettronica, nella catalisi e in altri campi, pu\u00f2 essere utilizzata nella produzione di materiali ottici, componenti elettronici e catalizzatori e cos\u00ec via.<\/p>\n","protected":false},"featured_media":1001688,"comment_status":"open","ping_status":"closed","template":"","meta":{"_acf_changed":false},"product_brand":[],"product_cat":[206],"product_tag":[],"class_list":{"0":"post-1013540","1":"product","2":"type-product","3":"status-publish","4":"has-post-thumbnail","6":"product_cat-altri-materiali","8":"first","9":"instock","10":"shipping-taxable","11":"purchasable","12":"product-type-variable"},"acf":[],"_links":{"self":[{"href":"https:\/\/vimaterial.de\/it\/wp-json\/wp\/v2\/product\/1013540","targetHints":{"allow":["GET"]}}],"collection":[{"href":"https:\/\/vimaterial.de\/it\/wp-json\/wp\/v2\/product"}],"about":[{"href":"https:\/\/vimaterial.de\/it\/wp-json\/wp\/v2\/types\/product"}],"replies":[{"embeddable":true,"href":"https:\/\/vimaterial.de\/it\/wp-json\/wp\/v2\/comments?post=1013540"}],"wp:featuredmedia":[{"embeddable":true,"href":"https:\/\/vimaterial.de\/it\/wp-json\/wp\/v2\/media\/1001688"}],"wp:attachment":[{"href":"https:\/\/vimaterial.de\/it\/wp-json\/wp\/v2\/media?parent=1013540"}],"wp:term":[{"taxonomy":"product_brand","embeddable":true,"href":"https:\/\/vimaterial.de\/it\/wp-json\/wp\/v2\/product_brand?post=1013540"},{"taxonomy":"product_cat","embeddable":true,"href":"https:\/\/vimaterial.de\/it\/wp-json\/wp\/v2\/product_cat?post=1013540"},{"taxonomy":"product_tag","embeddable":true,"href":"https:\/\/vimaterial.de\/it\/wp-json\/wp\/v2\/product_tag?post=1013540"}],"curies":[{"name":"wp","href":"https:\/\/api.w.org\/{rel}","templated":true}]}}