{"id":1013508,"date":"2024-06-17T14:39:15","date_gmt":"2024-06-17T06:39:15","guid":{"rendered":"https:\/\/vimaterial.de\/product\/metallo-ferroso-6\/"},"modified":"2025-04-17T10:34:15","modified_gmt":"2025-04-17T02:34:15","slug":"metallo-ferroso-6","status":"publish","type":"product","link":"https:\/\/vimaterial.de\/it\/product\/metallo-ferroso-6\/","title":{"rendered":"Ferro metallico"},"content":{"rendered":"<p>La lamina metallica di ferro \u00e8 un prodotto di ferro estremamente sottile sotto forma di foglio con buona flessibilit\u00e0, conduttivit\u00e0 elettrica e termica, che pu\u00f2 essere utilizzato in imballaggi, schermature elettromagnetiche, decorazioni e molti altri campi.<\/p>\n<p>VIMATERIAL fornisce molti tipi di fogli di metallo di ferro, la nostra azienda produce fogli di metallo di ferro con elevata purezza, buona flessibilit\u00e0 e caratteristiche di superficie liscia del prodotto, abbiamo un team di ricerca e sviluppo tecnico professionale, accettiamo tutti i prodotti personalizzati e sperimentali, se ne hai bisogno <span style=\"color: #0000ff;\"><a style=\"color: #0000ff;\" href=\"https:\/\/vimaterial.de\/en\/contact-us\/\">contattaci<\/a><\/span>.<\/p>\n<h2><span style=\"font-size: 14pt;\">Propriet\u00e0 fisiche<\/span><\/h2>\n<p>Formula molecolare: Fe<\/p>\n<p>Peso molecolare: 55.845<\/p>\n<p>Aspetto: scaglie solitamente grigio-argento con lucentezza metallica sulla superficie, consistenza tenace e buona flessibilit\u00e0.<\/p>\n<p>Densit\u00e0: 7,86 g\/cm\u00b3<\/p>\n<p>Punto di fusione: 1535\u00b0C<\/p>\n<p>Punto di ebollizione: circa 2800\u00b0C<\/p>\n<p>Struttura cristallina: Reticolo cubico centrato sul corpo a temperatura ambiente.<\/p>\n<h2><span style=\"font-size: 14pt;\">Applicazioni<\/span><\/h2>\n<p>Campo di imballaggio: la lamina metallica di ferro pu\u00f2 essere utilizzata nell&#8217;imballaggio di prodotti alimentari, medicinali e altri prodotti, che possono fornire buone prestazioni di barriera, prevenire l&#8217;erosione di ossigeno, vapore acqueo e altri prodotti e prolungare la durata di conservazione dei prodotti.<\/p>\n<p>Campo elettronico: nei componenti elettronici, la lamina metallica di ferro pu\u00f2 essere utilizzata come materiale di schermatura elettromagnetica, attraverso l&#8217;assorbimento e la riflessione delle radiazioni elettromagnetiche, prevenendo efficacemente le apparecchiature elettroniche da interferenze elettromagnetiche esterne, per garantire il normale funzionamento delle apparecchiature elettroniche.<\/p>\n<p>Campo energetico: Nella produzione di batterie, la lamina di ferro metallico pu\u00f2 essere utilizzata come substrato dei materiali degli elettrodi, in virt\u00f9 della sua buona conduttivit\u00e0 elettrica, per fornire canali di conduzione elettronica per la reazione dell&#8217;elettrodo della batteria, per migliorare le prestazioni della batteria.<\/p>\n<p>Industria chimica: come vettore per catalizzatori, la lamina di ferro metallico pu\u00f2 fornire un&#8217;ampia superficie specifica, in modo che il catalizzatore possa essere meglio disperso sulla sua superficie, migliorando cos\u00ec efficacemente l&#8217;efficienza della reazione catalitica.<\/p>\n<h2><span style=\"font-size: 14pt;\">Controllo qualit\u00e0<\/span><\/h2>\n<p>Per ogni lotto viene adottato <span style=\"color: #0000ff;\"><a style=\"color: #0000ff;\" href=\"https:\/\/vimaterial.de\/en\/quality-control\/\">un rigoroso sistema di garanzia della qualit\u00e0<\/a><\/span> per garantire l&#8217;affidabilit\u00e0 della qualit\u00e0 del prodotto. Un rigoroso controllo di qualit\u00e0 \u00e8 implementato in tutta la catena di produzione e applichiamo rigorosamente il principio della rilavorazione e del rifacimento dei prodotti difettosi. I nostri prodotti soddisfano tutti gli standard ASTM e specifici del settore.  <\/p>\n<h2><span style=\"font-size: 14pt;\">Imballaggio e stoccaggio<\/span><\/h2>\n<p>Le lamine di ferro e metallo sono confezionate in scatole a doppio strato, confezionate sottovuoto all&#8217;esterno e confezionate in cartoni.<\/p>\n<p>Le lamine metalliche di ferro devono essere conservate in un ambiente asciutto e ben ventilato, evitando il contatto con acqua, acidi e alcali forti e altre sostanze corrosive, nonch\u00e9 lontano da alte temperature e fonti di accensione per prevenire l&#8217;ossidazione e i rischi di incendio.<\/p>\n","protected":false},"excerpt":{"rendered":"<p>La lamina metallica di ferro \u00e8 un prodotto di ferro estremamente sottile sotto forma di foglio con buona flessibilit\u00e0, conduttivit\u00e0 elettrica e termica, che pu\u00f2 essere utilizzato in imballaggi, schermature elettromagnetiche, decorazioni e molti altri campi.<\/p>\n","protected":false},"featured_media":1001695,"comment_status":"open","ping_status":"closed","template":"","meta":{"_acf_changed":false},"product_brand":[],"product_cat":[207],"product_tag":[],"class_list":{"0":"post-1013508","1":"product","2":"type-product","3":"status-publish","4":"has-post-thumbnail","6":"product_cat-profilo","8":"first","9":"instock","10":"shipping-taxable","11":"purchasable","12":"product-type-variable"},"acf":[],"_links":{"self":[{"href":"https:\/\/vimaterial.de\/it\/wp-json\/wp\/v2\/product\/1013508","targetHints":{"allow":["GET"]}}],"collection":[{"href":"https:\/\/vimaterial.de\/it\/wp-json\/wp\/v2\/product"}],"about":[{"href":"https:\/\/vimaterial.de\/it\/wp-json\/wp\/v2\/types\/product"}],"replies":[{"embeddable":true,"href":"https:\/\/vimaterial.de\/it\/wp-json\/wp\/v2\/comments?post=1013508"}],"wp:featuredmedia":[{"embeddable":true,"href":"https:\/\/vimaterial.de\/it\/wp-json\/wp\/v2\/media\/1001695"}],"wp:attachment":[{"href":"https:\/\/vimaterial.de\/it\/wp-json\/wp\/v2\/media?parent=1013508"}],"wp:term":[{"taxonomy":"product_brand","embeddable":true,"href":"https:\/\/vimaterial.de\/it\/wp-json\/wp\/v2\/product_brand?post=1013508"},{"taxonomy":"product_cat","embeddable":true,"href":"https:\/\/vimaterial.de\/it\/wp-json\/wp\/v2\/product_cat?post=1013508"},{"taxonomy":"product_tag","embeddable":true,"href":"https:\/\/vimaterial.de\/it\/wp-json\/wp\/v2\/product_tag?post=1013508"}],"curies":[{"name":"wp","href":"https:\/\/api.w.org\/{rel}","templated":true}]}}