{"id":1013487,"date":"2024-06-17T14:39:41","date_gmt":"2024-06-17T06:39:41","guid":{"rendered":"https:\/\/vimaterial.de\/product\/metallo-ferroso-5\/"},"modified":"2025-04-17T10:30:30","modified_gmt":"2025-04-17T02:30:30","slug":"metallo-ferroso-5","status":"publish","type":"product","link":"https:\/\/vimaterial.de\/it\/product\/metallo-ferroso-5\/","title":{"rendered":"Ferro metallico"},"content":{"rendered":"<p>I granuli di ferro metallico sono minuscole particelle composte da ferro come metallo, solitamente solide, con una lucentezza metallica, una buona conduttivit\u00e0 elettrica, conduttivit\u00e0 termica e in determinate condizioni possono avere una reazione chimica con ossigeno, acqua e altre sostanze, come in un ambiente umido soggetto a ruggine, possono essere utilizzate nella produzione di ferro e acciaio per realizzare una variet\u00e0 di materiali strutturali,  parti meccaniche, nella produzione di materiali magnetici, catalizzatori, Viene utilizzato anche in materiali magnetici, catalizzatori, metallurgia delle polveri e come integratore alimentare nell&#8217;alimentazione e in altre industrie.<\/p>\n<p>VIMATERIAL fornisce granuli di ferro metallico, la nostra azienda produce granuli di ferro metallico con elevata purezza, granulometria uniforme e basso contenuto di impurit\u00e0, abbiamo un team di ricerca e sviluppo tecnico professionale, accettiamo tutti i prodotti personalizzati e sperimentali, se ne hai bisogno <span style=\"color: #0000ff;\"><a style=\"color: #0000ff;\" href=\"https:\/\/vimaterial.de\/en\/contact-us\/\">non esitare a contattarci.<\/a><\/span><\/p>\n<h2><span style=\"font-size: 14pt;\">Propriet\u00e0 fisiche<\/span><\/h2>\n<p>Formula molecolare: Fe<\/p>\n<p>Peso molecolare: 55,85<\/p>\n<p>Aspetto: Di solito grana fine amorfa o polvere da grigia a grigio-nera, con lucentezza molto leggera.<\/p>\n<p>Densit\u00e0: 7,86 g\/mL a 25\u00b0C<\/p>\n<p>Punto di fusione: 1535\u00b0C<\/p>\n<p>Punto di ebollizione: 2750\u00b0C<\/p>\n<p>Struttura cristallina: diverse strutture cristalline a diverse temperature, a temperatura ambiente fino a 911\u00b0C \u00e8 una struttura cubica centrata sul corpo (\u03b1-Fe); a 911\u00b0C &#8211; 1394\u00b0C passa alla struttura cubica a facce centrate (\u03b3-Fe); a 1394\u00b0C dal punto di fusione si trova una struttura cubica a corpo centrato (\u03b4-Fe).<\/p>\n<h2><span style=\"font-size: 14pt;\">Applicazioni<\/span><\/h2>\n<p>Costruzione: i pellet di ferro metallico sono utilizzati nella produzione di acciaio per l&#8217;edilizia, che migliora la resistenza e la stabilit\u00e0 delle strutture edilizie ed \u00e8 una materia prima chiave nella produzione di grandi edifici come grattacieli e ponti.<\/p>\n<p>Macchinari: come materiale di base per le parti meccaniche, le particelle metalliche di ferro possono essere lavorate per realizzare una variet\u00e0 di parti meccaniche di alta precisione, come ingranaggi, alberi, ecc., per fornire una garanzia affidabile per il funzionamento efficiente dei macchinari.<\/p>\n<p>Industria automobilistica: nella produzione automobilistica, le particelle di ferro metallico sono un&#8217;importante materia prima per la produzione di motori, telai e altri componenti automobilistici, contribuendo a migliorare la sicurezza e la durata delle automobili.<\/p>\n<p>Materiali magnetici: le particelle metalliche di ferro possono essere utilizzate per produrre vari materiali magnetici, come elettromagneti, magneti permanenti, ecc., Che sono ampiamente utilizzati in apparecchiature elettroniche, motori e altri prodotti.<\/p>\n<p>Campo della metallurgia delle polveri: le particelle metalliche di ferro sono la materia prima chiave per il processo di metallurgia delle polveri, attraverso la pressatura e la sinterizzazione e altri processi, \u00e8 possibile produrre parti metalliche con forma complessa e alta precisione, fornendo un metodo di stampaggio altamente efficiente per la produzione industriale.<\/p>\n<h2><span style=\"font-size: 14pt;\">Controllo qualit\u00e0<\/span><\/h2>\n<p>Per ogni lotto viene adottato <span style=\"color: #0000ff;\"><a style=\"color: #0000ff;\" href=\"https:\/\/vimaterial.de\/en\/quality-control\/\">un rigoroso sistema di garanzia della qualit\u00e0<\/a><\/span> per garantire l&#8217;affidabilit\u00e0 della qualit\u00e0 del prodotto. Un rigoroso controllo di qualit\u00e0 \u00e8 implementato in tutta la catena di produzione e applichiamo rigorosamente il principio della rilavorazione e del rifacimento dei prodotti difettosi. I nostri prodotti soddisfano tutti gli standard ASTM e specifici del settore.  <\/p>\n<h2><span style=\"font-size: 14pt;\">Imballaggio e stoccaggio<\/span><\/h2>\n<p>I granuli di ferro metallico sono confezionati in sacchetti o flaconi sottovuoto doppi con imballaggio esterno in cartone.<\/p>\n<p>I granuli di ferro metallico devono essere conservati in un luogo fresco e asciutto, lontano da umidit\u00e0 e sostanze corrosive.<\/p>\n","protected":false},"excerpt":{"rendered":"<p>I granuli di ferro metallico sono minuscole particelle composte da ferro come metallo, solitamente solide, con una lucentezza metallica, una buona conduttivit\u00e0 elettrica, conduttivit\u00e0 termica e in determinate condizioni possono avere una reazione chimica con ossigeno, acqua e altre sostanze, come in un ambiente umido soggetto a ruggine, possono essere utilizzate nella produzione di ferro e acciaio per realizzare una variet\u00e0 di materiali strutturali,  parti meccaniche, nella produzione di materiali magnetici, catalizzatori, Viene utilizzato anche in materiali magnetici, catalizzatori, metallurgia delle polveri e come integratore alimentare nell&#8217;alimentazione e in altre industrie.<\/p>\n","protected":false},"featured_media":1001716,"comment_status":"open","ping_status":"closed","template":"","meta":{"_acf_changed":false},"product_brand":[],"product_cat":[198],"product_tag":[],"class_list":{"0":"post-1013487","1":"product","2":"type-product","3":"status-publish","4":"has-post-thumbnail","6":"product_cat-materiali-per-levaporazione","8":"first","9":"instock","10":"shipping-taxable","11":"purchasable","12":"product-type-variable"},"acf":[],"_links":{"self":[{"href":"https:\/\/vimaterial.de\/it\/wp-json\/wp\/v2\/product\/1013487","targetHints":{"allow":["GET"]}}],"collection":[{"href":"https:\/\/vimaterial.de\/it\/wp-json\/wp\/v2\/product"}],"about":[{"href":"https:\/\/vimaterial.de\/it\/wp-json\/wp\/v2\/types\/product"}],"replies":[{"embeddable":true,"href":"https:\/\/vimaterial.de\/it\/wp-json\/wp\/v2\/comments?post=1013487"}],"wp:featuredmedia":[{"embeddable":true,"href":"https:\/\/vimaterial.de\/it\/wp-json\/wp\/v2\/media\/1001716"}],"wp:attachment":[{"href":"https:\/\/vimaterial.de\/it\/wp-json\/wp\/v2\/media?parent=1013487"}],"wp:term":[{"taxonomy":"product_brand","embeddable":true,"href":"https:\/\/vimaterial.de\/it\/wp-json\/wp\/v2\/product_brand?post=1013487"},{"taxonomy":"product_cat","embeddable":true,"href":"https:\/\/vimaterial.de\/it\/wp-json\/wp\/v2\/product_cat?post=1013487"},{"taxonomy":"product_tag","embeddable":true,"href":"https:\/\/vimaterial.de\/it\/wp-json\/wp\/v2\/product_tag?post=1013487"}],"curies":[{"name":"wp","href":"https:\/\/api.w.org\/{rel}","templated":true}]}}