{"id":1013474,"date":"2024-06-17T14:39:15","date_gmt":"2024-06-17T06:39:15","guid":{"rendered":"https:\/\/vimaterial.de\/product\/metallo-ferroso-4\/"},"modified":"2025-04-17T10:32:37","modified_gmt":"2025-04-17T02:32:37","slug":"metallo-ferroso-4","status":"publish","type":"product","link":"https:\/\/vimaterial.de\/it\/product\/metallo-ferroso-4\/","title":{"rendered":"Ferro metallico"},"content":{"rendered":"<p>I granuli metallici di ferro sono un materiale ferroso granulare, di aspetto nero o grigio argento, con una lucentezza metallica, facile da ossidare e, allo stesso tempo, grazie alla natura del ferro e ha una buona conduttivit\u00e0 elettrica e termica, comunemente usato nella metallurgia, nella produzione di macchinari, nell&#8217;industria chimica e in molti altri campi.<\/p>\n<p>VIMATERIAL fornisce granuli di ferro metallico, la nostra azienda produce particelle di ferro metallico con elevata purezza, granulometria uniforme, basso contenuto di impurit\u00e0, abbiamo un team di ricerca e sviluppo tecnico professionale, accettiamo tutti i prodotti personalizzati e sperimentali, se necessario, contattaci.<\/p>\n<h2><span style=\"font-size: 14pt;\">Propriet\u00e0 fisiche<\/span><\/h2>\n<p>Formula molecolare: Fe<\/p>\n<p>Peso molecolare: 55.845<\/p>\n<p>Aspetto: particelle solitamente da grigie a grigio-nere<\/p>\n<p>Densit\u00e0: 7,86 g\/cm\u00b3<\/p>\n<p>Punto di fusione: 1535\u00b0C<\/p>\n<p>Punto di ebollizione: circa 2750\u00b0C<\/p>\n<p>Struttura cristallina: Reticolo cubico centrato sul corpo a temperatura ambiente, si trasforma in reticolo cubico centrato sulla faccia superiore a 911\u00b0C.<\/p>\n<h2><span style=\"font-size: 14pt;\">Applicazioni<\/span><\/h2>\n<p>Campo delle costruzioni: I granuli di ferro e metallo sono utilizzati nella produzione di acciaio da costruzione per migliorare la resistenza strutturale e la stabilit\u00e0 degli edifici.<\/p>\n<p>Campo di produzione automobilistica: \u00e8 un&#8217;importante materia prima per la produzione di parti di motori di automobili e telai di carrozzeria, che garantisce le prestazioni e la sicurezza delle automobili.<\/p>\n<p>Nel campo degli apparecchi elettronici ed elettrici: viene trasformato in componenti elettromagnetici per soddisfare la domanda di propriet\u00e0 elettromagnetiche dei prodotti elettronici e aiutare il normale funzionamento delle apparecchiature.<\/p>\n<p>Campo di lavorazione meccanica: trasformato in tutti i tipi di parti meccaniche attraverso la lavorazione, per garantire il funzionamento efficiente e la durata delle apparecchiature meccaniche.<\/p>\n<p>Industria chimica: come catalizzatore o materia prima per la reazione, partecipa a una variet\u00e0 di reazioni di sintesi chimica e promuove la produzione di prodotti chimici.<\/p>\n<h2><span style=\"font-size: 14pt;\">Controllo qualit\u00e0<\/span><\/h2>\n<p>Per ogni lotto viene adottato un rigoroso sistema di garanzia della qualit\u00e0 per garantire l&#8217;affidabilit\u00e0 della qualit\u00e0 del prodotto. Un rigoroso controllo di qualit\u00e0 \u00e8 implementato in tutta la catena di produzione e applichiamo rigorosamente il principio della rilavorazione e del rifacimento dei prodotti difettosi. I nostri prodotti soddisfano tutti gli standard ASTM e specifici del settore.  <\/p>\n<h2><span style=\"font-size: 14pt;\">Imballaggio e stoccaggio<\/span><\/h2>\n<p>I granuli di metalli ferrosi vengono confezionati in scatole a doppio strato con sacchetto sottovuoto esterno e poi confezionati in cartoni.<\/p>\n<p>I granuli di ferro metallico devono essere conservati in un ambiente interno asciutto e ben ventilato per evitare l&#8217;umidit\u00e0 e il contatto con sostanze corrosive e lontano da fonti di accensione per prevenire l&#8217;ossidazione e la combustione accidentale.<\/p>\n","protected":false},"excerpt":{"rendered":"<p>I granuli metallici di ferro sono un materiale ferroso granulare, di aspetto nero o grigio argento, con una lucentezza metallica, facile da ossidare e, allo stesso tempo, grazie alla natura del ferro e ha una buona conduttivit\u00e0 elettrica e termica, comunemente usato nella metallurgia, nella produzione di macchinari, nell&#8217;industria chimica e in molti altri campi.<\/p>\n","protected":false},"featured_media":1001706,"comment_status":"open","ping_status":"closed","template":"","meta":{"_acf_changed":false},"product_brand":[],"product_cat":[198],"product_tag":[],"class_list":{"0":"post-1013474","1":"product","2":"type-product","3":"status-publish","4":"has-post-thumbnail","6":"product_cat-materiali-per-levaporazione","8":"first","9":"instock","10":"shipping-taxable","11":"purchasable","12":"product-type-variable"},"acf":[],"_links":{"self":[{"href":"https:\/\/vimaterial.de\/it\/wp-json\/wp\/v2\/product\/1013474","targetHints":{"allow":["GET"]}}],"collection":[{"href":"https:\/\/vimaterial.de\/it\/wp-json\/wp\/v2\/product"}],"about":[{"href":"https:\/\/vimaterial.de\/it\/wp-json\/wp\/v2\/types\/product"}],"replies":[{"embeddable":true,"href":"https:\/\/vimaterial.de\/it\/wp-json\/wp\/v2\/comments?post=1013474"}],"wp:featuredmedia":[{"embeddable":true,"href":"https:\/\/vimaterial.de\/it\/wp-json\/wp\/v2\/media\/1001706"}],"wp:attachment":[{"href":"https:\/\/vimaterial.de\/it\/wp-json\/wp\/v2\/media?parent=1013474"}],"wp:term":[{"taxonomy":"product_brand","embeddable":true,"href":"https:\/\/vimaterial.de\/it\/wp-json\/wp\/v2\/product_brand?post=1013474"},{"taxonomy":"product_cat","embeddable":true,"href":"https:\/\/vimaterial.de\/it\/wp-json\/wp\/v2\/product_cat?post=1013474"},{"taxonomy":"product_tag","embeddable":true,"href":"https:\/\/vimaterial.de\/it\/wp-json\/wp\/v2\/product_tag?post=1013474"}],"curies":[{"name":"wp","href":"https:\/\/api.w.org\/{rel}","templated":true}]}}