{"id":1013461,"date":"2024-06-17T14:39:42","date_gmt":"2024-06-17T06:39:42","guid":{"rendered":"https:\/\/vimaterial.de\/product\/metallo-ferroso-3\/"},"modified":"2025-04-17T10:26:12","modified_gmt":"2025-04-17T02:26:12","slug":"metallo-ferroso-3","status":"publish","type":"product","link":"https:\/\/vimaterial.de\/it\/product\/metallo-ferroso-3\/","title":{"rendered":"Ferro metallico"},"content":{"rendered":"<p>La polvere di ferro metallico \u00e8 una polvere metallica nera o grigio argento con lucentezza metallica, alta densit\u00e0, buona conduttivit\u00e0 elettrica e termica, facilmente ossidabile e ampiamente utilizzata in metallurgia, metallurgia delle polveri, materiali magnetici, catalizzatori e molti altri campi.<\/p>\n<p>VIMATERIAl offre una vasta gamma di polveri metalliche di ferro. Le nostre polveri metalliche di ferro presentano i vantaggi di una granulometria uniforme, un basso contenuto di impurit\u00e0, un&#8217;elevata stabilit\u00e0 chimica e buone prestazioni nelle applicazioni. Abbiamo un team di ricerca e sviluppo tecnologico professionale, accettiamo prodotti personalizzati e sperimentali, se ne hai bisogno<span style=\"color: #0000ff;\"><a style=\"color: #0000ff;\" href=\"https:\/\/vimaterial.de\/en\/contact-us\/\"> contattaci<\/a><\/span>.  <\/p>\n<h2><span style=\"font-size: 14pt;\">Propriet\u00e0 fisiche<\/span><\/h2>\n<p>Formula molecolare: Fe<\/p>\n<p>Peso molecolare: 55,85<\/p>\n<p>Aspetto: Di solito polvere fine amorfa da grigia a grigio-nera.<\/p>\n<p>Densit\u00e0: 7,86 g\/cm\u00b3<\/p>\n<p>Punto di fusione: 1535\u00b0C<\/p>\n<p>Punto di ebollizione: 2750\u00b0C<\/p>\n<p>Struttura cristallina: il ferro ha strutture cristalline diverse a temperature diverse ed \u00e8 una struttura cubica centrata sul corpo a temperatura ambiente. Al di sotto dei 912\u00b0C, il ferro esiste sotto forma di \u03b1-Fe con reticolo cubico centrato sul corpo; quando la temperatura sale sopra i 912\u00b0C, si trasformer\u00e0 in \u03b3-Fe con reticolo cubico a facce centrate; continuare ad aumentare la temperatura fino a oltre 1394\u00b0C, si trasformer\u00e0 in \u03b4-Fe e torner\u00e0 a reticolo cubico centrato sul corpo. <\/p>\n<h2><span style=\"font-size: 14pt;\">Applicazione<\/span><\/h2>\n<p>Industria siderurgica: viene utilizzata come materia prima di base per la produzione di acciaio e combinata con altri elementi attraverso la fusione e altri processi per realizzare vari tipi di prodotti in acciaio, che \u00e8 un&#8217;importante fonte di acciaio richiesta dall&#8217;edilizia, dalla produzione di macchinari e da altre industrie.<\/p>\n<p>Metallurgia delle polveri: trasformata in parti meccaniche di alta precisione di forma complessa, come ingranaggi, cuscinetti, ecc., Attraverso pressatura, sinterizzazione e altri processi, ampiamente utilizzati nel settore automobilistico, aerospaziale e in altri campi, per soddisfare i requisiti speciali per le prestazioni e la forma delle parti.<\/p>\n<p>Materiali magnetici: utilizzati nella produzione di magneti, elettromagneti e altri dispositivi magnetici, l&#8217;uso del suo ferromagnetismo, per fornire campi magnetici per apparecchiature elettroniche, sistemi di alimentazione elettrica, ecc., Come altoparlanti, componenti magnetici nel motore.<\/p>\n<p>Industria chimica: come catalizzatore per partecipare a una variet\u00e0 di reazioni chimiche, come nella reazione di sintesi dell&#8217;ammoniaca per migliorare la velocit\u00e0 di reazione, promuovere la sintesi efficiente di prodotti chimici, migliorare l&#8217;efficienza della produzione chimica.<\/p>\n<h2><span style=\"font-size: 14pt;\">Controllo qualit\u00e0<\/span><\/h2>\n<p><span style=\"color: #0000ff;\"><a style=\"color: #0000ff;\" href=\"https:\/\/vimaterial.de\/en\/product\/iron-metal-6\/\">Ogni lotto <\/a><\/span>dei nostri prodotti parte dall&#8217;attenta selezione delle materie prime e passa attraverso diversi processi avanzati, con un rigoroso controllo dei parametri e un monitoraggio in tempo reale in ogni fase. L&#8217;intero processo di produzione segue il sistema internazionale di gestione della qualit\u00e0 e l&#8217;uso di apparecchiature di collaudo ad alta precisione esegue test di precisione a tutto tondo della distribuzione granulometrica, della purezza, del contenuto di impurit\u00e0 e di altri indicatori chiave, senza risparmiare piccoli difetti, al fine di garantire la qualit\u00e0 di ogni lotto di prodotti. <\/p>\n<h2><span style=\"font-size: 14pt;\">Imballaggio e stoccaggio<\/span><\/h2>\n<p>Le polveri di ferro metallico sono confezionate in sacchetti o bottiglie e cartoni a doppio vuoto.<\/p>\n<p>Le polveri di ferro metallico devono essere conservate in un ambiente asciutto, fresco e ben ventilato per evitare l&#8217;umidit\u00e0 e il contatto prolungato con aria e acqua, per prevenire l&#8217;ossidazione e la ruggine, e devono essere tenute lontane da fonti di accensione e materiali infiammabili e sigillate per evitare che la polvere voli e venga contaminata da altre impurit\u00e0.<\/p>\n","protected":false},"excerpt":{"rendered":"<p>La polvere di ferro metallico \u00e8 una polvere metallica nera o grigio argento con lucentezza metallica, alta densit\u00e0, buona conduttivit\u00e0 elettrica e termica, facilmente ossidabile e ampiamente utilizzata in metallurgia, metallurgia delle polveri, materiali magnetici, catalizzatori e molti altri campi.<\/p>\n","protected":false},"featured_media":1001732,"comment_status":"open","ping_status":"closed","template":"","meta":{"_acf_changed":false},"product_brand":[],"product_cat":[212],"product_tag":[],"class_list":{"0":"post-1013461","1":"product","2":"type-product","3":"status-publish","4":"has-post-thumbnail","6":"product_cat-polvere-di-metallo-puro-e-leghe","8":"first","9":"instock","10":"shipping-taxable","11":"purchasable","12":"product-type-variable"},"acf":[],"_links":{"self":[{"href":"https:\/\/vimaterial.de\/it\/wp-json\/wp\/v2\/product\/1013461","targetHints":{"allow":["GET"]}}],"collection":[{"href":"https:\/\/vimaterial.de\/it\/wp-json\/wp\/v2\/product"}],"about":[{"href":"https:\/\/vimaterial.de\/it\/wp-json\/wp\/v2\/types\/product"}],"replies":[{"embeddable":true,"href":"https:\/\/vimaterial.de\/it\/wp-json\/wp\/v2\/comments?post=1013461"}],"wp:featuredmedia":[{"embeddable":true,"href":"https:\/\/vimaterial.de\/it\/wp-json\/wp\/v2\/media\/1001732"}],"wp:attachment":[{"href":"https:\/\/vimaterial.de\/it\/wp-json\/wp\/v2\/media?parent=1013461"}],"wp:term":[{"taxonomy":"product_brand","embeddable":true,"href":"https:\/\/vimaterial.de\/it\/wp-json\/wp\/v2\/product_brand?post=1013461"},{"taxonomy":"product_cat","embeddable":true,"href":"https:\/\/vimaterial.de\/it\/wp-json\/wp\/v2\/product_cat?post=1013461"},{"taxonomy":"product_tag","embeddable":true,"href":"https:\/\/vimaterial.de\/it\/wp-json\/wp\/v2\/product_tag?post=1013461"}],"curies":[{"name":"wp","href":"https:\/\/api.w.org\/{rel}","templated":true}]}}