{"id":1013360,"date":"2024-06-17T14:39:43","date_gmt":"2024-06-17T06:39:43","guid":{"rendered":"https:\/\/vimaterial.de\/product\/boruro-di-ferro\/"},"modified":"2025-04-17T10:20:29","modified_gmt":"2025-04-17T02:20:29","slug":"boruro-di-ferro","status":"publish","type":"product","link":"https:\/\/vimaterial.de\/it\/product\/boruro-di-ferro\/","title":{"rendered":"Boruro di ferro"},"content":{"rendered":"<p>La polvere di <span style=\"color: #0000ff;\"><a style=\"color: #0000ff;\" href=\"https:\/\/vimaterial.de\/en\/product\/iron-boride-3\/\">boruro di ferro<\/a><\/span> \u00e8 un composto binario di ferro e boro con aspetto grigio, elevata durezza, alta densit\u00e0, buona resistenza all&#8217;usura, resistenza alla corrosione e conduttivit\u00e0 elettrica, che ha importanti applicazioni nel campo dei materiali magnetici, carburo cementato, schermatura elettromagnetica, acciaio speciale, produzione di componenti elettronici e cos\u00ec via.<\/p>\n<p>VIMATERIAl offre polveri di ossido di ferro. Le nostre polveri di ossido di ferro presentano i vantaggi di una granulometria uniforme, un basso contenuto di impurit\u00e0, un&#8217;elevata stabilit\u00e0 chimica e buone prestazioni nelle applicazioni. Abbiamo un team di ricerca e sviluppo tecnologico professionale, accettiamo prodotti personalizzati e sperimentali, se ne hai bisogno <span style=\"color: #0000ff;\"><a style=\"color: #0000ff;\" href=\"https:\/\/vimaterial.de\/en\/contact-us\/\">contattaci.<\/a><\/span> <\/p>\n<h2><span style=\"font-size: 14pt;\">Propriet\u00e0 fisiche<\/span><\/h2>\n<p>Formula molecolare: Fe\u2082B<\/p>\n<p>Peso molecolare: 122.501<\/p>\n<p>Densit\u00e0: 7,3 g\/cm\u00b3<\/p>\n<p>Punto di fusione: 1389\u00b0C<\/p>\n<p>Struttura cristallina: Sistema cristallino tetragonale, gruppo spaziale I4\/mc, costante reticolare a=0,511nm, b=0,511nm, c=0,4249nm<\/p>\n<h2><span style=\"font-size: 14pt;\">Applicazione<\/span><\/h2>\n<p>Carburo cementato: la polvere di boruro di ferro pu\u00f2 essere utilizzata come additivo nella produzione di carburo cementato, che migliora significativamente la durezza e la resistenza all&#8217;usura della lega, rende l&#8217;utensile pi\u00f9 affilato e pi\u00f9 durevole nel taglio e pu\u00f2 far fronte efficacemente alle esigenze di lavorazione di materiali ad alta durezza.<\/p>\n<p>Materiali magnetici: con le sue propriet\u00e0 magnetiche uniche, \u00e8 ampiamente utilizzato nella produzione di vari componenti magnetici, come i nuclei dei trasformatori, ecc. Aiuta a migliorare la permeabilit\u00e0 e la saturazione dell&#8217;induzione magnetica dei materiali magnetici e a ottimizzare l&#8217;efficienza della conversione elettromagnetica. <\/p>\n<p>Rivestimento superficiale: l&#8217;aggiunta di polveri di boruro di ferro alle superfici metalliche migliora la durezza, la resistenza alla corrosione e la resistenza all&#8217;abrasione del rivestimento, fornendo una protezione efficace e prolungando la durata della superficie metallica.<\/p>\n<p>Metallurgia: come importante additivo per elementi di lega, viene utilizzato nel processo di fusione di acciai speciali per migliorare la forza, la tenacit\u00e0 e la resistenza all&#8217;usura dell&#8217;acciaio per soddisfare i requisiti degli acciai ad alte prestazioni in settori come l&#8217;edilizia e la produzione di macchinari.<\/p>\n<p>Campo elettronico: nella produzione di componenti elettronici, le sue propriet\u00e0 elettriche vengono utilizzate per creare dispositivi elettronici con resistenza, capacit\u00e0 e altre caratteristiche specifiche per garantire il funzionamento stabile delle apparecchiature elettroniche, come nella produzione di alcuni chip elettronici svolgono un ruolo chiave.<\/p>\n<h2><span style=\"font-size: 14pt;\">Controllo qualit\u00e0<\/span><\/h2>\n<p><span style=\"color: #0000ff;\"><a style=\"color: #0000ff;\" href=\"https:\/\/vimaterial.de\/en\/quality-control\/\">Ogni lotto<\/a><\/span> dei nostri prodotti parte dall&#8217;attenta selezione delle materie prime e passa attraverso diversi processi avanzati, con un rigoroso controllo dei parametri e un monitoraggio in tempo reale in ogni fase. L&#8217;intero processo di produzione segue il sistema internazionale di gestione della qualit\u00e0 e l&#8217;uso di apparecchiature di collaudo ad alta precisione esegue test di precisione a tutto tondo della distribuzione granulometrica, della purezza, del contenuto di impurit\u00e0 e di altri indicatori chiave, senza risparmiare piccoli difetti, al fine di garantire la qualit\u00e0 di ogni lotto di prodotti. <\/p>\n<h2><span style=\"font-size: 14pt;\">Imballaggio e stoccaggio<\/span><\/h2>\n<p>Le polveri di boruro di ferro sono confezionate in sacchetti o flaconi e cartoni a doppio vuoto.<\/p>\n<p>Le polveri di boruro di ferro devono essere conservate in un ambiente asciutto, fresco e ben ventilato, sigillate per prevenire l&#8217;umidit\u00e0 e l&#8217;ossidazione e conservate separatamente da sostanze corrosive come acidi, alcali e agenti ossidanti forti per evitare cambiamenti nelle loro propriet\u00e0 chimiche.<\/p>\n","protected":false},"excerpt":{"rendered":"<p>La polvere di <span style=\"color: #0000ff;\"><a style=\"color: #0000ff;\" href=\"https:\/\/vimaterial.de\/en\/product\/iron-boride-3\/\">boruro di ferro<\/a><\/span> \u00e8 un composto binario di ferro e boro con aspetto grigio, elevata durezza, alta densit\u00e0, buona resistenza all&#8217;usura, resistenza alla corrosione e conduttivit\u00e0 elettrica, che ha importanti applicazioni nel campo dei materiali magnetici, carburo cementato, schermatura elettromagnetica, acciaio speciale, produzione di componenti elettronici e cos\u00ec via.<\/p>\n","protected":false},"featured_media":1001760,"comment_status":"open","ping_status":"closed","template":"","meta":{"_acf_changed":false},"product_brand":[],"product_cat":[202],"product_tag":[],"class_list":{"0":"post-1013360","1":"product","2":"type-product","3":"status-publish","4":"has-post-thumbnail","6":"product_cat-materiali-c-n-b-si","8":"first","9":"instock","10":"shipping-taxable","11":"purchasable","12":"product-type-variable"},"acf":[],"_links":{"self":[{"href":"https:\/\/vimaterial.de\/it\/wp-json\/wp\/v2\/product\/1013360","targetHints":{"allow":["GET"]}}],"collection":[{"href":"https:\/\/vimaterial.de\/it\/wp-json\/wp\/v2\/product"}],"about":[{"href":"https:\/\/vimaterial.de\/it\/wp-json\/wp\/v2\/types\/product"}],"replies":[{"embeddable":true,"href":"https:\/\/vimaterial.de\/it\/wp-json\/wp\/v2\/comments?post=1013360"}],"wp:featuredmedia":[{"embeddable":true,"href":"https:\/\/vimaterial.de\/it\/wp-json\/wp\/v2\/media\/1001760"}],"wp:attachment":[{"href":"https:\/\/vimaterial.de\/it\/wp-json\/wp\/v2\/media?parent=1013360"}],"wp:term":[{"taxonomy":"product_brand","embeddable":true,"href":"https:\/\/vimaterial.de\/it\/wp-json\/wp\/v2\/product_brand?post=1013360"},{"taxonomy":"product_cat","embeddable":true,"href":"https:\/\/vimaterial.de\/it\/wp-json\/wp\/v2\/product_cat?post=1013360"},{"taxonomy":"product_tag","embeddable":true,"href":"https:\/\/vimaterial.de\/it\/wp-json\/wp\/v2\/product_tag?post=1013360"}],"curies":[{"name":"wp","href":"https:\/\/api.w.org\/{rel}","templated":true}]}}