{"id":1013333,"date":"2024-06-17T14:39:47","date_gmt":"2024-06-17T06:39:47","guid":{"rendered":"https:\/\/vimaterial.de\/product\/ossido-di-ferro-6\/"},"modified":"2025-04-17T10:16:05","modified_gmt":"2025-04-17T02:16:05","slug":"ossido-di-ferro-6","status":"publish","type":"product","link":"https:\/\/vimaterial.de\/it\/product\/ossido-di-ferro-6\/","title":{"rendered":"Ossido di ferro"},"content":{"rendered":"<p><span style=\"color: #0000ff;\"><a style=\"color: #0000ff;\" href=\"https:\/\/vimaterial.de\/en\/product\/iron-oxide-2\/\">I<\/a><\/span> granuli di ossido di ferro sono granuli rossi o bruno-rossastri composti principalmente da triossido di ferro, con buona stabilit\u00e0 chimica, propriet\u00e0 dei pigmenti e alcune propriet\u00e0 magnetiche, che sono ampiamente utilizzati in pigmenti, materiali magnetici, catalizzatori e altri campi.<\/p>\n<p>VIMATERIAL fornisce granuli di ossido di ferro, i nostri granuli hanno una composizione uniforme e stabile, elevata purezza, elevata durezza, granulometria controllabile, ecc. E possiamo accettare prodotti ed esperimenti personalizzati, abbiamo un team di ricerca e sviluppo tecnico professionale, <span style=\"color: #0000ff;\"><a style=\"color: #0000ff;\" href=\"https:\/\/vimaterial.de\/en\/contact-us\/\">contattaci<\/a><\/span>. <\/p>\n<h2><span style=\"font-size: 14pt;\">Propriet\u00e0 fisiche<\/span><\/h2>\n<p>Formula molecolare: Fe\u2082O\u2083<\/p>\n<p>Peso molecolare: 159,688<\/p>\n<p>Aspetto: granulo bruno-rossastro<\/p>\n<p>Densit\u00e0: 5,24 g\/cm\u00b3<\/p>\n<p>Punto di fusione: circa 1565\u00b0C<\/p>\n<p>Punto di ebollizione: circa 3414\u00b0C<\/p>\n<p>Struttura cristallina: sistema cristallino tripartito, struttura di tipo corindone, in cui gli ioni ferro hanno due diversi ambienti di coordinazione e gli ioni ossigeno sono disposti in un impacchettamento esagonale chiuso.<\/p>\n<h2><span style=\"font-size: 14pt;\">Applicazione<\/span><\/h2>\n<p>Campo di pigmenti: Ampiamente usato come pigmento rosso in vernici, lacche e inchiostri da stampa per dare un colore rosso brillante.<\/p>\n<p>Campo di materiale magnetico: pu\u00f2 essere utilizzato per preparare dispositivi magnetici, che possono svolgere un ruolo magnetico in condizioni specifiche.<\/p>\n<p>Nel campo dei materiali da costruzione: viene utilizzato in ceramiche architettoniche colorate e piastrelle smaltate, ecc., aggiungendo colore e decorativit\u00e0.<\/p>\n<p>Campo dell&#8217;industria metallurgica: \u00e8 un&#8217;importante materia prima per la raffinazione del ferro, la raffinazione del ferro per reazione di riduzione.<\/p>\n<p>Campo catalitico: utilizzato come catalizzatore o vettore per accelerare il processo di reazione chimica.<\/p>\n<p>Industria elettronica: utilizzato nella produzione di ceramiche elettroniche, materiali di registrazione magnetici e altri componenti elettronici.<\/p>\n<h2><span style=\"font-size: 14pt;\">Controllo qualit\u00e0<\/span><\/h2>\n<p><span style=\"color: #0000ff;\"><a style=\"color: #0000ff;\" href=\"https:\/\/vimaterial.de\/en\/quality-control\/\">Ogni lotto <\/a><\/span>di prodotti protegge rigorosamente la qualit\u00e0, dalla selezione dei fornitori di materie prime, all&#8217;uso di apparecchiature di collaudo avanzate per monitorare accuratamente l&#8217;intero processo di produzione, al prodotto finito attraverso molti cicli di campionamento severo e certificazione autorevole di terze parti, per garantire che ogni lotto di prodotti soddisfi e superi gli elevati standard del settore con un tuttofare,  Sistema di controllo della qualit\u00e0 a tolleranza zero, per fornire ai nostri clienti la migliore qualit\u00e0 e i prodotti pi\u00f9 stabili.<\/p>\n<h2><span style=\"font-size: 14pt;\">Imballaggio e stoccaggio<\/span><\/h2>\n<p>I granuli di ossido di ferro sono confezionati in sacchetti sottovuoto o bottiglie sottovuoto e confezionati in cartoni esterni.<\/p>\n<p>I granuli di ossido di ferro devono essere conservati in un luogo asciutto, fresco e ben ventilato, evitando l&#8217;umidit\u00e0, le alte temperature e il contatto con agenti ossidanti e acidi forti.<\/p>\n","protected":false},"excerpt":{"rendered":"<p><span style=\"color: #0000ff;\"><a style=\"color: #0000ff;\" href=\"https:\/\/vimaterial.de\/en\/product\/iron-oxide-2\/\">I<\/a><\/span> granuli di ossido di ferro sono granuli rossi o bruno-rossastri composti principalmente da triossido di ferro, con buona stabilit\u00e0 chimica, propriet\u00e0 dei pigmenti e alcune propriet\u00e0 magnetiche, che sono ampiamente utilizzati in pigmenti, materiali magnetici, catalizzatori e altri campi.<\/p>\n","protected":false},"featured_media":1001772,"comment_status":"open","ping_status":"closed","template":"","meta":{"_acf_changed":false},"product_brand":[],"product_cat":[198],"product_tag":[],"class_list":{"0":"post-1013333","1":"product","2":"type-product","3":"status-publish","4":"has-post-thumbnail","6":"product_cat-materiali-per-levaporazione","8":"first","9":"instock","10":"shipping-taxable","11":"product-type-variable"},"acf":[],"_links":{"self":[{"href":"https:\/\/vimaterial.de\/it\/wp-json\/wp\/v2\/product\/1013333","targetHints":{"allow":["GET"]}}],"collection":[{"href":"https:\/\/vimaterial.de\/it\/wp-json\/wp\/v2\/product"}],"about":[{"href":"https:\/\/vimaterial.de\/it\/wp-json\/wp\/v2\/types\/product"}],"replies":[{"embeddable":true,"href":"https:\/\/vimaterial.de\/it\/wp-json\/wp\/v2\/comments?post=1013333"}],"wp:featuredmedia":[{"embeddable":true,"href":"https:\/\/vimaterial.de\/it\/wp-json\/wp\/v2\/media\/1001772"}],"wp:attachment":[{"href":"https:\/\/vimaterial.de\/it\/wp-json\/wp\/v2\/media?parent=1013333"}],"wp:term":[{"taxonomy":"product_brand","embeddable":true,"href":"https:\/\/vimaterial.de\/it\/wp-json\/wp\/v2\/product_brand?post=1013333"},{"taxonomy":"product_cat","embeddable":true,"href":"https:\/\/vimaterial.de\/it\/wp-json\/wp\/v2\/product_cat?post=1013333"},{"taxonomy":"product_tag","embeddable":true,"href":"https:\/\/vimaterial.de\/it\/wp-json\/wp\/v2\/product_tag?post=1013333"}],"curies":[{"name":"wp","href":"https:\/\/api.w.org\/{rel}","templated":true}]}}