{"id":1013310,"date":"2024-06-17T14:39:48","date_gmt":"2024-06-17T06:39:48","guid":{"rendered":"https:\/\/vimaterial.de\/product\/ossido-di-ferro-5\/"},"modified":"2025-04-17T09:56:03","modified_gmt":"2025-04-17T01:56:03","slug":"ossido-di-ferro-5","status":"publish","type":"product","link":"https:\/\/vimaterial.de\/it\/product\/ossido-di-ferro-5\/","title":{"rendered":"Ossido di ferro"},"content":{"rendered":"<p><span style=\"color: #0000ff;\"><a style=\"color: #0000ff;\" href=\"https:\/\/vimaterial.de\/en\/product\/iron-oxide-6\/\">Il<\/a><\/span> bersaglio sputtering di ossido di ferro \u00e8 un materiale con triossido di ferro come componente principale. Ha una buona stabilit\u00e0 chimica, propriet\u00e0 ottiche ed elettriche uniche e pu\u00f2 essere utilizzato per depositare film sottili per dispositivi optoelettronici, catalizzatori, rivestimenti anticorrosivi e molti altri campi sul substrato mediante processo di sputtering. <\/p>\n<p>VIMATERIAL offre bersagli sputtering in ossido di ferro. I nostri bersagli sputtering in ossido di ferro sono caratterizzati da elevata purezza, alta densit\u00e0, buona struttura cristallina, eccellenti propriet\u00e0 del film sottile, elevata precisione dimensionale e stabilit\u00e0 allo sputtering. E possiamo anche fornire un servizio vincolante, accettiamo la vostra personalizzazione e sperimentazione, vi preghiamo di <span style=\"color: #0000ff;\"><a style=\"color: #0000ff;\" href=\"https:\/\/vimaterial.de\/en\/contact-us\/\">contattarci<\/a><\/span>!  <\/p>\n<h2><span style=\"font-size: 14pt;\">Propriet\u00e0 fisiche<\/span><\/h2>\n<p>Formula molecolare: Fe2O3<\/p>\n<p>Peso molecolare: circa 159,69<\/p>\n<p>Aspetto: bersaglio solitamente bruno-rossastro con lucentezza metallica<\/p>\n<p>Densit\u00e0: circa 5,24 g\/cm\u00b3<\/p>\n<p>Punto di fusione: circa 1565\u00b0C<\/p>\n<p>Punto di ebollizione: circa 3414\u00b0C<\/p>\n<p>Struttura cristallina: Sistema cristallino principalmente tripartito, struttura di tipo corindone, in cui gli ioni ossigeno sono disposti in impacchettamento esagonale e gli ioni ferro trivalenti occupano parte dei vuoti ottaedrici e questa struttura gli conferisce una certa stabilit\u00e0 e propriet\u00e0 fisico-chimiche speciali.<\/p>\n<h2><span style=\"font-size: 14pt;\">Applicazioni<\/span><\/h2>\n<p>Campo dell&#8217;energia solare: utilizzato nella preparazione di materiali fotoanodici, in virt\u00f9 della sua adeguata larghezza di banda vietata e delle prestazioni di assorbimento della luce, migliora efficacemente l&#8217;efficienza di conversione fotoelettrica e promuove lo sviluppo della tecnologia delle celle solari.<\/p>\n<p>Protezione dell&#8217;ambiente: utilizzati come materiali fotocatalitici per il trattamento delle acque reflue, generano forti sostanze ossidanti alla luce, degradano gli inquinanti organici e contribuiscono a purificare l&#8217;ambiente dell&#8217;acqua.<\/p>\n<p>Nel campo dei materiali da costruzione, viene trasformato in un rivestimento colorato con funzione antiruggine, che conferisce ai materiali da costruzione un bell&#8217;aspetto e allo stesso tempo impedisce alle parti metalliche di arrugginirsi, prolungando cos\u00ec la durata dei materiali da costruzione.<\/p>\n<h2><span style=\"font-size: 14pt;\">Controllo qualit\u00e0<\/span><\/h2>\n<p><span style=\"color: #0000ff;\"><a style=\"color: #0000ff;\" href=\"https:\/\/vimaterial.de\/en\/quality-control\/\">Il controllo di qualit\u00e0<\/a><\/span> dei nostri prodotti \u00e8 molto rigoroso, dalla selezione di materie prime stabili e di elevata purezza, all&#8217;uso di attrezzature di precisione avanzate e tecnologia rigorosa per controllare accuratamente l&#8217;intero processo di produzione, all&#8217;uso di metodi di test professionali sulle propriet\u00e0 fisiche, chimiche, microstrutturali e di altro tipo del prodotto dell&#8217;intera gamma di test approfonditi,  Ogni collegamento \u00e8 rigorosamente seguire gli standard internazionali elevati, per garantire che ogni lotto di materiali consegnato con qualit\u00e0 e stabilit\u00e0 eccellenti, per fornire ai clienti una garanzia di qualit\u00e0 solida e affidabile. Ci impegniamo a garantire che ogni lotto di materiali consegnato abbia un&#8217;eccellente qualit\u00e0 e stabilit\u00e0, fornendo ai clienti una garanzia di qualit\u00e0 solida e affidabile. <\/p>\n<h2><span style=\"font-size: 14pt;\">Imballaggio e stoccaggio<\/span><\/h2>\n<p>I bersagli sputtering di ossido di ferro sono confezionati in sacchetti e scatole sottovuoto a doppio strato e l&#8217;esterno \u00e8 confezionato in cartoni.<\/p>\n<p>I bersagli sputtering di ossido di ferro devono essere conservati in un ambiente asciutto e ben ventilato a una temperatura stabile, evitando l&#8217;umidit\u00e0 e il contatto con sostanze acide, alcaline e altre sostanze corrosive e prevenendo l&#8217;irradiazione a lungo termine da luce forte e collisione violenta, al fine di mantenere intatta la sua stabilit\u00e0 chimica e lo stato fisico, garantire che le sue prestazioni non vengano danneggiate,  e prolungarne la durata.<\/p>\n","protected":false},"excerpt":{"rendered":"<p><span style=\"color: #0000ff;\"><a style=\"color: #0000ff;\" href=\"https:\/\/vimaterial.de\/en\/product\/iron-oxide-6\/\">Il<\/a><\/span> bersaglio sputtering di ossido di ferro \u00e8 un materiale con triossido di ferro come componente principale. Ha una buona stabilit\u00e0 chimica, propriet\u00e0 ottiche ed elettriche uniche e pu\u00f2 essere utilizzato per depositare film sottili per dispositivi optoelettronici, catalizzatori, rivestimenti anticorrosivi e molti altri campi sul substrato mediante processo di sputtering. <\/p>\n","protected":false},"featured_media":1001789,"comment_status":"open","ping_status":"closed","template":"","meta":{"_acf_changed":false},"product_brand":[],"product_cat":[197],"product_tag":[],"class_list":{"0":"post-1013310","1":"product","2":"type-product","3":"status-publish","4":"has-post-thumbnail","6":"product_cat-obiettivi-di-sputtering-planari","8":"first","9":"instock","10":"shipping-taxable","11":"product-type-variable"},"acf":[],"_links":{"self":[{"href":"https:\/\/vimaterial.de\/it\/wp-json\/wp\/v2\/product\/1013310","targetHints":{"allow":["GET"]}}],"collection":[{"href":"https:\/\/vimaterial.de\/it\/wp-json\/wp\/v2\/product"}],"about":[{"href":"https:\/\/vimaterial.de\/it\/wp-json\/wp\/v2\/types\/product"}],"replies":[{"embeddable":true,"href":"https:\/\/vimaterial.de\/it\/wp-json\/wp\/v2\/comments?post=1013310"}],"wp:featuredmedia":[{"embeddable":true,"href":"https:\/\/vimaterial.de\/it\/wp-json\/wp\/v2\/media\/1001789"}],"wp:attachment":[{"href":"https:\/\/vimaterial.de\/it\/wp-json\/wp\/v2\/media?parent=1013310"}],"wp:term":[{"taxonomy":"product_brand","embeddable":true,"href":"https:\/\/vimaterial.de\/it\/wp-json\/wp\/v2\/product_brand?post=1013310"},{"taxonomy":"product_cat","embeddable":true,"href":"https:\/\/vimaterial.de\/it\/wp-json\/wp\/v2\/product_cat?post=1013310"},{"taxonomy":"product_tag","embeddable":true,"href":"https:\/\/vimaterial.de\/it\/wp-json\/wp\/v2\/product_tag?post=1013310"}],"curies":[{"name":"wp","href":"https:\/\/api.w.org\/{rel}","templated":true}]}}