{"id":1013295,"date":"2024-06-17T14:25:52","date_gmt":"2024-06-17T06:25:52","guid":{"rendered":"https:\/\/vimaterial.de\/product\/lega-di-titanio-e-cobalto\/"},"modified":"2025-04-18T16:26:14","modified_gmt":"2025-04-18T08:26:14","slug":"lega-di-titanio-e-cobalto","status":"publish","type":"product","link":"https:\/\/vimaterial.de\/it\/product\/lega-di-titanio-e-cobalto\/","title":{"rendered":"Lega di titanio e cobalto"},"content":{"rendered":"<p>Il bersaglio sputtering in lega di titanio e cobalto \u00e8 un materiale in lega composto da titanio e cobalto, utilizzato principalmente nel processo di sputtering nella tecnologia di deposizione fisica da vapore. Ha buone propriet\u00e0 magnetiche, elevata durezza e resistenza ed \u00e8 in grado di depositare film sottili uniformi con propriet\u00e0 specifiche sul materiale del substrato, ampiamente utilizzato nei settori dell&#8217;elettronica, della registrazione magnetica e della decorazione. <\/p>\n<p>VIMATERIAL \u00e8 un&#8217;azienda all&#8217;avanguardia nel settore dell&#8217;innovazione chimica dei materiali, specializzata in materiali ad alte prestazioni progettati per applicazioni ingegneristiche avanzate. I nostri prodotti sono di elevata purezza e qualit\u00e0, supportiamo l&#8217;imballaggio di piccoli lotti, il MOQ di piccoli prodotti, l&#8217;inventario sufficiente, la personalizzazione del supporto e siamo in grado di fornire un servizio di rilegatura mirata, se avete esigenze, vi preghiamo di <span style=\"color: #0000ff;\"><a style=\"color: #0000ff;\" href=\"https:\/\/vimaterial.de\/en\/contact-us\/\">contattarci<\/a><\/span>. <\/p>\n<h2><span style=\"font-size: 14pt;\">Propriet\u00e0<\/span><\/h2>\n<p>Formula molecolare: TiCo<\/p>\n<p>Aspetto: solitamente grigio argento metallico solido<\/p>\n<h2><span style=\"font-size: 14pt;\">Applicazione<\/span><\/h2>\n<p>Elettronica: nel campo dell&#8217;elettronica, i bersagli sputtering in lega di titanio e cobalto vengono utilizzati per produrre pellicole magnetiche per componenti elettronici. Con il processo di sputtering, i film sottili vengono depositati sulla superficie di chip, sensori magnetici e altri componenti per migliorare le propriet\u00e0 magnetiche e la capacit\u00e0 di archiviazione dei dati dei componenti elettronici. <\/p>\n<p>Industria della registrazione magnetica: nel campo della registrazione magnetica, questo bersaglio sputtering \u00e8 un materiale chiave per la produzione di strati magnetici per dischi rigidi e altri dispositivi di memorizzazione. \u00c8 in grado di depositare film sottili con elevata coercitivit\u00e0 e alta permeabilit\u00e0 sulla superficie dei dischi, il che consente l&#8217;archiviazione ad alta densit\u00e0 dei dati e la lettura e la scrittura rapide. <\/p>\n<p>Campo ottico: Nel campo ottico, viene utilizzato per produrre pellicole ottiche. Attraverso lo sputtering, sulla superficie di lenti ottiche, filtri, ecc., possono essere formati rivestimenti con propriet\u00e0 ottiche speciali, come l&#8217;aumento o la diminuzione della riflettivit\u00e0, per soddisfare le esigenze specifiche degli strumenti ottici. <\/p>\n<p>Nuovo campo energetico: nella preparazione di nuovi materiali energetici, i bersagli sputtering in lega di titanio e cobalto possono essere utilizzati per depositare film sottili sulla superficie degli elettrodi della batteria o di altri componenti chiave per migliorare la conduttivit\u00e0 e la stabilit\u00e0 del materiale e per migliorare le prestazioni e la durata delle nuove apparecchiature energetiche.<\/p>\n<h2><span style=\"font-size: 14pt;\">Controllo qualit\u00e0<\/span><\/h2>\n<p><span style=\"color: #0000ff;\"><a style=\"color: #0000ff;\" href=\"https:\/\/vimaterial.de\/en\/quality-control\/\">I nostri prodotti<\/a><\/span> sono soggetti a un rigoroso sistema di gestione della qualit\u00e0. Dai materiali in entrata, alla lavorazione, all&#8217;ispezione finale all&#8217;ispezione in fabbrica, ci sono rigorosi standard di ispezione. Per la lavorazione non qualificata vengono adottate rigorose misure di isolamento per evitare che prodotti non qualificati fluiscano nel processo successivo. I campioni sono forniti per la ri-ispezione del cliente in base alle esigenze del cliente.   <\/p>\n<h2><span style=\"font-size: 14pt;\">Imballaggio e stoccaggio<\/span><\/h2>\n<p>I bersagli sputtering in lega di titanio e cobalto sono confezionati in doppi sacchetti sottovuoto e quindi inscatolati e confezionati in cartoni.<\/p>\n<p>I bersagli sputtering in lega di titanio cobalto devono essere conservati in un ambiente asciutto, fresco e ben ventilato per evitare umidit\u00e0, ossidazione e danni meccanici e preferibilmente posizionati sugli scaffali con un&#8217;adeguata protezione, lontano da sostanze corrosive, fonti di alta temperatura e forti campi magnetici, al fine di mantenere la stabilit\u00e0 delle sue propriet\u00e0 fisiche e chimiche e per facilitare il successivo uso dello sputtering.<\/p>\n","protected":false},"excerpt":{"rendered":"<p>Il bersaglio sputtering in lega di titanio e cobalto \u00e8 un materiale in lega composto da titanio e cobalto, utilizzato principalmente nel processo di sputtering nella tecnologia di deposizione fisica da vapore. Ha buone propriet\u00e0 magnetiche, elevata durezza e resistenza ed \u00e8 in grado di depositare film sottili uniformi con propriet\u00e0 specifiche sul materiale del substrato, ampiamente utilizzato nei settori dell&#8217;elettronica, della registrazione magnetica e della decorazione. <\/p>\n","protected":false},"featured_media":1000653,"comment_status":"open","ping_status":"closed","template":"","meta":{"_acf_changed":false},"product_brand":[],"product_cat":[197],"product_tag":[],"class_list":{"0":"post-1013295","1":"product","2":"type-product","3":"status-publish","4":"has-post-thumbnail","6":"product_cat-obiettivi-di-sputtering-planari","8":"first","9":"instock","10":"shipping-taxable","11":"product-type-variable"},"acf":[],"_links":{"self":[{"href":"https:\/\/vimaterial.de\/it\/wp-json\/wp\/v2\/product\/1013295","targetHints":{"allow":["GET"]}}],"collection":[{"href":"https:\/\/vimaterial.de\/it\/wp-json\/wp\/v2\/product"}],"about":[{"href":"https:\/\/vimaterial.de\/it\/wp-json\/wp\/v2\/types\/product"}],"replies":[{"embeddable":true,"href":"https:\/\/vimaterial.de\/it\/wp-json\/wp\/v2\/comments?post=1013295"}],"wp:featuredmedia":[{"embeddable":true,"href":"https:\/\/vimaterial.de\/it\/wp-json\/wp\/v2\/media\/1000653"}],"wp:attachment":[{"href":"https:\/\/vimaterial.de\/it\/wp-json\/wp\/v2\/media?parent=1013295"}],"wp:term":[{"taxonomy":"product_brand","embeddable":true,"href":"https:\/\/vimaterial.de\/it\/wp-json\/wp\/v2\/product_brand?post=1013295"},{"taxonomy":"product_cat","embeddable":true,"href":"https:\/\/vimaterial.de\/it\/wp-json\/wp\/v2\/product_cat?post=1013295"},{"taxonomy":"product_tag","embeddable":true,"href":"https:\/\/vimaterial.de\/it\/wp-json\/wp\/v2\/product_tag?post=1013295"}],"curies":[{"name":"wp","href":"https:\/\/api.w.org\/{rel}","templated":true}]}}