{"id":1013270,"date":"2024-06-17T14:25:53","date_gmt":"2024-06-17T06:25:53","guid":{"rendered":"https:\/\/vimaterial.de\/product\/fluoruro-di-titanio-iv\/"},"modified":"2025-04-18T16:16:14","modified_gmt":"2025-04-18T08:16:14","slug":"fluoruro-di-titanio-iv","status":"publish","type":"product","link":"https:\/\/vimaterial.de\/it\/product\/fluoruro-di-titanio-iv\/","title":{"rendered":"Fluoruro di titanio (IV)"},"content":{"rendered":"<p>La polvere di fluoruro di titanio (IV) \u00e8 una polvere cristallina bianca composta da titanio e fluoro che \u00e8 chimicamente attiva, assorbe l&#8217;umidit\u00e0 e altamente reattiva, svolgendo un ruolo chiave in aree come la sintesi chimica, la finitura dei metalli e la preparazione di materiali contenenti fluoro.<\/p>\n<p>VIMATERIAL \u00e8 un&#8217;azienda all&#8217;avanguardia nel settore dell&#8217;innovazione chimica dei materiali, specializzata in materiali ad alte prestazioni progettati per applicazioni ingegneristiche avanzate. I nostri prodotti sono di elevata purezza e qualit\u00e0, supportiamo l&#8217;imballaggio di piccoli lotti, il MOQ di piccoli prodotti, l&#8217;inventario sufficiente e la personalizzazione del supporto, se avete esigenze, vi preghiamo di <span style=\"color: #0000ff;\"><a style=\"color: #0000ff;\" href=\"https:\/\/vimaterial.de\/en\/contact-us\/\">contattarci.<\/a><\/span> <\/p>\n<h2><span style=\"font-size: 14pt;\">Propriet\u00e0<\/span><\/h2>\n<p>Formula molecolare: TiF\u2084<\/p>\n<p>Peso molecolare: 123,86<\/p>\n<p>Aspetto: polvere cristallina bianca<\/p>\n<p>Densit\u00e0: circa 2,798 g\/cm\u00b3.<\/p>\n<p>Struttura cristallina: sistema cristallino monoclino, gli atomi di titanio sono circondati da atomi di fluoro in modo tetraedrico.<\/p>\n<h2><span style=\"font-size: 14pt;\">Applicazione<\/span><\/h2>\n<p>Sintesi chimica: le polveri di fluoruro di titanio (IV) sono utilizzate come agenti fluoruranti nella sintesi chimica per introdurre atomi di fluoro in composti organici o inorganici, facilitando la sintesi di composti contenenti fluoro in virt\u00f9 della loro forte capacit\u00e0 fluorurante.<\/p>\n<p>Trattamento superficiale del metallo: nel trattamento superficiale del metallo, queste polveri vengono utilizzate per preparare rivestimenti di fluoruro metallico, che attraverso una reazione chimica formano un film protettivo sulla superficie del metallo, migliorandone la resistenza alla corrosione e all&#8217;usura.<\/p>\n<p>Campo dei materiali ottici: utilizzato nella produzione di vetro ottico e cristalli, \u00e8 in grado di regolare l&#8217;indice di rifrazione e altre propriet\u00e0 ottiche del materiale, contribuendo a produrre materiali con propriet\u00e0 ottiche specifiche per l&#8217;uso in strumenti ottici e altre apparecchiature.<\/p>\n<p>Campo del catalizzatore: Viene utilizzato come catalizzatore o componente di un catalizzatore in alcune reazioni chimiche, come nelle reazioni di polimerizzazione organica, per aiutare a regolare la velocit\u00e0 di reazione e la selettivit\u00e0 e aumentare la resa del prodotto target.<\/p>\n<p>Materiali elettronici: Nella preparazione di materiali elettronici, le polveri di fluoruro di titanio (IV) possono essere coinvolte nella produzione di materiali con elevate costanti dielettriche, che vengono utilizzati in componenti elettronici come i condensatori per migliorarne le prestazioni.<\/p>\n<h2><span style=\"font-size: 14pt;\">Controllo qualit\u00e0<\/span><\/h2>\n<p><span style=\"color: #0000ff;\"><a style=\"color: #0000ff;\" href=\"https:\/\/vimaterial.de\/en\/quality-control\/\">I nostri prodotti<\/a><\/span> sono soggetti a un rigoroso sistema di gestione della qualit\u00e0. Dai materiali in entrata, alla lavorazione, all&#8217;ispezione finale all&#8217;ispezione in fabbrica, ci sono rigorosi standard di ispezione. Per la lavorazione non qualificata vengono adottate rigorose misure di isolamento per evitare che prodotti non qualificati fluiscano nel processo successivo. I campioni sono forniti per la ri-ispezione del cliente in base alle esigenze del cliente.   <\/p>\n<h2><span style=\"font-size: 14pt;\">Imballaggio e stoccaggio<\/span><\/h2>\n<p>Le polveri di fluoruro di titanio (IV) sono confezionate in sacchetti doppi o flaconi in cartoni.<\/p>\n<p>La polvere di fluoruro di titanio (IV) deve essere conservata in un ambiente asciutto, fresco, ben ventilato e ben sigillato, evitando il contatto con acqua, aria umida, alcali e sostanze suscettibili di fluorurazione, poich\u00e9 assorbe l&#8217;umidit\u00e0 e \u00e8 chimicamente attivo. Ci\u00f2 impedisce la decomposizione da parte dell&#8217;umidit\u00e0 e le reazioni chimiche indesiderate e ne garantisce la stabilit\u00e0 chimica. <\/p>\n","protected":false},"excerpt":{"rendered":"<p>La polvere di fluoruro di titanio (IV) \u00e8 una polvere cristallina bianca composta da titanio e fluoro che \u00e8 chimicamente attiva, assorbe l&#8217;umidit\u00e0 e altamente reattiva, svolgendo un ruolo chiave in aree come la sintesi chimica, la finitura dei metalli e la preparazione di materiali contenenti fluoro.<\/p>\n","protected":false},"featured_media":1000682,"comment_status":"open","ping_status":"closed","template":"","meta":{"_acf_changed":false},"product_brand":[],"product_cat":[201],"product_tag":[],"class_list":{"0":"post-1013270","1":"product","2":"type-product","3":"status-publish","4":"has-post-thumbnail","6":"product_cat-materiali-a-base-di-alogenuri","8":"first","9":"instock","10":"shipping-taxable","11":"product-type-variable"},"acf":[],"_links":{"self":[{"href":"https:\/\/vimaterial.de\/it\/wp-json\/wp\/v2\/product\/1013270","targetHints":{"allow":["GET"]}}],"collection":[{"href":"https:\/\/vimaterial.de\/it\/wp-json\/wp\/v2\/product"}],"about":[{"href":"https:\/\/vimaterial.de\/it\/wp-json\/wp\/v2\/types\/product"}],"replies":[{"embeddable":true,"href":"https:\/\/vimaterial.de\/it\/wp-json\/wp\/v2\/comments?post=1013270"}],"wp:featuredmedia":[{"embeddable":true,"href":"https:\/\/vimaterial.de\/it\/wp-json\/wp\/v2\/media\/1000682"}],"wp:attachment":[{"href":"https:\/\/vimaterial.de\/it\/wp-json\/wp\/v2\/media?parent=1013270"}],"wp:term":[{"taxonomy":"product_brand","embeddable":true,"href":"https:\/\/vimaterial.de\/it\/wp-json\/wp\/v2\/product_brand?post=1013270"},{"taxonomy":"product_cat","embeddable":true,"href":"https:\/\/vimaterial.de\/it\/wp-json\/wp\/v2\/product_cat?post=1013270"},{"taxonomy":"product_tag","embeddable":true,"href":"https:\/\/vimaterial.de\/it\/wp-json\/wp\/v2\/product_tag?post=1013270"}],"curies":[{"name":"wp","href":"https:\/\/api.w.org\/{rel}","templated":true}]}}