{"id":1013233,"date":"2024-06-17T14:26:48","date_gmt":"2024-06-17T06:26:48","guid":{"rendered":"https:\/\/vimaterial.de\/product\/lega-di-titanio-e-magnesio\/"},"modified":"2025-04-18T16:12:25","modified_gmt":"2025-04-18T08:12:25","slug":"lega-di-titanio-e-magnesio","status":"publish","type":"product","link":"https:\/\/vimaterial.de\/it\/product\/lega-di-titanio-e-magnesio\/","title":{"rendered":"Lega di titanio e magnesio"},"content":{"rendered":"<p>L&#8217;obiettivo di sputtering della lega di titanio e magnesio \u00e8 un titanio e magnesio come componente principale del materiale della lega, ha una buona resistenza, bassa densit\u00e0, resistenza alla corrosione e altre prestazioni complete, utilizzate nel processo di deposizione fisica del vapore, attraverso lo sputtering della formazione delle caratteristiche di titanio e magnesio del film sottile sul substrato. Sono usati per formare film sottili di titanio e magnesio mediante sputtering su un substrato. Vengono utilizzati principalmente per fornire rivestimenti a film sottile leggeri, ad alta resistenza e resistenti alla corrosione per componenti nei settori aerospaziale, automobilistico, elettronico e dei macchinari.  <\/p>\n<p>Offriamo bersagli sputtering in lega di titanio e magnesio, VIMATERIAL pu\u00f2 anche fornire servizi di rilegatura del bersaglio, tutti i nostri prodotti possono essere personalizzati e sperimentati, vi preghiamo di <span style=\"color: #0000ff;\"><a style=\"color: #0000ff;\" href=\"https:\/\/vimaterial.de\/en\/contact-us\/\">contattarci<\/a><\/span> se avete bisogno di maggiori informazioni.<\/p>\n<p>Caratteristiche del prodotto<\/p>\n<p>Formula molecolare: TiMg<\/p>\n<p>Peso molecolare: 72,18<\/p>\n<p>Aspetto: grigio argento, lucentezza metallica, superficie liscia.<\/p>\n<p>Struttura cristallina: Varie possibilit\u00e0, tra cui esagono densamente impacchettato (HCP), ecc.<\/p>\n<p>Campi di applicazione<\/p>\n<p>Aerospaziale: utilizzato nella produzione di componenti strutturali leggeri di aeromobili, come ali e telai della fusoliera, che possono ridurre efficacemente il peso dell&#8217;aeromobile e migliorare le prestazioni di volo grazie alle sue caratteristiche di elevata resistenza e bassa densit\u00e0.<\/p>\n<p>Produzione automobilistica: depositato sulla superficie di componenti chiave come blocchi motore di automobili e mozzi delle ruote per migliorare la resistenza all&#8217;usura e alla corrosione dei componenti e, allo stesso tempo, ridurre il peso e migliorare il risparmio di carburante delle automobili.<\/p>\n<p>Apparecchiature elettroniche: bersaglio sputtering in lega di titanio e magnesio utilizzato in telefoni cellulari, computer e altri prodotti elettronici come dissipatori di calore, gusci e altri componenti, non solo per sfruttare la sua buona conduttivit\u00e0 termica, ma anche con le sue caratteristiche di leggerezza per ottenere apparecchiature sottili e leggere.<\/p>\n<p>Dispositivi medici: utilizzati nella produzione di articolazioni artificiali, dispositivi medici impiantabili, ecc. Grazie alla sua buona biocompatibilit\u00e0 e propriet\u00e0 meccaniche, pu\u00f2 adattarsi meglio all&#8217;ambiente umano e prolungare la durata. <\/p>\n<p>Controllo qualit\u00e0<\/p>\n<p><span style=\"color: #0000ff;\"><a style=\"color: #0000ff;\" href=\"https:\/\/vimaterial.de\/en\/quality-control\/\">I nostri prodotti<\/a><\/span> sono soggetti a un rigoroso sistema di gestione della qualit\u00e0. Esistono rigorosi standard di ispezione per i materiali in entrata, la lavorazione, l&#8217;ispezione finale e l&#8217;ispezione in fabbrica. Per la lavorazione non qualificata vengono adottate rigorose misure di isolamento per evitare che prodotti non qualificati fluiscano nel processo successivo. I campioni sono forniti per la ri-ispezione dei clienti in base alle esigenze dei clienti.   <\/p>\n<p>Imballaggio e stoccaggio<\/p>\n<p>I bersagli sputtering in lega di titanio e magnesio sono confezionati in doppi sacchetti sottovuoto, quindi inscatolati e confezionati in cartoni.<\/p>\n<p>I bersagli sputtering in lega di titanio e magnesio devono essere conservati in un ambiente asciutto e ben ventilato con temperatura stabile ed evitando la luce solare diretta, proteggendo l&#8217;umidit\u00e0, evitando il contatto con sostanze corrosive e allo stesso tempo evitando che i bersagli siano sottoposti a collisioni e vibrazioni violente, in modo da garantire la stabilit\u00e0 delle loro propriet\u00e0 fisiche e chimiche.<\/p>\n","protected":false},"excerpt":{"rendered":"<p>L&#8217;obiettivo di sputtering della lega di titanio e magnesio \u00e8 un titanio e magnesio come componente principale del materiale della lega, ha una buona resistenza, bassa densit\u00e0, resistenza alla corrosione e altre prestazioni complete, utilizzate nel processo di deposizione fisica del vapore, attraverso lo sputtering della formazione delle caratteristiche di titanio e magnesio del film sottile sul substrato. Sono usati per formare film sottili di titanio e magnesio mediante sputtering su un substrato. Vengono utilizzati principalmente per fornire rivestimenti a film sottile leggeri, ad alta resistenza e resistenti alla corrosione per componenti nei settori aerospaziale, automobilistico, elettronico e dei macchinari.  <\/p>\n","protected":false},"featured_media":1000705,"comment_status":"open","ping_status":"closed","template":"","meta":{"_acf_changed":false},"product_brand":[],"product_cat":[197],"product_tag":[],"class_list":{"0":"post-1013233","1":"product","2":"type-product","3":"status-publish","4":"has-post-thumbnail","6":"product_cat-obiettivi-di-sputtering-planari","8":"first","9":"instock","10":"shipping-taxable","11":"product-type-variable"},"acf":[],"_links":{"self":[{"href":"https:\/\/vimaterial.de\/it\/wp-json\/wp\/v2\/product\/1013233","targetHints":{"allow":["GET"]}}],"collection":[{"href":"https:\/\/vimaterial.de\/it\/wp-json\/wp\/v2\/product"}],"about":[{"href":"https:\/\/vimaterial.de\/it\/wp-json\/wp\/v2\/types\/product"}],"replies":[{"embeddable":true,"href":"https:\/\/vimaterial.de\/it\/wp-json\/wp\/v2\/comments?post=1013233"}],"wp:featuredmedia":[{"embeddable":true,"href":"https:\/\/vimaterial.de\/it\/wp-json\/wp\/v2\/media\/1000705"}],"wp:attachment":[{"href":"https:\/\/vimaterial.de\/it\/wp-json\/wp\/v2\/media?parent=1013233"}],"wp:term":[{"taxonomy":"product_brand","embeddable":true,"href":"https:\/\/vimaterial.de\/it\/wp-json\/wp\/v2\/product_brand?post=1013233"},{"taxonomy":"product_cat","embeddable":true,"href":"https:\/\/vimaterial.de\/it\/wp-json\/wp\/v2\/product_cat?post=1013233"},{"taxonomy":"product_tag","embeddable":true,"href":"https:\/\/vimaterial.de\/it\/wp-json\/wp\/v2\/product_tag?post=1013233"}],"curies":[{"name":"wp","href":"https:\/\/api.w.org\/{rel}","templated":true}]}}