{"id":1013214,"date":"2024-06-17T14:26:49","date_gmt":"2024-06-17T06:26:49","guid":{"rendered":"https:\/\/vimaterial.de\/product\/nitruro-di-titanio-2\/"},"modified":"2025-04-18T16:07:47","modified_gmt":"2025-04-18T08:07:47","slug":"nitruro-di-titanio-2","status":"publish","type":"product","link":"https:\/\/vimaterial.de\/it\/product\/nitruro-di-titanio-2\/","title":{"rendered":"Nitruro di titanio"},"content":{"rendered":"<p><a href=\"https:\/\/vimaterial.de\/it\/product\/nitruro-di-titanio\/\"><span style=\"color: #0000ff;\">Nitruro di titanio <\/span><\/a>La polvere \u00e8 una polvere composta di colore dorato, composta principalmente da titanio e azoto, con elevata durezza, alto punto di fusione, buona resistenza all&#8217;usura e stabilit\u00e0 chimica, che ha una vasta gamma di applicazioni in molti campi come rivestimenti per utensili, rivestimenti decorativi ed elettronica.<\/p>\n<p>VIMATERIAL \u00e8 un&#8217;azienda all&#8217;avanguardia nel settore dell&#8217;innovazione chimica dei materiali, specializzata in materiali ad alte prestazioni progettati per applicazioni ingegneristiche avanzate. I nostri prodotti sono di elevata purezza e qualit\u00e0, supportiamo l&#8217;imballaggio di piccoli lotti, il MOQ di piccoli prodotti, l&#8217;inventario sufficiente e la personalizzazione del supporto, se avete esigenze, vi preghiamo di<span style=\"color: #0000ff;\"><a style=\"color: #0000ff;\" href=\"https:\/\/vimaterial.de\/it\/contatto\/\"> contattarci<\/a><\/span>. <\/p>\n<h2><span style=\"font-size: 14pt;\">Propriet\u00e0<\/span><\/h2>\n<p>Formula molecolare: TiN<\/p>\n<p>Peso molecolare: 61,87<\/p>\n<p>Aspetto: polvere giallo dorato<\/p>\n<p>Densit\u00e0: circa 5,43 g\/cm\u00b3.<\/p>\n<p>Punto di fusione: circa 2950\u00b0C<\/p>\n<p>Struttura cristallina: struttura cristallina cubica a facce centrate (FCC).<\/p>\n<h2><span style=\"font-size: 14pt;\">Applicazione<\/span><\/h2>\n<p>Utensili da taglio: la polvere di nitruro di titanio pu\u00f2 essere utilizzata per il rivestimento di utensili da taglio. Con la sua elevata durezza e resistenza all&#8217;usura, pu\u00f2 migliorare significativamente le prestazioni di taglio e la durata degli utensili e mantenere gli utensili affilati durante il taglio di metalli e altri materiali ad alta velocit\u00e0. <\/p>\n<p>Materiali decorativi: nell&#8217;area decorativa, questa polvere pu\u00f2 essere utilizzata per realizzare rivestimenti decorativi di alta qualit\u00e0 che, grazie al suo colore dorato e alla buona lucentezza, possono aggiungere superfici decorative belle e resistenti all&#8217;usura a una variet\u00e0 di prodotti come cinturini per orologi e gioielli.<\/p>\n<p>Elettronica: la polvere di nitruro di titanio viene utilizzata come film conduttivo nei dispositivi elettronici, dove la sua buona conduttivit\u00e0 elettrica e stabilit\u00e0 chimica prevengono la corrosione dei componenti elettronici e garantiscono una trasmissione stabile dei segnali elettronici.<\/p>\n<p>Automotive: utilizzato nel trattamento superficiale di parti e componenti di motori automobilistici per migliorare la resistenza all&#8217;usura e alla corrosione, rendendo le parti automobilistiche pi\u00f9 durevoli in condizioni di lavoro complesse e contribuendo a migliorare le prestazioni complessive e la durata del veicolo.<\/p>\n<h2><span style=\"font-size: 14pt;\">Controllo qualit\u00e0<\/span><\/h2>\n<p><span style=\"color: #0000ff;\"><a style=\"color: #0000ff;\" href=\"https:\/\/vimaterial.de\/it\/controllo-qualita\/\">I nostri prodotti<\/a><\/span> sono soggetti a un rigoroso sistema di gestione della qualit\u00e0. Dai materiali in entrata, alla lavorazione, all&#8217;ispezione finale all&#8217;ispezione in fabbrica, ci sono rigorosi standard di ispezione. Per la lavorazione non qualificata vengono adottate rigorose misure di isolamento per evitare che prodotti non qualificati fluiscano nel processo successivo. I campioni sono forniti per la ri-ispezione del cliente in base alle esigenze del cliente.   <\/p>\n<h2><span style=\"font-size: 14pt;\">Imballaggio e stoccaggio<\/span><\/h2>\n<p>Le polveri di nitruro di titanio sono confezionate in sacchetti doppi o flaconi e confezionate in cartoni.<\/p>\n<p>La polvere di nitruro di titanio deve essere conservata in un ambiente asciutto, fresco e ben ventilato in contenitori sigillati, evitando il contatto con umidit\u00e0, acidi forti, basi forti e agenti ossidanti forti, per prevenire umidit\u00e0, corrosione o reazioni chimiche che potrebbero alterarne le propriet\u00e0.<\/p>\n","protected":false},"excerpt":{"rendered":"<p><a href=\"https:\/\/vimaterial.de\/it\/product\/nitruro-di-titanio\/\"><span style=\"color: #0000ff;\">Nitruro di titanio <\/span><\/a>La polvere \u00e8 una polvere composta di colore dorato, composta principalmente da titanio e azoto, con elevata durezza, alto punto di fusione, buona resistenza all&#8217;usura e stabilit\u00e0 chimica, che ha una vasta gamma di applicazioni in molti campi come rivestimenti per utensili, rivestimenti decorativi ed elettronica.<\/p>\n","protected":false},"featured_media":1000719,"comment_status":"open","ping_status":"closed","template":"","meta":{"_acf_changed":false},"product_brand":[],"product_cat":[202],"product_tag":[],"class_list":{"0":"post-1013214","1":"product","2":"type-product","3":"status-publish","4":"has-post-thumbnail","6":"product_cat-materiali-c-n-b-si","8":"first","9":"instock","10":"shipping-taxable","11":"purchasable","12":"product-type-variable"},"acf":[],"_links":{"self":[{"href":"https:\/\/vimaterial.de\/it\/wp-json\/wp\/v2\/product\/1013214","targetHints":{"allow":["GET"]}}],"collection":[{"href":"https:\/\/vimaterial.de\/it\/wp-json\/wp\/v2\/product"}],"about":[{"href":"https:\/\/vimaterial.de\/it\/wp-json\/wp\/v2\/types\/product"}],"replies":[{"embeddable":true,"href":"https:\/\/vimaterial.de\/it\/wp-json\/wp\/v2\/comments?post=1013214"}],"wp:featuredmedia":[{"embeddable":true,"href":"https:\/\/vimaterial.de\/it\/wp-json\/wp\/v2\/media\/1000719"}],"wp:attachment":[{"href":"https:\/\/vimaterial.de\/it\/wp-json\/wp\/v2\/media?parent=1013214"}],"wp:term":[{"taxonomy":"product_brand","embeddable":true,"href":"https:\/\/vimaterial.de\/it\/wp-json\/wp\/v2\/product_brand?post=1013214"},{"taxonomy":"product_cat","embeddable":true,"href":"https:\/\/vimaterial.de\/it\/wp-json\/wp\/v2\/product_cat?post=1013214"},{"taxonomy":"product_tag","embeddable":true,"href":"https:\/\/vimaterial.de\/it\/wp-json\/wp\/v2\/product_tag?post=1013214"}],"curies":[{"name":"wp","href":"https:\/\/api.w.org\/{rel}","templated":true}]}}