{"id":1013205,"date":"2024-06-17T14:26:48","date_gmt":"2024-06-17T06:26:48","guid":{"rendered":"https:\/\/vimaterial.de\/product\/lega-di-titanio-e-molibdeno\/"},"modified":"2025-04-18T16:10:15","modified_gmt":"2025-04-18T08:10:15","slug":"lega-di-titanio-e-molibdeno","status":"publish","type":"product","link":"https:\/\/vimaterial.de\/it\/product\/lega-di-titanio-e-molibdeno\/","title":{"rendered":"Lega di titanio e molibdeno"},"content":{"rendered":"<p>Il bersaglio sputtering in lega di titanio e molibdeno \u00e8 una lega di titanio e molibdeno, che combina la buona resistenza alla corrosione del titanio con l&#8217;alto punto di fusione e l&#8217;elevata resistenza del molibdeno, ecc. Viene utilizzato principalmente nel processo di deposizione fisica da vapore ed \u00e8 in grado di depositare film sottili sul substrato con eccellenti prestazioni complete, che viene utilizzato principalmente nei settori aerospaziale, elettronico e dei macchinari. <\/p>\n<p>Offriamo bersagli sputtering in lega di titanio molibdeno, VIMATERIAL pu\u00f2 anche fornire un servizio di rilegatura del bersaglio, tutti i nostri prodotti possono essere personalizzati e sperimentali, se hai bisogno di maggiori informazioni, <span style=\"color: #0000ff;\"><a style=\"color: #0000ff;\" href=\"https:\/\/vimaterial.de\/en\/contact-us\/\">contattaci.<\/a><\/span><\/p>\n<h2><span style=\"font-size: 14pt;\">Caratteristiche<\/span><\/h2>\n<p>Formula molecolare: TiMo<\/p>\n<p>Peso molecolare: 143,81<\/p>\n<p>Aspetto: grigio argento, lucentezza metallica, superficie liscia<\/p>\n<p>Struttura cristallina: Varia, pu\u00f2 includere Body Centred Cubic (BCC)<\/p>\n<h2><span style=\"font-size: 14pt;\">Applicazione<\/span><\/h2>\n<p>Aerospaziale: nel settore aerospaziale, i bersagli sputtering in lega di titanio e molibdeno vengono utilizzati per rivestire componenti come pale di motori aeronautici e ugelli di razzi, dove il loro alto punto di fusione e la buona resistenza all&#8217;ossidazione ad alta temperatura consentono loro di resistere a temperature estreme e migliorare la durata e le prestazioni dei componenti.<\/p>\n<p>Elettronica: Nell&#8217;industria elettronica, i bersagli sputtering vengono utilizzati per depositare film sottili di fili di interconnessione nei circuiti integrati e film sottili di materiali di imballaggio elettronici, sfruttando la loro buona conduttivit\u00e0 elettrica e stabilit\u00e0 termica per garantire la trasmissione efficiente dei segnali elettronici e la stabilit\u00e0 dei componenti elettronici.<\/p>\n<p>Campo dei dispositivi medici: per i dispositivi medici, pu\u00f2 essere utilizzato per produrre rivestimenti superficiali per articolazioni artificiali e impianti dentali, ecc. Combinando i vantaggi della biocompatibilit\u00e0 del titanio e le propriet\u00e0 meccaniche del molibdeno, i dispositivi impiantati possono adattarsi meglio all&#8217;ambiente fisiologico umano e migliorare la sicurezza e la durata dei dispositivi impiantati. <\/p>\n<p>Produzione automobilistica: nella produzione automobilistica, il bersaglio sputtering viene utilizzato nel rivestimento di parti interne di motori automobilistici e componenti del sistema frenante, facendo affidamento sulle sue caratteristiche di elevata resistenza e antiusura per migliorare la resistenza all&#8217;usura e alla fatica delle parti e prolungare la durata dei componenti automobilistici.<\/p>\n<h2><span style=\"font-size: 14pt;\">Controllo qualit\u00e0<\/span><\/h2>\n<p><span style=\"color: #0000ff;\"><a style=\"color: #0000ff;\" href=\"https:\/\/vimaterial.de\/en\/quality-control\/\">I nostri prodotti<\/a><\/span> sono soggetti a un rigoroso sistema di gestione della qualit\u00e0. Esistono rigorosi standard di ispezione per i materiali in entrata, la lavorazione, l&#8217;ispezione finale e l&#8217;ispezione in fabbrica. Per la lavorazione non qualificata vengono adottate rigorose misure di isolamento per evitare che prodotti non qualificati fluiscano nel processo successivo. I campioni sono forniti per la ri-ispezione dei clienti in base alle esigenze dei clienti.   <\/p>\n<h2><span style=\"font-size: 14pt;\">Imballaggio e stoccaggio<\/span><\/h2>\n<p>I bersagli sputtering in lega di titanio e molibdeno sono confezionati in doppi sacchetti sottovuoto, quindi inscatolati e confezionati in cartoni.<\/p>\n<p>Il bersaglio sputtering in lega di titanio molibdeno deve essere conservato in un ambiente asciutto, fresco e ben ventilato, evitando l&#8217;umidit\u00e0, impedendo il contatto con sostanze fortemente corrosive e allo stesso tempo prestando attenzione a evitare danni meccanici come collisioni violente e attriti, al fine di mantenere la stabilit\u00e0 delle sue propriet\u00e0 fisiche e chimiche.<\/p>\n","protected":false},"excerpt":{"rendered":"<p>Il bersaglio sputtering in lega di titanio e molibdeno \u00e8 una lega di titanio e molibdeno, che combina la buona resistenza alla corrosione del titanio con l&#8217;alto punto di fusione e l&#8217;elevata resistenza del molibdeno, ecc. Viene utilizzato principalmente nel processo di deposizione fisica da vapore ed \u00e8 in grado di depositare film sottili sul substrato con eccellenti prestazioni complete, che viene utilizzato principalmente nei settori aerospaziale, elettronico e dei macchinari. <\/p>\n","protected":false},"featured_media":1000712,"comment_status":"open","ping_status":"closed","template":"","meta":{"_acf_changed":false},"product_brand":[],"product_cat":[197],"product_tag":[],"class_list":{"0":"post-1013205","1":"product","2":"type-product","3":"status-publish","4":"has-post-thumbnail","6":"product_cat-obiettivi-di-sputtering-planari","8":"first","9":"instock","10":"shipping-taxable","11":"product-type-variable"},"acf":[],"_links":{"self":[{"href":"https:\/\/vimaterial.de\/it\/wp-json\/wp\/v2\/product\/1013205","targetHints":{"allow":["GET"]}}],"collection":[{"href":"https:\/\/vimaterial.de\/it\/wp-json\/wp\/v2\/product"}],"about":[{"href":"https:\/\/vimaterial.de\/it\/wp-json\/wp\/v2\/types\/product"}],"replies":[{"embeddable":true,"href":"https:\/\/vimaterial.de\/it\/wp-json\/wp\/v2\/comments?post=1013205"}],"wp:featuredmedia":[{"embeddable":true,"href":"https:\/\/vimaterial.de\/it\/wp-json\/wp\/v2\/media\/1000712"}],"wp:attachment":[{"href":"https:\/\/vimaterial.de\/it\/wp-json\/wp\/v2\/media?parent=1013205"}],"wp:term":[{"taxonomy":"product_brand","embeddable":true,"href":"https:\/\/vimaterial.de\/it\/wp-json\/wp\/v2\/product_brand?post=1013205"},{"taxonomy":"product_cat","embeddable":true,"href":"https:\/\/vimaterial.de\/it\/wp-json\/wp\/v2\/product_cat?post=1013205"},{"taxonomy":"product_tag","embeddable":true,"href":"https:\/\/vimaterial.de\/it\/wp-json\/wp\/v2\/product_tag?post=1013205"}],"curies":[{"name":"wp","href":"https:\/\/api.w.org\/{rel}","templated":true}]}}