{"id":1013182,"date":"2024-06-17T14:26:51","date_gmt":"2024-06-17T06:26:51","guid":{"rendered":"https:\/\/vimaterial.de\/product\/titanio-drogato-con-nb\/"},"modified":"2025-04-18T16:03:08","modified_gmt":"2025-04-18T08:03:08","slug":"titanio-drogato-con-nb","status":"publish","type":"product","link":"https:\/\/vimaterial.de\/it\/product\/titanio-drogato-con-nb\/","title":{"rendered":"Titanio (drogato Nb)"},"content":{"rendered":"<p>Il bersaglio per polverizzazione catodica in titanio (drogato con Nb) \u00e8 un materiale a base di titanio drogato con niobio per l&#8217;uso nel processo di sputtering nella deposizione fisica da vapore (PVD), in cui gli atomi di titanio e niobio vengono depositati sulla superficie del substrato mediante bombardamento ionico per formare un film sottile, che viene utilizzato per migliorare le propriet\u00e0 del film come la durezza,  resistenza alla corrosione e molte altre propriet\u00e0.<\/p>\n<p>Forniamo bersagli sputtering in titanio (Nb drogato), VIMATERIAL pu\u00f2 anche fornire un servizio di rilegatura del bersaglio, i nostri prodotti sono soggetti a personalizzazione e sperimentazione, vi preghiamo di <span style=\"color: #0000ff;\"><a style=\"color: #0000ff;\" href=\"https:\/\/vimaterial.de\/en\/contact-us\/\">contattarci<\/a><\/span> se necessario.<\/p>\n<h2><span style=\"font-size: 14pt;\">Applicazioni<\/span><\/h2>\n<p>Semiconduttori: per la produzione di elettrodi e interconnessioni per dispositivi a semiconduttore. I film di titanio contenenti niobio formati dallo sputtering possono migliorare la conduttivit\u00e0 e la resistenza all&#8217;elettromigrazione delle linee, contribuendo al miglioramento delle prestazioni del chip. <\/p>\n<p>Ottica: i bersagli sputtering in titanio (drogato con Nb) possono essere utilizzati per preparare film sottili con alto indice di rifrazione e buona stabilit\u00e0 ottica, migliorare la trasmissione della luce e le propriet\u00e0 antiriflesso dei componenti ottici e migliorare la qualit\u00e0 dell&#8217;imaging dei dispositivi ottici.<\/p>\n<p>Aerospaziale: i film sottili formati dallo sputtering possono migliorare la corrosione e la resistenza alle alte temperature dei componenti, ridurre la perdita di peso e il degrado delle prestazioni dei materiali in ambienti difficili e migliorare l&#8217;affidabilit\u00e0 e la durata delle apparecchiature aerospaziali.<\/p>\n<p>Elettronica: i bersagli sputtering in titanio (Nb drogato) possono essere utilizzati per preparare pellicole conduttive o protettive trasparenti per migliorare la conduttivit\u00e0 e la resistenza ai graffi dei display, migliorando cos\u00ec la qualit\u00e0 del display e la durata dei dispositivi elettronici.<\/p>\n<h2><span style=\"font-size: 14pt;\">Controllo qualit\u00e0<\/span><\/h2>\n<p><span style=\"color: #0000ff;\"><a style=\"color: #0000ff;\" href=\"https:\/\/vimaterial.de\/en\/quality-control\/\">I nostri prodotti<\/a> <\/span>sono soggetti a un rigoroso sistema di gestione della qualit\u00e0. Esistono rigorosi standard di ispezione per i materiali in entrata, la lavorazione, l&#8217;ispezione finale e l&#8217;ispezione in fabbrica. Per la lavorazione non qualificata vengono adottate rigorose misure di isolamento per evitare che prodotti non qualificati fluiscano nel processo successivo. I campioni sono forniti per la ri-ispezione del cliente in base alle esigenze del cliente.   <\/p>\n<h2><span style=\"font-size: 14pt;\">Imballaggio e stoccaggio<\/span><\/h2>\n<p>I bersagli sputtering in titanio (Nb drogato) vengono confezionati in sacchetti sottovuoto a doppio strato e poi inscatolati e confezionati in cartoni.<\/p>\n<p>I bersagli sputtering in titanio (Nb drogato) devono essere conservati in un ambiente asciutto, pulito e ben ventilato per evitare umidit\u00e0, ossidazione, danni meccanici e inquinamento chimico.<\/p>\n","protected":false},"excerpt":{"rendered":"<p>Il bersaglio per polverizzazione catodica in titanio (drogato con Nb) \u00e8 un materiale a base di titanio drogato con niobio per l&#8217;uso nel processo di sputtering nella deposizione fisica da vapore (PVD), in cui gli atomi di titanio e niobio vengono depositati sulla superficie del substrato mediante bombardamento ionico per formare un film sottile, che viene utilizzato per migliorare le propriet\u00e0 del film come la durezza,  resistenza alla corrosione e molte altre propriet\u00e0.<\/p>\n","protected":false},"featured_media":1000740,"comment_status":"open","ping_status":"closed","template":"","meta":{"_acf_changed":false},"product_brand":[],"product_cat":[197],"product_tag":[],"class_list":{"0":"post-1013182","1":"product","2":"type-product","3":"status-publish","4":"has-post-thumbnail","6":"product_cat-obiettivi-di-sputtering-planari","8":"first","9":"instock","10":"shipping-taxable","11":"product-type-variable"},"acf":[],"_links":{"self":[{"href":"https:\/\/vimaterial.de\/it\/wp-json\/wp\/v2\/product\/1013182","targetHints":{"allow":["GET"]}}],"collection":[{"href":"https:\/\/vimaterial.de\/it\/wp-json\/wp\/v2\/product"}],"about":[{"href":"https:\/\/vimaterial.de\/it\/wp-json\/wp\/v2\/types\/product"}],"replies":[{"embeddable":true,"href":"https:\/\/vimaterial.de\/it\/wp-json\/wp\/v2\/comments?post=1013182"}],"wp:featuredmedia":[{"embeddable":true,"href":"https:\/\/vimaterial.de\/it\/wp-json\/wp\/v2\/media\/1000740"}],"wp:attachment":[{"href":"https:\/\/vimaterial.de\/it\/wp-json\/wp\/v2\/media?parent=1013182"}],"wp:term":[{"taxonomy":"product_brand","embeddable":true,"href":"https:\/\/vimaterial.de\/it\/wp-json\/wp\/v2\/product_brand?post=1013182"},{"taxonomy":"product_cat","embeddable":true,"href":"https:\/\/vimaterial.de\/it\/wp-json\/wp\/v2\/product_cat?post=1013182"},{"taxonomy":"product_tag","embeddable":true,"href":"https:\/\/vimaterial.de\/it\/wp-json\/wp\/v2\/product_tag?post=1013182"}],"curies":[{"name":"wp","href":"https:\/\/api.w.org\/{rel}","templated":true}]}}