{"id":1013143,"date":"2024-06-17T14:26:52","date_gmt":"2024-06-17T06:26:52","guid":{"rendered":"https:\/\/vimaterial.de\/product\/lega-di-rame-titanio-nichel-zirconio\/"},"modified":"2025-04-18T15:50:25","modified_gmt":"2025-04-18T07:50:25","slug":"lega-di-rame-titanio-nichel-zirconio","status":"publish","type":"product","link":"https:\/\/vimaterial.de\/it\/product\/lega-di-rame-titanio-nichel-zirconio\/","title":{"rendered":"Lega di rame titanio nichel zirconio"},"content":{"rendered":"<p>La polvere in lega di titanio nichel zirconio rame \u00e8 una polvere di lega di titanio, nichel, zirconio e rame di colore grigio o grigio argento con un buon effetto memoria di forma, super elasticit\u00e0, resistenza all&#8217;usura e alla corrosione, che ha una vasta gamma di applicazioni in molti campi come l&#8217;aerospaziale, la biomedicale e la produzione di macchinari.<\/p>\n<p>VIMATERIAL \u00e8 un&#8217;azienda all&#8217;avanguardia nel settore dell&#8217;innovazione chimica dei materiali, specializzata in materiali ad alte prestazioni progettati per applicazioni ingegneristiche avanzate. I nostri prodotti sono di elevata purezza e qualit\u00e0, supportiamo l&#8217;imballaggio di piccoli lotti, il MOQ di piccoli prodotti, l&#8217;inventario sufficiente e la personalizzazione del supporto, se avete esigenze, vi preghiamo di<span style=\"color: #0000ff;\"><a style=\"color: #0000ff;\" href=\"https:\/\/vimaterial.de\/en\/contact-us\/\"> contattarci<\/a><\/span>. <\/p>\n<h2><span style=\"font-size: 14pt;\">Propriet\u00e0<\/span><\/h2>\n<p>Formula molecolare: TiNiZrCu<\/p>\n<p>Aspetto: polvere solitamente grigio o grigio argento<\/p>\n<h2><span style=\"font-size: 14pt;\">Applicazione<\/span><\/h2>\n<p>Aerospaziale: le polveri di lega di titanio nichel zirconio e rame sono utilizzate nella produzione di componenti aerospaziali per mantenere la stabilit\u00e0 strutturale e l&#8217;affidabilit\u00e0 in ambienti spaziali estremi o in condizioni di volo ad alta velocit\u00e0 grazie alle loro prestazioni ad alta temperatura e resistenza alla corrosione.<\/p>\n<p>Biomedico: nel campo dei dispositivi biomedici, questa polvere di lega pu\u00f2 essere utilizzata nella produzione di dispositivi medici impiantabili, come stent, ecc. Utilizzando il suo effetto memoria di forma e la sua biocompatibilit\u00e0, il dispositivo medico pu\u00f2 funzionare in base all&#8217;ambiente all&#8217;interno del corpo umano e ridurre la reazione di rigetto del corpo umano. <\/p>\n<p>Campo di produzione meccanica: la polvere di lega pu\u00f2 essere utilizzata per produrre parti meccaniche di alta precisione, come cuscinetti, ingranaggi, ecc., facendo affidamento sulla sua superelasticit\u00e0 e resistenza all&#8217;usura per migliorare la durata e la precisione di lavoro delle parti meccaniche.<\/p>\n<p>Elettronica: nelle apparecchiature elettroniche, le polveri di lega di titanio nichel zirconio e rame possono essere utilizzate per realizzare parti di collegamento per componenti elettronici. Con la sua buona conduttivit\u00e0 elettrica e resistenza alla corrosione, garantisce la trasmissione stabile dei segnali elettronici e impedisce che i componenti vengano danneggiati dalla corrosione. <\/p>\n<h2><span style=\"font-size: 14pt;\">Controllo qualit\u00e0<\/span><\/h2>\n<p><span style=\"color: #0000ff;\"><a style=\"color: #0000ff;\" href=\"https:\/\/vimaterial.de\/en\/quality-control\/\">I nostri prodotti<\/a><\/span> sono soggetti a un rigoroso sistema di gestione della qualit\u00e0. Dai materiali in entrata, alla lavorazione, all&#8217;ispezione finale all&#8217;ispezione in fabbrica, ci sono rigorosi standard di ispezione. Per la lavorazione non qualificata vengono adottate rigorose misure di isolamento per evitare che prodotti non qualificati fluiscano nel processo successivo. I campioni sono forniti per la ri-ispezione del cliente in base alle esigenze del cliente.   <\/p>\n<h2><span style=\"font-size: 14pt;\">Imballaggio e stoccaggio<\/span><\/h2>\n<p>La polvere di titanio nichel zirconio e rame \u00e8 confezionata in doppi sacchetti o flaconi con cartoni esterni.<\/p>\n<p>La polvere di lega di titanio nichel zirconio e rame deve essere conservata in un ambiente asciutto, fresco e ben ventilato in contenitori sigillati per evitare umidit\u00e0 e ossidazione e deve essere tenuta lontana dal fuoco, da acidi forti e alcali e altre sostanze chimiche per evitare cambiamenti chimici o agglomerazione della sua composizione.<\/p>\n","protected":false},"excerpt":{"rendered":"<p>La polvere in lega di titanio nichel zirconio rame \u00e8 una polvere di lega di titanio, nichel, zirconio e rame di colore grigio o grigio argento con un buon effetto memoria di forma, super elasticit\u00e0, resistenza all&#8217;usura e alla corrosione, che ha una vasta gamma di applicazioni in molti campi come l&#8217;aerospaziale, la biomedicale e la produzione di macchinari.<\/p>\n","protected":false},"featured_media":1000764,"comment_status":"open","ping_status":"closed","template":"","meta":{"_acf_changed":false},"product_brand":[],"product_cat":[212],"product_tag":[],"class_list":{"0":"post-1013143","1":"product","2":"type-product","3":"status-publish","4":"has-post-thumbnail","6":"product_cat-polvere-di-metallo-puro-e-leghe","8":"first","9":"instock","10":"shipping-taxable","11":"product-type-variable"},"acf":[],"_links":{"self":[{"href":"https:\/\/vimaterial.de\/it\/wp-json\/wp\/v2\/product\/1013143","targetHints":{"allow":["GET"]}}],"collection":[{"href":"https:\/\/vimaterial.de\/it\/wp-json\/wp\/v2\/product"}],"about":[{"href":"https:\/\/vimaterial.de\/it\/wp-json\/wp\/v2\/types\/product"}],"replies":[{"embeddable":true,"href":"https:\/\/vimaterial.de\/it\/wp-json\/wp\/v2\/comments?post=1013143"}],"wp:featuredmedia":[{"embeddable":true,"href":"https:\/\/vimaterial.de\/it\/wp-json\/wp\/v2\/media\/1000764"}],"wp:attachment":[{"href":"https:\/\/vimaterial.de\/it\/wp-json\/wp\/v2\/media?parent=1013143"}],"wp:term":[{"taxonomy":"product_brand","embeddable":true,"href":"https:\/\/vimaterial.de\/it\/wp-json\/wp\/v2\/product_brand?post=1013143"},{"taxonomy":"product_cat","embeddable":true,"href":"https:\/\/vimaterial.de\/it\/wp-json\/wp\/v2\/product_cat?post=1013143"},{"taxonomy":"product_tag","embeddable":true,"href":"https:\/\/vimaterial.de\/it\/wp-json\/wp\/v2\/product_tag?post=1013143"}],"curies":[{"name":"wp","href":"https:\/\/api.w.org\/{rel}","templated":true}]}}