{"id":1013140,"date":"2024-06-17T14:26:51","date_gmt":"2024-06-17T06:26:51","guid":{"rendered":"https:\/\/vimaterial.de\/product\/lega-di-nichel-e-titanio\/"},"modified":"2025-04-18T15:55:12","modified_gmt":"2025-04-18T07:55:12","slug":"lega-di-nichel-e-titanio","status":"publish","type":"product","link":"https:\/\/vimaterial.de\/it\/product\/lega-di-nichel-e-titanio\/","title":{"rendered":"Lega di titanio e nichel"},"content":{"rendered":"<p>I bersagli sputtering in <span style=\"color: #0000ff;\"><a style=\"color: #0000ff;\" href=\"https:\/\/vimaterial.de\/en\/product\/titanium-nickel-alloy\/\">titanio e nichel sono leghe di titanio<\/a><\/span> e nichel, utilizzate principalmente per la deposizione fisica da vapore. Vengono sputtered per la produzione di impianti in leghe a memoria di forma in campo biomedicale, per il rivestimento di componenti ad alta temperatura e resistenti alla fatica in campo aerospaziale e per la produzione di film sottili con particolari propriet\u00e0 elettriche in campo elettronico. <\/p>\n<p>Forniamo bersagli di sputtering in Titanio Nichel, VIMATERIAL pu\u00f2 anche fornire il servizio di rilegatura del bersaglio, tutti i nostri prodotti sono soggetti a personalizzazione e sperimentazione,<span style=\"color: #0000ff;\"><a style=\"color: #0000ff;\" href=\"https:\/\/vimaterial.de\/en\/contact-us\/\"> contattaci<\/a><\/span> se hai bisogno di ulteriori informazioni.<\/p>\n<h2><span style=\"font-size: 14pt;\">Caratteristiche<\/span><\/h2>\n<p>Formula molecolare: TiNi<\/p>\n<p>Peso molecolare: 106,39<\/p>\n<p>Aspetto: grigio argento, lucentezza metallica, superficie liscia<\/p>\n<p>Struttura cristallina: varie strutture, tra cui cubiche centrate sul corpo (BCC), cubiche centrate sulla faccia (FCC), ecc., in grado di trasformare la fase martensitica<\/p>\n<h2><span style=\"font-size: 14pt;\">Applicazioni<\/span><\/h2>\n<p>Biomedicale: utilizzato nella produzione di stent cardiaci, bobine a molla per embolia vascolare e altri dispositivi impiantabili, l&#8217;uso della sua memoria di forma e biocompatibilit\u00e0, si adattano ai tessuti del corpo umano e funzionano in modo stabile.<\/p>\n<p>Aerospaziale: formatura di rivestimenti sulle superfici delle ali degli aeromobili e delle pale dei motori per migliorare la resistenza alla fatica, la resistenza alle alte temperature e la resistenza alla corrosione dei componenti per garantire la sicurezza del volo.<\/p>\n<p>Apparecchiature elettroniche: utilizzate nella fabbricazione di sensori e attuatori di sistemi micro-elettromeccanici (MEMS), in virt\u00f9 delle loro speciali propriet\u00e0 meccaniche, per ottenere un&#8217;elevata precisione di trasmissione del segnale ed esecuzione dell&#8217;azione.<\/p>\n<p>Industria automobilistica: utilizzato nelle valvole dei motori automobilistici e nei dispositivi di regolazione delle sedi, facendo affidamento sulla sua eccellente elasticit\u00e0 e durata per migliorare l&#8217;affidabilit\u00e0 dei sistemi meccanici e la facilit\u00e0 d&#8217;uso.<\/p>\n<h2><span style=\"font-size: 14pt;\">Controllo qualit\u00e0<\/span><\/h2>\n<p><span style=\"color: #0000ff;\"><a style=\"color: #0000ff;\" href=\"https:\/\/vimaterial.de\/en\/quality-control\/\">I nostri prodotti<\/a><\/span> sono soggetti a un rigoroso sistema di gestione della qualit\u00e0. Esistono rigorosi standard di ispezione per i materiali in entrata, la lavorazione, l&#8217;ispezione finale e l&#8217;ispezione in fabbrica. Per la lavorazione non qualificata vengono adottate rigorose misure di isolamento per evitare che prodotti non qualificati fluiscano nel processo successivo. I campioni sono forniti per la ri-ispezione del cliente in base alle esigenze del cliente.   <\/p>\n<h2><span style=\"font-size: 14pt;\">Imballaggio e stoccaggio<\/span><\/h2>\n<p>I bersagli sputtering in titanio e nichel sono confezionati in doppi sacchetti sottovuoto e quindi inscatolati e confezionati in cartoni.<\/p>\n<p>I bersagli sputtering in titanio e nichel devono essere conservati in ambienti asciutti e ben ventilati con temperatura e umidit\u00e0 relativamente stabili, evitando il contatto con sostanze corrosive, prevenendo collisioni violente e danni meccanici e preferibilmente in confezioni sigillate per ridurre l&#8217;ossidazione.<\/p>\n","protected":false},"excerpt":{"rendered":"<p>I bersagli sputtering in <span style=\"color: #0000ff;\"><a style=\"color: #0000ff;\" href=\"https:\/\/vimaterial.de\/en\/product\/titanium-nickel-alloy\/\">titanio e nichel sono leghe di titanio<\/a><\/span> e nichel, utilizzate principalmente per la deposizione fisica da vapore. Vengono sputtered per la produzione di impianti in leghe a memoria di forma in campo biomedicale, per il rivestimento di componenti ad alta temperatura e resistenti alla fatica in campo aerospaziale e per la produzione di film sottili con particolari propriet\u00e0 elettriche in campo elettronico. <\/p>\n","protected":false},"featured_media":1000756,"comment_status":"open","ping_status":"closed","template":"","meta":{"_acf_changed":false},"product_brand":[],"product_cat":[197],"product_tag":[],"class_list":{"0":"post-1013140","1":"product","2":"type-product","3":"status-publish","4":"has-post-thumbnail","6":"product_cat-obiettivi-di-sputtering-planari","8":"first","9":"instock","10":"shipping-taxable","11":"product-type-variable"},"acf":[],"_links":{"self":[{"href":"https:\/\/vimaterial.de\/it\/wp-json\/wp\/v2\/product\/1013140","targetHints":{"allow":["GET"]}}],"collection":[{"href":"https:\/\/vimaterial.de\/it\/wp-json\/wp\/v2\/product"}],"about":[{"href":"https:\/\/vimaterial.de\/it\/wp-json\/wp\/v2\/types\/product"}],"replies":[{"embeddable":true,"href":"https:\/\/vimaterial.de\/it\/wp-json\/wp\/v2\/comments?post=1013140"}],"wp:featuredmedia":[{"embeddable":true,"href":"https:\/\/vimaterial.de\/it\/wp-json\/wp\/v2\/media\/1000756"}],"wp:attachment":[{"href":"https:\/\/vimaterial.de\/it\/wp-json\/wp\/v2\/media?parent=1013140"}],"wp:term":[{"taxonomy":"product_brand","embeddable":true,"href":"https:\/\/vimaterial.de\/it\/wp-json\/wp\/v2\/product_brand?post=1013140"},{"taxonomy":"product_cat","embeddable":true,"href":"https:\/\/vimaterial.de\/it\/wp-json\/wp\/v2\/product_cat?post=1013140"},{"taxonomy":"product_tag","embeddable":true,"href":"https:\/\/vimaterial.de\/it\/wp-json\/wp\/v2\/product_tag?post=1013140"}],"curies":[{"name":"wp","href":"https:\/\/api.w.org\/{rel}","templated":true}]}}