{"id":1013112,"date":"2024-06-17T14:26:56","date_gmt":"2024-06-17T06:26:56","guid":{"rendered":"https:\/\/vimaterial.de\/product\/monossido-di-titanio-2\/"},"modified":"2025-04-18T15:44:39","modified_gmt":"2025-04-18T07:44:39","slug":"monossido-di-titanio-2","status":"publish","type":"product","link":"https:\/\/vimaterial.de\/it\/product\/monossido-di-titanio-2\/","title":{"rendered":"Monossido di titanio"},"content":{"rendered":"<p><span style=\"color: #0000ff;\"><a style=\"color: #0000ff;\" href=\"https:\/\/vimaterial.de\/en\/product\/titanium-monoxide\/\">La polvere di monossido di titanio<\/a><\/span> \u00e8 una polvere nera con lucentezza metallica, chimicamente pi\u00f9 attiva e in qualche modo riducente, \u00e8 un materiale con potenziali applicazioni nell&#8217;elettronica, nella ceramica e in altri campi.<\/p>\n<p>Forniamo varie polveri chimiche inorganiche di elevata purezza con prestazioni eccellenti, tempi di consegna brevi, MOQ ridotto e scorte sufficienti. VIMATERIAL supporta anche la personalizzazione e la sperimentazione per tutti i prodotti, non esitate a<span style=\"color: #0000ff;\"><a style=\"color: #0000ff;\" href=\"https:\/\/vimaterial.de\/en\/contact-us\/\"> contattarci.<\/a><\/span><\/p>\n<h2><span style=\"font-size: 14pt;\">Propriet\u00e0<\/span><\/h2>\n<p>Formula molecolare: TiO<\/p>\n<p>Peso molecolare: 63.866<\/p>\n<p>Aspetto: polvere nera con lucentezza metallica<\/p>\n<p>Densit\u00e0: circa 4,93 g\/cm\u00b3. <\/p>\n<p>Punto di fusione: circa 1750\u00b0C<\/p>\n<p>Punto di ebollizione: circa 3227\u00b0C<\/p>\n<p>Struttura cristallina: appartiene al sistema cristallino cubico di tipo cloruro di sodio, gli atomi di titanio e gli atomi di ossigeno sono disposti alternativamente con struttura compatta.<\/p>\n<h2><span style=\"font-size: 14pt;\">Applicazione<\/span><\/h2>\n<p>Elettronica: la polvere di monossido di titanio pu\u00f2 essere utilizzata nella produzione di dispositivi elettronici. Grazie alla sua conduttivit\u00e0 e alle speciali propriet\u00e0 elettriche, pu\u00f2 essere utilizzato come materiale conduttivo o semiconduttore nei componenti elettronici per aiutare i dispositivi elettronici a raggiungere funzioni specifiche del circuito. <\/p>\n<p>Industria ceramica: nel settore ceramico, la polvere viene utilizzata come additivo nella preparazione di ceramiche ad alte prestazioni, grazie alla sua capacit\u00e0 di migliorare le propriet\u00e0 fisiche e chimiche della ceramica.<\/p>\n<p>Materiali ottici: per la produzione di rivestimenti ottici che, grazie alle loro speciali propriet\u00e0 di assorbimento ottico e riflessione, sono in grado di modulare la luce in modo efficace.<\/p>\n<p>Catalizzatori: le polveri di monossido di titanio possono essere utilizzate come catalizzatori in una serie di reazioni chimiche. I siti attivi sulla superficie della polvere aiutano a promuovere la reazione, specialmente nelle reazioni redox, e possono migliorare efficacemente l&#8217;efficienza della reazione. <\/p>\n<h2><span style=\"font-size: 14pt;\">Controllo qualit\u00e0<\/span><\/h2>\n<p><span style=\"color: #0000ff;\"><a style=\"color: #0000ff;\" href=\"https:\/\/vimaterial.de\/en\/quality-control\/\">I nostri prodotti<\/a><\/span> rispettano rigorosamente il sistema di gestione della qualit\u00e0. Esistono rigorosi standard di ispezione per i materiali in entrata, la lavorazione, l&#8217;ispezione finale e l&#8217;ispezione in fabbrica. Per la lavorazione non qualificata vengono adottate rigorose misure di isolamento per evitare che prodotti non qualificati fluiscano nel processo successivo. I campioni sono forniti per la ri-ispezione dei clienti in base alle esigenze dei clienti.   <\/p>\n<h2><span style=\"font-size: 14pt;\">Imballaggio e stoccaggio<\/span><\/h2>\n<p>La polvere di monossido di titanio \u00e8 confezionata in doppi sacchetti sottovuoto o bottiglie sottovuoto e confezionata in cartoni o fusti di carta.<\/p>\n<p>La polvere di monossido di titanio deve essere conservata in un ambiente asciutto, fresco e ben ventilato, sigillata per evitare il contatto con aria, umidit\u00e0 e forti ossidanti, per evitare l&#8217;ossidazione, l&#8217;umidit\u00e0 e altri fattori che portano a cambiamenti nelle sue propriet\u00e0 chimiche e fisiche.<\/p>\n","protected":false},"excerpt":{"rendered":"<p><span style=\"color: #0000ff;\"><a style=\"color: #0000ff;\" href=\"https:\/\/vimaterial.de\/en\/product\/titanium-monoxide\/\">La polvere di monossido di titanio<\/a><\/span> \u00e8 una polvere nera con lucentezza metallica, chimicamente pi\u00f9 attiva e in qualche modo riducente, \u00e8 un materiale con potenziali applicazioni nell&#8217;elettronica, nella ceramica e in altri campi.<\/p>\n","protected":false},"featured_media":1000786,"comment_status":"open","ping_status":"closed","template":"","meta":{"_acf_changed":false},"product_brand":[],"product_cat":[205],"product_tag":[],"class_list":{"0":"post-1013112","1":"product","2":"type-product","3":"status-publish","4":"has-post-thumbnail","6":"product_cat-materiali-ossidi-idrossidi","8":"first","9":"instock","10":"shipping-taxable","11":"purchasable","12":"product-type-variable"},"acf":[],"_links":{"self":[{"href":"https:\/\/vimaterial.de\/it\/wp-json\/wp\/v2\/product\/1013112","targetHints":{"allow":["GET"]}}],"collection":[{"href":"https:\/\/vimaterial.de\/it\/wp-json\/wp\/v2\/product"}],"about":[{"href":"https:\/\/vimaterial.de\/it\/wp-json\/wp\/v2\/types\/product"}],"replies":[{"embeddable":true,"href":"https:\/\/vimaterial.de\/it\/wp-json\/wp\/v2\/comments?post=1013112"}],"wp:featuredmedia":[{"embeddable":true,"href":"https:\/\/vimaterial.de\/it\/wp-json\/wp\/v2\/media\/1000786"}],"wp:attachment":[{"href":"https:\/\/vimaterial.de\/it\/wp-json\/wp\/v2\/media?parent=1013112"}],"wp:term":[{"taxonomy":"product_brand","embeddable":true,"href":"https:\/\/vimaterial.de\/it\/wp-json\/wp\/v2\/product_brand?post=1013112"},{"taxonomy":"product_cat","embeddable":true,"href":"https:\/\/vimaterial.de\/it\/wp-json\/wp\/v2\/product_cat?post=1013112"},{"taxonomy":"product_tag","embeddable":true,"href":"https:\/\/vimaterial.de\/it\/wp-json\/wp\/v2\/product_tag?post=1013112"}],"curies":[{"name":"wp","href":"https:\/\/api.w.org\/{rel}","templated":true}]}}