{"id":1013091,"date":"2024-06-17T14:40:49","date_gmt":"2024-06-17T06:40:49","guid":{"rendered":"https:\/\/vimaterial.de\/product\/alluminuro-di-ferro\/"},"modified":"2025-04-17T09:49:15","modified_gmt":"2025-04-17T01:49:15","slug":"alluminuro-di-ferro","status":"publish","type":"product","link":"https:\/\/vimaterial.de\/it\/product\/alluminuro-di-ferro\/","title":{"rendered":"Alluminuro di ferro"},"content":{"rendered":"<p>Le polveri di alluminuro di ferro sono composti intermetallici costituiti da ferro e alluminio con elevata resistivit\u00e0 elettrica, bassa densit\u00e0, elevata durezza, buona resistenza all&#8217;usura e alle vibrazioni, di colore grigio, solitamente in una gamma di dimensioni delle particelle e infiammabili, e sono utilizzate in materiali strutturali ad alta temperatura, rivestimenti, elettronica e altre importanti applicazioni.<\/p>\n<p>VIMATERIAl offre polveri di alluminuro di ferro, che sono uniformi nella dimensione delle particelle, a basso contenuto di impurit\u00e0, chimicamente stabili e mostrano buone prestazioni nelle applicazioni. Abbiamo un team di ricerca e sviluppo tecnologico professionale, accettiamo prodotti personalizzati e sperimentali, se ne hai bisogno<span style=\"color: #0000ff;\"><a style=\"color: #0000ff;\" href=\"https:\/\/vimaterial.de\/en\/contact-us\/\"> contattaci.<\/a><\/span> <\/p>\n<h2><span style=\"font-size: 14pt;\">Propriet\u00e0 fisiche<\/span><\/h2>\n<p>Formula molecolare: Fe\u2083Al<\/p>\n<p>Peso molecolare: circa 194,52<\/p>\n<p>Aspetto: Solitamente polvere grigia<\/p>\n<p>Densit\u00e0: circa 6,72 g\/cm\u00b3.<\/p>\n<p>Punto di fusione: 1540\u00b0C<\/p>\n<p>Struttura cristallina: D0\u2083 cubica ordinata centrata sul corpo (bcc) e B2 ordinata cubica centrata sul corpo (bcc).<\/p>\n<h2><span style=\"font-size: 14pt;\">Applicazione<\/span><\/h2>\n<p>Aerospaziale: le polveri di alluminuro di ferro sono utilizzate nella produzione di componenti di motori aerospaziali e strutture ad alta temperatura, dove le loro propriet\u00e0 ad alta temperatura e la bassa densit\u00e0 aiutano a ridurre il peso del veicolo resistendo alle alte temperature.<\/p>\n<p>Automotive: utilizzate nella produzione di componenti per motori e sistemi di scarico automobilistici, le polveri di alluminuro di ferro sono in grado di resistere alle alte temperature e ai gas corrosivi, migliorando la durata e le prestazioni dei componenti automobilistici.<\/p>\n<p>Industria energetica: utilizzata nella produzione di parti ad alta temperatura per apparecchiature elettriche, come i rivestimenti delle pale delle turbine per i generatori, per resistere alla corrosione ad alta temperatura e migliorare la stabilit\u00e0 e l&#8217;affidabilit\u00e0 delle apparecchiature utilizzando le sue propriet\u00e0 antiossidanti e antisolforazione.<\/p>\n<p>Industria chimica: utilizzati come materiali resistenti alla corrosione per recipienti e tubazioni di reazione chimica, in grado di resistere all&#8217;erosione di una variet\u00e0 di sostanze chimiche corrosive per garantire la sicurezza e la stabilit\u00e0 del processo di produzione chimica.<\/p>\n<h2><span style=\"font-size: 14pt;\">Controllo qualit\u00e0<\/span><\/h2>\n<p><span style=\"color: #0000ff;\"><a style=\"color: #0000ff;\" href=\"https:\/\/vimaterial.de\/en\/quality-control\/\">Ogni lotto<\/a> <\/span>dei nostri prodotti parte dall&#8217;attenta selezione delle materie prime e passa attraverso diversi processi avanzati, con un rigoroso controllo dei parametri e un monitoraggio in tempo reale in ogni fase. L&#8217;intero processo di produzione segue il sistema internazionale di gestione della qualit\u00e0 e l&#8217;uso di apparecchiature di collaudo ad alta precisione esegue test di precisione a tutto tondo della distribuzione granulometrica, della purezza, del contenuto di impurit\u00e0 e di altri indicatori chiave, senza risparmiare piccoli difetti, al fine di garantire la qualit\u00e0 di ogni lotto di prodotti. <\/p>\n<h2><span style=\"font-size: 14pt;\">Imballaggio e stoccaggio<\/span><\/h2>\n<p>La polvere di alluminuro di ferro \u00e8 confezionata in doppi sacchetti sottovuoto o bottiglie e cartoni.<\/p>\n<p>Le polveri di alluminuro di ferro devono essere conservate in un ambiente asciutto, fresco e ben ventilato, sigillate per prevenire l&#8217;umidit\u00e0 e l&#8217;ossidazione e tenute lontane da fonti di accensione e materiali infiammabili ed evitare il contatto con altre sostanze in grado di reazioni chimiche.<\/p>\n","protected":false},"excerpt":{"rendered":"<p>Le polveri di alluminuro di ferro sono composti intermetallici costituiti da ferro e alluminio con elevata resistivit\u00e0 elettrica, bassa densit\u00e0, elevata durezza, buona resistenza all&#8217;usura e alle vibrazioni, di colore grigio, solitamente in una gamma di dimensioni delle particelle e infiammabili, e sono utilizzate in materiali strutturali ad alta temperatura, rivestimenti, elettronica e altre importanti applicazioni.<\/p>\n","protected":false},"featured_media":1001815,"comment_status":"open","ping_status":"closed","template":"","meta":{"_acf_changed":false},"product_brand":[],"product_cat":[206],"product_tag":[],"class_list":{"0":"post-1013091","1":"product","2":"type-product","3":"status-publish","4":"has-post-thumbnail","6":"product_cat-altri-materiali","8":"first","9":"instock","10":"shipping-taxable","11":"product-type-variable"},"acf":[],"_links":{"self":[{"href":"https:\/\/vimaterial.de\/it\/wp-json\/wp\/v2\/product\/1013091","targetHints":{"allow":["GET"]}}],"collection":[{"href":"https:\/\/vimaterial.de\/it\/wp-json\/wp\/v2\/product"}],"about":[{"href":"https:\/\/vimaterial.de\/it\/wp-json\/wp\/v2\/types\/product"}],"replies":[{"embeddable":true,"href":"https:\/\/vimaterial.de\/it\/wp-json\/wp\/v2\/comments?post=1013091"}],"wp:featuredmedia":[{"embeddable":true,"href":"https:\/\/vimaterial.de\/it\/wp-json\/wp\/v2\/media\/1001815"}],"wp:attachment":[{"href":"https:\/\/vimaterial.de\/it\/wp-json\/wp\/v2\/media?parent=1013091"}],"wp:term":[{"taxonomy":"product_brand","embeddable":true,"href":"https:\/\/vimaterial.de\/it\/wp-json\/wp\/v2\/product_brand?post=1013091"},{"taxonomy":"product_cat","embeddable":true,"href":"https:\/\/vimaterial.de\/it\/wp-json\/wp\/v2\/product_cat?post=1013091"},{"taxonomy":"product_tag","embeddable":true,"href":"https:\/\/vimaterial.de\/it\/wp-json\/wp\/v2\/product_tag?post=1013091"}],"curies":[{"name":"wp","href":"https:\/\/api.w.org\/{rel}","templated":true}]}}