{"id":1013088,"date":"2024-06-17T14:39:49","date_gmt":"2024-06-17T06:39:49","guid":{"rendered":"https:\/\/vimaterial.de\/product\/ossido-di-ferro-4\/"},"modified":"2025-04-17T09:52:32","modified_gmt":"2025-04-17T01:52:32","slug":"ossido-di-ferro-4","status":"publish","type":"product","link":"https:\/\/vimaterial.de\/it\/product\/ossido-di-ferro-4\/","title":{"rendered":"Ossido di ferro"},"content":{"rendered":"<p><span style=\"color: #0000ff;\"><a style=\"color: #0000ff;\" href=\"https:\/\/vimaterial.de\/en\/product\/iron-oxide-6\/\">Il<\/a> <\/span>bersaglio sputtering di ossido di ferro \u00e8 un materiale composto principalmente da tetraossido di ferro, che ha sia ferrimagnetismo che buona stabilit\u00e0 chimica. Durante il processo di sputtering, le particelle di Fe\u2083O\u2084 possono essere depositate sul substrato per formare un film sottile con varie caratteristiche come propriet\u00e0 magnetiche, elettriche e ottiche, ampiamente utilizzato nei campi della registrazione magnetica, dei sensori magnetici e dei dispositivi elettronici. <\/p>\n<p>VIMATERIAL offre bersagli sputtering in ossido di ferro. I nostri bersagli sputtering in ossido di ferro sono caratterizzati da elevata purezza, alta densit\u00e0, buona struttura cristallina, eccellenti propriet\u00e0 del film sottile, elevata precisione dimensionale e stabilit\u00e0 allo sputtering. E possiamo anche fornire un servizio vincolante, accettiamo la vostra personalizzazione e sperimentare,<span style=\"color: #0000ff;\"><a style=\"color: #0000ff;\" href=\"https:\/\/vimaterial.de\/en\/contact-us\/\"> vi preghiamo di contattarci<\/a><\/span>!  <\/p>\n<h2><span style=\"font-size: 14pt;\">Propriet\u00e0 fisiche<\/span><\/h2>\n<p>Formula molecolare: Fe3O4<\/p>\n<p>Peso molecolare: circa 231,53<\/p>\n<p>Aspetto: solido nero o nero-marrone con materiale target di lucentezza metallica<\/p>\n<p>Densit\u00e0: circa 5,18 g\/cm\u00b3<\/p>\n<p>Punto di fusione: circa 1597\u00b0C<\/p>\n<p>Punto di ebollizione: la temperatura di decomposizione \u00e8 di circa 1538 \u00b0C, se riscaldata all&#8217;aria, si decomporr\u00e0 al di sopra del punto di fusione.<\/p>\n<p>Struttura cristallina: sistema cristallino cubico<\/p>\n<h2><span style=\"font-size: 14pt;\">Applicazioni<\/span><\/h2>\n<p>Campo di registrazione magnetico: utilizzato nella produzione di nastri magnetici ad alta densit\u00e0 di archiviazione, dischi e altri supporti di memorizzazione, con il suo magnetismo ferroso unico per ottenere una memorizzazione e una lettura stabili ed efficienti delle informazioni.<\/p>\n<p>Campo biomedico: come materia prima per l&#8217;agente di contrasto per risonanza magnetica (MRI), attraverso la modifica della superficie, pu\u00f2 ottenere immagini mirate di tessuti o organi specifici per aiutare nella diagnosi della malattia.<\/p>\n<p>Nel campo dei sensori, vengono realizzati vari tipi di sensori di gas per rilevare la concentrazione di gas nocivi nell&#8217;ambiente in modo rapido e sensibile, sfruttando le variazioni delle propriet\u00e0 elettriche dopo aver reagito con gas specifici.<\/p>\n<h2><span style=\"font-size: 14pt;\">Controllo qualit\u00e0<\/span><\/h2>\n<p><span style=\"color: #0000ff;\"><a style=\"color: #0000ff;\" href=\"https:\/\/vimaterial.de\/en\/quality-control\/\">Il controllo di qualit\u00e0<\/a><\/span> dei nostri prodotti \u00e8 molto rigoroso, dalla selezione di materie prime stabili e di elevata purezza, all&#8217;uso di attrezzature di precisione avanzate e tecnologia rigorosa per controllare accuratamente l&#8217;intero processo di produzione, all&#8217;uso di metodi di test professionali sulle propriet\u00e0 fisiche, chimiche, microstrutturali e di altro tipo del prodotto dell&#8217;intera gamma di test approfonditi,  Ogni collegamento \u00e8 rigorosamente seguire gli standard internazionali elevati, per garantire che ogni lotto di materiali consegnato con qualit\u00e0 e stabilit\u00e0 eccellenti, per fornire ai clienti una garanzia di qualit\u00e0 solida e affidabile. Ci impegniamo a garantire che ogni lotto di materiali consegnato abbia un&#8217;eccellente qualit\u00e0 e stabilit\u00e0, fornendo ai clienti una garanzia di qualit\u00e0 solida e affidabile. <\/p>\n<h2><span style=\"font-size: 14pt;\">Imballaggio e stoccaggio<\/span><\/h2>\n<p>I bersagli sputtering di ossido di ferro sono confezionati in sacchetti e scatole sottovuoto a doppio strato e l&#8217;esterno \u00e8 confezionato in cartoni.<\/p>\n<p>I bersagli sputtering di ossido di ferro devono essere conservati in un ambiente asciutto e ben ventilato a una temperatura stabile, evitando l&#8217;umidit\u00e0 e il contatto con sostanze acide, alcaline e altre sostanze corrosive e prevenendo l&#8217;irradiazione a lungo termine da luce forte e collisione violenta, al fine di mantenere intatta la sua stabilit\u00e0 chimica e lo stato fisico, garantire che le sue prestazioni non vengano danneggiate,  e prolungarne la durata.<\/p>\n","protected":false},"excerpt":{"rendered":"<p><span style=\"color: #0000ff;\"><a style=\"color: #0000ff;\" href=\"https:\/\/vimaterial.de\/en\/product\/iron-oxide-6\/\">Il<\/a> <\/span>bersaglio sputtering di ossido di ferro \u00e8 un materiale composto principalmente da tetraossido di ferro, che ha sia ferrimagnetismo che buona stabilit\u00e0 chimica. Durante il processo di sputtering, le particelle di Fe\u2083O\u2084 possono essere depositate sul substrato per formare un film sottile con varie caratteristiche come propriet\u00e0 magnetiche, elettriche e ottiche, ampiamente utilizzato nei campi della registrazione magnetica, dei sensori magnetici e dei dispositivi elettronici. <\/p>\n","protected":false},"featured_media":1001802,"comment_status":"open","ping_status":"closed","template":"","meta":{"_acf_changed":false},"product_brand":[],"product_cat":[197],"product_tag":[],"class_list":{"0":"post-1013088","1":"product","2":"type-product","3":"status-publish","4":"has-post-thumbnail","6":"product_cat-obiettivi-di-sputtering-planari","8":"first","9":"instock","10":"shipping-taxable","11":"product-type-variable"},"acf":[],"_links":{"self":[{"href":"https:\/\/vimaterial.de\/it\/wp-json\/wp\/v2\/product\/1013088","targetHints":{"allow":["GET"]}}],"collection":[{"href":"https:\/\/vimaterial.de\/it\/wp-json\/wp\/v2\/product"}],"about":[{"href":"https:\/\/vimaterial.de\/it\/wp-json\/wp\/v2\/types\/product"}],"replies":[{"embeddable":true,"href":"https:\/\/vimaterial.de\/it\/wp-json\/wp\/v2\/comments?post=1013088"}],"wp:featuredmedia":[{"embeddable":true,"href":"https:\/\/vimaterial.de\/it\/wp-json\/wp\/v2\/media\/1001802"}],"wp:attachment":[{"href":"https:\/\/vimaterial.de\/it\/wp-json\/wp\/v2\/media?parent=1013088"}],"wp:term":[{"taxonomy":"product_brand","embeddable":true,"href":"https:\/\/vimaterial.de\/it\/wp-json\/wp\/v2\/product_brand?post=1013088"},{"taxonomy":"product_cat","embeddable":true,"href":"https:\/\/vimaterial.de\/it\/wp-json\/wp\/v2\/product_cat?post=1013088"},{"taxonomy":"product_tag","embeddable":true,"href":"https:\/\/vimaterial.de\/it\/wp-json\/wp\/v2\/product_tag?post=1013088"}],"curies":[{"name":"wp","href":"https:\/\/api.w.org\/{rel}","templated":true}]}}