{"id":1013081,"date":"2024-06-17T14:40:53","date_gmt":"2024-06-17T06:40:53","guid":{"rendered":"https:\/\/vimaterial.de\/product\/ossido-di-ferro-3\/"},"modified":"2025-04-17T09:45:05","modified_gmt":"2025-04-17T01:45:05","slug":"ossido-di-ferro-3","status":"publish","type":"product","link":"https:\/\/vimaterial.de\/it\/product\/ossido-di-ferro-3\/","title":{"rendered":"Ossido di ferro"},"content":{"rendered":"<p>La polvere di ossido di ferro \u00e8 una polvere di ossido di valenza mista con forti propriet\u00e0 magnetiche, eccellente conduttivit\u00e0 elettrica, insolubile in acqua ma solubile in acidi, spesso di colore nero, che ha una vasta gamma di applicazioni in materiali magnetici, pigmenti, biomedicina e altri campi.<\/p>\n<p>VIMATERIAl offre polveri di ossido di ferro. Le nostre polveri di ossido di ferro sono caratterizzate da granulometria uniforme, basso contenuto di impurit\u00e0, elevata stabilit\u00e0 chimica e buone prestazioni nelle applicazioni. Abbiamo un team di ricerca e sviluppo tecnologico professionale, accettiamo prodotti personalizzati e sperimentali, se ne hai bisogno <span style=\"color: #0000ff;\"><a style=\"color: #0000ff;\" href=\"https:\/\/vimaterial.de\/en\/contact-us\/\">contattaci.<\/a><\/span>  <\/p>\n<h2><span style=\"font-size: 14pt;\">Propriet\u00e0 fisiche<\/span><\/h2>\n<p>Formula molecolare: Fe\u2083O\u2084<\/p>\n<p>Peso molecolare: 231,54<\/p>\n<p>Aspetto: Solitamente polvere nera o cristallo cubico nero.<\/p>\n<p>Densit\u00e0: circa 5,18 g\/cm\u00b3.<\/p>\n<p>Punto di fusione: 1594,5\u00b0C<\/p>\n<p>Struttura cristallina: tipo spinello inverso, sistema cristallino cubico, appartiene alla struttura spinello inversa dei cristalli ionici, il cristallo \u00e8 composto da vuoti tetraedrici contenenti O\u00b2 e vuoti ottaedrici dello scheletro, Fe\u00b2\u207a, Fe\u00b3\u207a riempiti nei vuoti poliedrici formati da O\u00b2-.<\/p>\n<h2><span style=\"font-size: 14pt;\">Applicazione<\/span><\/h2>\n<p>Nel campo dei materiali magnetici: le polveri di ossido di ferro sono utilizzate per la produzione di magneti ad alte prestazioni, supporti di registrazione magnetici e sensori magnetici grazie alle loro forti propriet\u00e0 magnetiche, ad esempio strati di memoria magnetica nei dischi rigidi dei computer.<\/p>\n<p>Campo biomedico: pu\u00f2 essere utilizzato come vettore di farmaci per ottenere la somministrazione di farmaci a targeting magnetico e pu\u00f2 anche essere utilizzato per la separazione di cellule e proteine, agente di contrasto per risonanza magnetica e terapia del calore magnetica per i tumori.<\/p>\n<p>Campo del catalizzatore: pu\u00f2 essere utilizzato come catalizzatore in molte reazioni chimiche, come la reazione di sintesi organica, la reazione di precipitazione dell&#8217;idrogeno e la reazione di decomposizione dell&#8217;ozono, ecc. Pu\u00f2 ridurre l&#8217;energia di attivazione della reazione e migliorare la velocit\u00e0 di reazione e la selettivit\u00e0. <\/p>\n<p>Campo dei dispositivi elettronici: utilizzato nella produzione di componenti elettronici, come nuclei di trasformatori, induttori, ecc., per contribuire a migliorare le prestazioni e la miniaturizzazione dei dispositivi elettronici.<\/p>\n<h2><span style=\"font-size: 14pt;\">Controllo qualit\u00e0<\/span><\/h2>\n<p><span style=\"color: #0000ff;\"><a style=\"color: #0000ff;\" href=\"https:\/\/vimaterial.de\/en\/quality-control\/\">Ogni lotto<\/a><\/span> dei nostri prodotti parte dall&#8217;attenta selezione delle materie prime e passa attraverso diversi processi avanzati, con un rigoroso controllo dei parametri e un monitoraggio in tempo reale in ogni fase. L&#8217;intero processo di produzione segue il sistema internazionale di gestione della qualit\u00e0 e l&#8217;uso di apparecchiature di collaudo ad alta precisione esegue test di precisione a tutto tondo della distribuzione granulometrica, della purezza, del contenuto di impurit\u00e0 e di altri indicatori chiave, senza risparmiare piccoli difetti, al fine di garantire la qualit\u00e0 di ogni lotto di prodotti. <\/p>\n<h2><span style=\"font-size: 14pt;\">Imballaggio e stoccaggio<\/span><\/h2>\n<p>La polvere di ossido di ferro \u00e8 confezionata in sacchetti o bottiglie e cartoni sottovuoto doppi.<\/p>\n<p>La polvere di ossido di ferro deve essere conservata in un ambiente asciutto, fresco, ben ventilato, in un imballaggio sigillato, evitare il contatto con sostanze acide, forti ossidanti, prevenire l&#8217;umidit\u00e0 e le reazioni redox per garantire la stabilit\u00e0 delle sue propriet\u00e0 fisiche e chimiche.<\/p>\n","protected":false},"excerpt":{"rendered":"<p>La polvere di ossido di ferro \u00e8 una polvere di ossido di valenza mista con forti propriet\u00e0 magnetiche, eccellente conduttivit\u00e0 elettrica, insolubile in acqua ma solubile in acidi, spesso di colore nero, che ha una vasta gamma di applicazioni in materiali magnetici, pigmenti, biomedicina e altri campi.<\/p>\n","protected":false},"featured_media":1001829,"comment_status":"open","ping_status":"closed","template":"","meta":{"_acf_changed":false},"product_brand":[],"product_cat":[205],"product_tag":[],"class_list":{"0":"post-1013081","1":"product","2":"type-product","3":"status-publish","4":"has-post-thumbnail","6":"product_cat-materiali-ossidi-idrossidi","8":"first","9":"instock","10":"shipping-taxable","11":"purchasable","12":"product-type-variable"},"acf":[],"_links":{"self":[{"href":"https:\/\/vimaterial.de\/it\/wp-json\/wp\/v2\/product\/1013081","targetHints":{"allow":["GET"]}}],"collection":[{"href":"https:\/\/vimaterial.de\/it\/wp-json\/wp\/v2\/product"}],"about":[{"href":"https:\/\/vimaterial.de\/it\/wp-json\/wp\/v2\/types\/product"}],"replies":[{"embeddable":true,"href":"https:\/\/vimaterial.de\/it\/wp-json\/wp\/v2\/comments?post=1013081"}],"wp:featuredmedia":[{"embeddable":true,"href":"https:\/\/vimaterial.de\/it\/wp-json\/wp\/v2\/media\/1001829"}],"wp:attachment":[{"href":"https:\/\/vimaterial.de\/it\/wp-json\/wp\/v2\/media?parent=1013081"}],"wp:term":[{"taxonomy":"product_brand","embeddable":true,"href":"https:\/\/vimaterial.de\/it\/wp-json\/wp\/v2\/product_brand?post=1013081"},{"taxonomy":"product_cat","embeddable":true,"href":"https:\/\/vimaterial.de\/it\/wp-json\/wp\/v2\/product_cat?post=1013081"},{"taxonomy":"product_tag","embeddable":true,"href":"https:\/\/vimaterial.de\/it\/wp-json\/wp\/v2\/product_tag?post=1013081"}],"curies":[{"name":"wp","href":"https:\/\/api.w.org\/{rel}","templated":true}]}}