{"id":1013075,"date":"2024-06-17T14:40:52","date_gmt":"2024-06-17T06:40:52","guid":{"rendered":"https:\/\/vimaterial.de\/product\/ossido-di-ferro-2\/"},"modified":"2025-04-17T09:47:01","modified_gmt":"2025-04-17T01:47:01","slug":"ossido-di-ferro-2","status":"publish","type":"product","link":"https:\/\/vimaterial.de\/it\/product\/ossido-di-ferro-2\/","title":{"rendered":"Ossido di ferro"},"content":{"rendered":"<p><span style=\"color: #0000ff;\"><a style=\"color: #0000ff;\" href=\"https:\/\/vimaterial.de\/en\/product\/iron-oxide-7\/\">I<\/a><\/span> granuli di ossido di ferro sono particelle magnetiche di cristallo nero con una struttura cristallina complessa costituita da FeO e Fe\u2082O\u2083, che hanno una vasta gamma di applicazioni in materiali magnetici, catalizzatori, biomedicina e altri campi.<\/p>\n<p>VIMATERIAL fornisce granuli di ossido di ferro, i nostri granuli hanno una composizione uniforme e stabile, elevata purezza, elevata durezza, granulometria controllabile, ecc. E possiamo accettare prodotti ed esperimenti personalizzati, abbiamo un team di ricerca e sviluppo tecnico professionale, <span style=\"color: #0000ff;\"><a style=\"color: #0000ff;\" href=\"https:\/\/vimaterial.de\/en\/contact-us\/\">contattaci<\/a><\/span>. <\/p>\n<h2><span style=\"font-size: 14pt;\">Propriet\u00e0 fisiche<\/span><\/h2>\n<p>Formula molecolare: Fe\u2083O\u2084<\/p>\n<p>Peso molecolare: 231.533<\/p>\n<p>Aspetto: particelle di cristallo nero o nero-marrone<\/p>\n<p>Densit\u00e0: 5,18 g\/cm\u00b3<\/p>\n<p>Punto di fusione: 1594,5\u00b0C<\/p>\n<p>Struttura cristallina: appartiene al sistema cristallino cubico, struttura di tipo anti-spinello, in cui gli ioni ossigeno sono disposti in impacchettamenti cubici ravvicinati, gli ioni ferrosi e gli ioni ferro trivalente occupano rispettivamente diversi vuoti ottaedrici e tetraedrici.<\/p>\n<h2><span style=\"font-size: 14pt;\">Applicazioni<\/span><\/h2>\n<p>Campo di materiale magnetico: utilizzato per produrre magneti permanenti, elettromagneti e materiali di registrazione magnetici per memorizzare informazioni.<\/p>\n<p>Settore biomedico: utilizzato come vettore di farmaci per ottenere la somministrazione mirata di farmaci e l&#8217;imaging di miglioramento del mezzo di contrasto MRI.<\/p>\n<p>Trattamento delle acque reflue: adsorbimento e rimozione catalitica degli inquinanti nelle acque reflue, depurazione delle acque reflue.<\/p>\n<p>Campo del catalizzatore: funge da catalizzatore o vettore per migliorare l&#8217;efficienza della reazione chimica.<\/p>\n<p>Campo dell&#8217;accumulo di energia: preparare i materiali degli elettrodi per le batterie al litio per ottimizzare le prestazioni della batteria.<\/p>\n<h2><span style=\"font-size: 14pt;\">Controllo qualit\u00e0<\/span><\/h2>\n<p><span style=\"color: #0000ff;\"><a style=\"color: #0000ff;\" href=\"https:\/\/vimaterial.de\/en\/quality-control\/\">Ogni lotto<\/a> <\/span>di prodotti protegge rigorosamente la qualit\u00e0, dalla selezione dei fornitori di materie prime, all&#8217;uso di apparecchiature di collaudo avanzate per monitorare accuratamente l&#8217;intero processo di produzione, al prodotto finito attraverso molti cicli di campionamento severo e certificazione autorevole di terze parti, per garantire che ogni lotto di prodotti soddisfi e superi gli elevati standard del settore con un tuttofare,  Sistema di controllo della qualit\u00e0 a tolleranza zero, per fornire ai nostri clienti la migliore qualit\u00e0 e i prodotti pi\u00f9 stabili.<\/p>\n<h2><span style=\"font-size: 14pt;\">Imballaggio e stoccaggio<\/span><\/h2>\n<p>I pellet di ossido di ferro sono confezionati in sacchetti sottovuoto o bottiglie sottovuoto e confezionati in cartoni esterni.<\/p>\n<p>I pellet di ossido di ferro devono essere conservati in un luogo asciutto, fresco e ben ventilato, evitando l&#8217;umidit\u00e0, le alte temperature e il contatto con agenti ossidanti e acidi forti.<\/p>\n","protected":false},"excerpt":{"rendered":"<p><span style=\"color: #0000ff;\"><a style=\"color: #0000ff;\" href=\"https:\/\/vimaterial.de\/en\/product\/iron-oxide-7\/\">I<\/a><\/span> granuli di ossido di ferro sono particelle magnetiche di cristallo nero con una struttura cristallina complessa costituita da FeO e Fe\u2082O\u2083, che hanno una vasta gamma di applicazioni in materiali magnetici, catalizzatori, biomedicina e altri campi.<\/p>\n","protected":false},"featured_media":1040795,"comment_status":"open","ping_status":"closed","template":"","meta":{"_acf_changed":false},"product_brand":[],"product_cat":[198],"product_tag":[],"class_list":{"0":"post-1013075","1":"product","2":"type-product","3":"status-publish","4":"has-post-thumbnail","6":"product_cat-materiali-per-levaporazione","8":"first","9":"instock","10":"shipping-taxable","11":"product-type-variable"},"acf":[],"_links":{"self":[{"href":"https:\/\/vimaterial.de\/it\/wp-json\/wp\/v2\/product\/1013075","targetHints":{"allow":["GET"]}}],"collection":[{"href":"https:\/\/vimaterial.de\/it\/wp-json\/wp\/v2\/product"}],"about":[{"href":"https:\/\/vimaterial.de\/it\/wp-json\/wp\/v2\/types\/product"}],"replies":[{"embeddable":true,"href":"https:\/\/vimaterial.de\/it\/wp-json\/wp\/v2\/comments?post=1013075"}],"wp:featuredmedia":[{"embeddable":true,"href":"https:\/\/vimaterial.de\/it\/wp-json\/wp\/v2\/media\/1040795"}],"wp:attachment":[{"href":"https:\/\/vimaterial.de\/it\/wp-json\/wp\/v2\/media?parent=1013075"}],"wp:term":[{"taxonomy":"product_brand","embeddable":true,"href":"https:\/\/vimaterial.de\/it\/wp-json\/wp\/v2\/product_brand?post=1013075"},{"taxonomy":"product_cat","embeddable":true,"href":"https:\/\/vimaterial.de\/it\/wp-json\/wp\/v2\/product_cat?post=1013075"},{"taxonomy":"product_tag","embeddable":true,"href":"https:\/\/vimaterial.de\/it\/wp-json\/wp\/v2\/product_tag?post=1013075"}],"curies":[{"name":"wp","href":"https:\/\/api.w.org\/{rel}","templated":true}]}}