{"id":1013044,"date":"2024-06-17T14:41:28","date_gmt":"2024-06-17T06:41:28","guid":{"rendered":"https:\/\/vimaterial.de\/product\/arsenuro-di-ferro\/"},"modified":"2025-04-17T09:40:05","modified_gmt":"2025-04-17T01:40:05","slug":"arsenuro-di-ferro","status":"publish","type":"product","link":"https:\/\/vimaterial.de\/it\/product\/arsenuro-di-ferro\/","title":{"rendered":"Arseniuro di ferro"},"content":{"rendered":"<p>I granuli di arseniuro di ferro sono un tipo di granuli composti composti da ferro e arsenico, che ha prestazioni uniche in termini di superconduttivit\u00e0, magnetismo e altre propriet\u00e0 fisiche e ha attirato molta attenzione nella fisica della materia condensata e in altri campi di ricerca.<\/p>\n<p>VIMATERIAL fornisce granuli di arseniuro di ferro, i nostri granuli sono uniformi e stabili nella composizione, ad alta purezza, durezza, dimensioni controllate, ecc. E possiamo accettare prodotti ed esperimenti personalizzati, abbiamo un team di ricerca e sviluppo tecnico professionale, <span style=\"color: #0000ff;\"><a style=\"color: #0000ff;\" href=\"https:\/\/vimaterial.de\/en\/contact-us\/\">contattaci.<\/a><\/span> <\/p>\n<h2><span style=\"font-size: 14pt;\">Propriet\u00e0 fisiche<\/span><\/h2>\n<p>Formula molecolare: FeAs<\/p>\n<p>Peso molecolare: circa 130,7<\/p>\n<p>Aspetto: particelle solitamente da grigie a nere<\/p>\n<p>Densit\u00e0: circa 7,86 g\/cm\u00b3.<\/p>\n<p>Punto di fusione: circa 1040\u00b0C<\/p>\n<p>Struttura cristallina: la struttura cristallina tetragonale, gli atomi di Fe e As nel cristallo sono disposti in una modalit\u00e0 di coordinazione specifica, gli atomi di Fe sono solitamente circondati da atomi di As per formare una struttura stratificata e gli strati sono impilati l&#8217;uno con l&#8217;altro attraverso interazioni deboli.<\/p>\n<h2><span style=\"font-size: 14pt;\">Applicazione<\/span><\/h2>\n<p>Ricerca sulla superconduttivit\u00e0: le particelle di arseniuro di ferro vengono utilizzate per esplorare il meccanismo della superconduttivit\u00e0 ad alta temperatura e contribuiscono allo sviluppo di nuovi materiali superconduttori.<\/p>\n<p>Materiali magnetici: i materiali magnetici ad alte prestazioni possono essere preparati per la registrazione magnetica e i sensori magnetici.<\/p>\n<p>Campo catalitico: catalizzatori con propriet\u00e0 speciali per migliorare l&#8217;efficienza e la selettivit\u00e0 di specifiche reazioni chimiche.<\/p>\n<p>Campo dei dispositivi elettronici: pu\u00f2 essere utilizzato per produrre componenti con propriet\u00e0 elettriche speciali, al servizio di nuovi dispositivi a semiconduttore e bit quantistici.<\/p>\n<p>Accumulo di energia: potenziali applicazioni in alcuni sistemi di batterie per cercare di migliorare le prestazioni di carica, scarica e ciclo della batteria.<\/p>\n<h2><span style=\"font-size: 14pt;\">Controllo qualit\u00e0<\/span><\/h2>\n<p><span style=\"color: #0000ff;\"><a style=\"color: #0000ff;\" href=\"https:\/\/vimaterial.de\/en\/quality-control\/\">Ogni lotto<\/a><\/span> di prodotti protegge rigorosamente la qualit\u00e0, dalla selezione dei fornitori di materie prime, all&#8217;uso di apparecchiature di collaudo avanzate per monitorare accuratamente l&#8217;intero processo di produzione, al prodotto finito attraverso molti cicli di campionamento severo e certificazione autorevole di terze parti, per garantire che ogni lotto di prodotti soddisfi e superi gli elevati standard del settore con un tuttofare,  Sistema di controllo della qualit\u00e0 a tolleranza zero, per fornire ai nostri clienti la migliore qualit\u00e0 e i prodotti pi\u00f9 stabili.<\/p>\n<h2><span style=\"font-size: 14pt;\">Imballaggio e stoccaggio<\/span><\/h2>\n<p>I granuli di arseniuro di ferro sono confezionati in sacchetti sottovuoto o flaconi sottovuoto in cartoni esterni.<\/p>\n<p>I granuli di arseniuro di ferro devono essere conservati in un ambiente asciutto, fresco e ben ventilato, lontano da fonti di accensione e agenti ossidanti, protetto dall&#8217;umidit\u00e0, dall&#8217;ossidazione e dal contatto con altre sostanze pericolose per garantire che la loro stabilit\u00e0 chimica e le propriet\u00e0 fisiche non siano compromesse.<\/p>\n","protected":false},"excerpt":{"rendered":"<p>I granuli di arseniuro di ferro sono un tipo di granuli composti composti da ferro e arsenico, che ha prestazioni uniche in termini di superconduttivit\u00e0, magnetismo e altre propriet\u00e0 fisiche e ha attirato molta attenzione nella fisica della materia condensata e in altri campi di ricerca.<\/p>\n","protected":false},"featured_media":1001852,"comment_status":"open","ping_status":"closed","template":"","meta":{"_acf_changed":false},"product_brand":[],"product_cat":[198],"product_tag":[],"class_list":{"0":"post-1013044","1":"product","2":"type-product","3":"status-publish","4":"has-post-thumbnail","6":"product_cat-materiali-per-levaporazione","8":"first","9":"instock","10":"shipping-taxable","11":"product-type-variable"},"acf":[],"_links":{"self":[{"href":"https:\/\/vimaterial.de\/it\/wp-json\/wp\/v2\/product\/1013044","targetHints":{"allow":["GET"]}}],"collection":[{"href":"https:\/\/vimaterial.de\/it\/wp-json\/wp\/v2\/product"}],"about":[{"href":"https:\/\/vimaterial.de\/it\/wp-json\/wp\/v2\/types\/product"}],"replies":[{"embeddable":true,"href":"https:\/\/vimaterial.de\/it\/wp-json\/wp\/v2\/comments?post=1013044"}],"wp:featuredmedia":[{"embeddable":true,"href":"https:\/\/vimaterial.de\/it\/wp-json\/wp\/v2\/media\/1001852"}],"wp:attachment":[{"href":"https:\/\/vimaterial.de\/it\/wp-json\/wp\/v2\/media?parent=1013044"}],"wp:term":[{"taxonomy":"product_brand","embeddable":true,"href":"https:\/\/vimaterial.de\/it\/wp-json\/wp\/v2\/product_brand?post=1013044"},{"taxonomy":"product_cat","embeddable":true,"href":"https:\/\/vimaterial.de\/it\/wp-json\/wp\/v2\/product_cat?post=1013044"},{"taxonomy":"product_tag","embeddable":true,"href":"https:\/\/vimaterial.de\/it\/wp-json\/wp\/v2\/product_tag?post=1013044"}],"curies":[{"name":"wp","href":"https:\/\/api.w.org\/{rel}","templated":true}]}}