{"id":1013039,"date":"2024-06-17T14:40:54","date_gmt":"2024-06-17T06:40:54","guid":{"rendered":"https:\/\/vimaterial.de\/product\/fosfuro-di-ferro\/"},"modified":"2025-04-17T09:41:28","modified_gmt":"2025-04-17T01:41:28","slug":"fosfuro-di-ferro","status":"publish","type":"product","link":"https:\/\/vimaterial.de\/it\/product\/fosfuro-di-ferro\/","title":{"rendered":"Fosfuro di ferro"},"content":{"rendered":"<p>La polvere di fosfuro di ferro \u00e8 una polvere da grigio a grigio-blu, insolubile in acqua, solubile in acidi forti, con determinate propriet\u00e0 magnetiche, ha una vasta gamma di applicazioni nei dispositivi a semiconduttore, nella metallurgia delle polveri, nei materiali magnetici e nella catalisi elettrochimica, ecc. Pu\u00f2 essere utilizzato nella produzione di componenti elettronici, per migliorare le propriet\u00e0 dei materiali metallici, come materiale magnetico e per catalizzare le reazioni di precipitazione dell&#8217;idrogeno. <\/p>\n<p>VIMATERIAl offre polvere di fosfuro di ferro. La nostra polvere di fosfuro di ferro presenta i vantaggi di una granulometria uniforme, un basso contenuto di impurit\u00e0, un&#8217;elevata stabilit\u00e0 chimica e buone prestazioni nelle applicazioni. Abbiamo un team di ricerca e sviluppo tecnologico professionale, accettiamo prodotti personalizzati e sperimentali, se ne hai bisogno <span style=\"color: #0000ff;\"><a style=\"color: #0000ff;\" href=\"https:\/\/vimaterial.de\/en\/contact-us\/\">contattaci<\/a><\/span>.  <\/p>\n<h2><span style=\"font-size: 14pt;\">Propriet\u00e0 fisiche<\/span><\/h2>\n<p>Formula molecolare: Fe\u2083P<\/p>\n<p>Peso molecolare: 198,51<\/p>\n<p>Aspetto: polvere solitamente da grigia a grigio-blu<\/p>\n<p>Densit\u00e0: 6,74 g\/cm\u00b3<\/p>\n<p>Punto di fusione: 1100\u00b0C<\/p>\n<h2><span style=\"font-size: 14pt;\">Applicazione<\/span><\/h2>\n<p>Metallurgia del ferro e dell&#8217;acciaio: pu\u00f2 essere aggiunto all&#8217;acciaio come additivo per leghe per migliorare la resistenza e la tenacit\u00e0 dell&#8217;acciaio affinando la grana.<\/p>\n<p>Campo di materiali magnetici: utilizzato nella produzione di materiali magnetici, con le proprie propriet\u00e0 magnetiche pu\u00f2 migliorare la permeabilit\u00e0 del materiale, nei nuclei dei trasformatori e in altre applicazioni per aiutare a ridurre le dimensioni del nucleo e ridurre la perdita di energia.<\/p>\n<p>Campo dei semiconduttori: nella produzione di semiconduttori, pu\u00f2 essere utilizzato come materiale drogante per modificare le propriet\u00e0 elettriche dei semiconduttori, come la regolazione della concentrazione del vettore, che viene utilizzata nella produzione di dispositivi elettronici ad alte prestazioni.<\/p>\n<p>Metallurgia delle polveri: come importante materia prima in polvere, le polveri di Fe\u2083P possono essere combinate con altre polveri metalliche durante il processo di pressatura e sinterizzazione per produrre parti di forma complessa con propriet\u00e0 speciali, migliorando la resistenza all&#8217;usura e alla corrosione delle parti.<\/p>\n<p>Elettrochimica: nei sistemi di accumulo di energia elettrochimica, possono essere utilizzati come parte integrante del materiale dell&#8217;elettrodo, contribuendo a migliorare la conduttivit\u00e0 e la reattivit\u00e0 degli elettrodi, migliorando cos\u00ec le prestazioni di carica e scarica dei dispositivi elettrochimici come le batterie.<\/p>\n<p><span style=\"font-size: 14pt;\">Controllo qualit\u00e0<\/span><\/p>\n<p><span style=\"color: #0000ff;\"><a style=\"color: #0000ff;\" href=\"https:\/\/vimaterial.de\/en\/quality-control\/\">Ogni lotto<\/a> <\/span>dei nostri prodotti parte dall&#8217;attenta selezione delle materie prime e passa attraverso diversi processi avanzati, con un rigoroso controllo dei parametri e un monitoraggio in tempo reale in ogni fase. L&#8217;intero processo di produzione segue il sistema internazionale di gestione della qualit\u00e0 e l&#8217;uso di apparecchiature di collaudo ad alta precisione esegue test di precisione a tutto tondo della distribuzione granulometrica, della purezza, del contenuto di impurit\u00e0 e di altri indicatori chiave, senza risparmiare piccoli difetti, al fine di garantire la qualit\u00e0 di ogni lotto di prodotti. <\/p>\n<h2><span style=\"font-size: 14pt;\">Imballaggio e stoccaggio<\/span><\/h2>\n<p>La polvere di fosfuro di ferro \u00e8 confezionata in sacchetti o bottiglie e cartoni a doppio vuoto.<\/p>\n<p>La polvere di fosfuro di ferro deve essere conservata in un ambiente asciutto, fresco e ben ventilato, lontano da fuoco, calore e forti ossidanti e l&#8217;imballaggio deve essere ben sigillato per prevenire l&#8217;umidit\u00e0 e l&#8217;ossidazione per mantenerne la stabilit\u00e0 chimica.<\/p>\n","protected":false},"excerpt":{"rendered":"<p>La polvere di fosfuro di ferro \u00e8 una polvere da grigio a grigio-blu, insolubile in acqua, solubile in acidi forti, con determinate propriet\u00e0 magnetiche, ha una vasta gamma di applicazioni nei dispositivi a semiconduttore, nella metallurgia delle polveri, nei materiali magnetici e nella catalisi elettrochimica, ecc. Pu\u00f2 essere utilizzato nella produzione di componenti elettronici, per migliorare le propriet\u00e0 dei materiali metallici, come materiale magnetico e per catalizzare le reazioni di precipitazione dell&#8217;idrogeno. <\/p>\n","protected":false},"featured_media":1001845,"comment_status":"open","ping_status":"closed","template":"","meta":{"_acf_changed":false},"product_brand":[],"product_cat":[213],"product_tag":[],"class_list":{"0":"post-1013039","1":"product","2":"type-product","3":"status-publish","4":"has-post-thumbnail","6":"product_cat-materiali-al-fosforo","8":"first","9":"instock","10":"shipping-taxable","11":"product-type-variable"},"acf":[],"_links":{"self":[{"href":"https:\/\/vimaterial.de\/it\/wp-json\/wp\/v2\/product\/1013039","targetHints":{"allow":["GET"]}}],"collection":[{"href":"https:\/\/vimaterial.de\/it\/wp-json\/wp\/v2\/product"}],"about":[{"href":"https:\/\/vimaterial.de\/it\/wp-json\/wp\/v2\/types\/product"}],"replies":[{"embeddable":true,"href":"https:\/\/vimaterial.de\/it\/wp-json\/wp\/v2\/comments?post=1013039"}],"wp:featuredmedia":[{"embeddable":true,"href":"https:\/\/vimaterial.de\/it\/wp-json\/wp\/v2\/media\/1001845"}],"wp:attachment":[{"href":"https:\/\/vimaterial.de\/it\/wp-json\/wp\/v2\/media?parent=1013039"}],"wp:term":[{"taxonomy":"product_brand","embeddable":true,"href":"https:\/\/vimaterial.de\/it\/wp-json\/wp\/v2\/product_brand?post=1013039"},{"taxonomy":"product_cat","embeddable":true,"href":"https:\/\/vimaterial.de\/it\/wp-json\/wp\/v2\/product_cat?post=1013039"},{"taxonomy":"product_tag","embeddable":true,"href":"https:\/\/vimaterial.de\/it\/wp-json\/wp\/v2\/product_tag?post=1013039"}],"curies":[{"name":"wp","href":"https:\/\/api.w.org\/{rel}","templated":true}]}}