{"id":1012984,"date":"2024-06-17T14:26:58","date_gmt":"2024-06-17T06:26:58","guid":{"rendered":"https:\/\/vimaterial.de\/product\/biossido-di-titanio-3\/"},"modified":"2025-04-18T13:17:58","modified_gmt":"2025-04-18T05:17:58","slug":"biossido-di-titanio-3","status":"publish","type":"product","link":"https:\/\/vimaterial.de\/it\/product\/biossido-di-titanio-3\/","title":{"rendered":"Biossido di titanio"},"content":{"rendered":"<p>La polvere di <span style=\"color: #0000ff;\"><a style=\"color: #0000ff;\" href=\"https:\/\/vimaterial.de\/it\/product\/biossido-di-titanio-5\/\">biossido di titanio<\/a> <\/span>\u00e8 una polvere fine bianca, inodore e non tossica con un alto indice di rifrazione, un&#8217;eccellente copertura e stabilit\u00e0 chimica, che \u00e8 un pigmento, fotocatalizzatore e materiale assorbente UV estremamente ampiamente utilizzato.<\/p>\n<p>Forniamo varie polveri chimiche inorganiche di elevata purezza con prestazioni eccellenti, tempi di consegna brevi, MOQ ridotto e scorte sufficienti. VIMATERIAL supporta anche la personalizzazione e la sperimentazione per tutti i prodotti, non esitate a <span style=\"color: #0000ff;\"><a style=\"color: #0000ff;\" href=\"https:\/\/vimaterial.de\/it\/contatto\/\">contattarci<\/a><\/span>.<\/p>\n<h2><span style=\"font-size: 14pt;\">Propriet\u00e0<\/span><\/h2>\n<p>Formula molecolare: TiO\u2082<\/p>\n<p>Peso molecolare: 79.866<\/p>\n<p>Aspetto: polvere bianca con buon candore, inodore e insapore<\/p>\n<p>Densit\u00e0: tipo anatasio circa 3,84 g\/cm\u00b3, tipo rutilo circa 4,25 g\/cm\u00b3.<\/p>\n<p>Punto di fusione: l&#8217;anatasio si trasforma in rutilo ad alta temperatura (circa 610\u00b0C), il punto di fusione del rutilo \u00e8 di circa 1855\u00b0C.<br \/>\nPunto di ebollizione: circa 2972\u00b0C<\/p>\n<p>Struttura cristallina: Sono presenti principalmente anatasio (sistema cristallino tetragonale) e rutilo (sistema cristallino tetragonale). La struttura cristallina del tipo anatasio \u00e8 relativamente libera, con una maggiore attivit\u00e0 fotocatalitica; Il tipo rutilo ha una struttura pi\u00f9 densa, con un maggiore potere coprente e resistenza agli agenti atmosferici. <\/p>\n<h2><span style=\"font-size: 14pt;\">Applicazione<\/span><\/h2>\n<p>Industria dei rivestimenti: la polvere di biossido di titanio \u00e8 un pigmento bianco chiave nei rivestimenti. Con il suo elevato potere coprente e il suo candore, pu\u00f2 coprire efficacemente il substrato e ha una buona resistenza agli agenti atmosferici per mantenere stabile il colore dei rivestimenti per un lungo periodo di tempo ed \u00e8 ampiamente utilizzato in vari tipi di rivestimenti per l&#8217;architettura, le automobili e cos\u00ec via. <\/p>\n<p>Industria della plastica: come colorante e assorbitore di raggi ultravioletti nel campo della plastica, pu\u00f2 assorbire i raggi ultravioletti conferendo un aspetto bianco ai prodotti in plastica, impedendo alla plastica di invecchiare e diventare fragile a causa dell&#8217;irradiazione ultravioletta, e viene utilizzato in una variet\u00e0 di prodotti in plastica, come imballaggi alimentari, tubi e cos\u00ec via.<\/p>\n<p>Industria della carta: utilizzata nel rivestimento e nel riempimento della carta, pu\u00f2 migliorare il bianco, l&#8217;opacit\u00e0 e la lucentezza della carta, rendere la carta pi\u00f9 liscia, in modo da migliorare la qualit\u00e0 della carta, nella carta da lettere, nella carta da imballaggio e nella produzione di altri prodotti di carta ha applicazioni importanti.<\/p>\n<p>Campo della fotocatalisi: utilizzando le sue propriet\u00e0 fotocatalitiche, pu\u00f2 essere utilizzato per decomporre inquinanti organici, purificare l&#8217;aria e l&#8217;acqua e svolgere un ruolo nei purificatori d&#8217;aria e nelle apparecchiature per il trattamento delle acque reflue nel campo della protezione ambientale.<\/p>\n<h2><span style=\"font-size: 14pt;\">Controllo qualit\u00e0<\/span><\/h2>\n<p><span style=\"color: #0000ff;\"><a style=\"color: #0000ff;\" href=\"https:\/\/vimaterial.de\/it\/controllo-qualita\/\">I nostri prodotti<\/a><\/span> rispettano rigorosamente il sistema di gestione della qualit\u00e0. Esistono rigorosi standard di ispezione per i materiali in entrata, la lavorazione, l&#8217;ispezione finale e l&#8217;ispezione in fabbrica. Per la lavorazione non qualificata vengono adottate rigorose misure di isolamento per evitare che prodotti non qualificati fluiscano nel processo successivo. I campioni sono forniti per la ri-ispezione dei clienti in base alle esigenze dei clienti.   <\/p>\n<h2><span style=\"font-size: 14pt;\">Imballaggio e stoccaggio<\/span><\/h2>\n<p>La polvere di biossido di titanio \u00e8 confezionata in doppi sacchetti sottovuoto o bottiglie sottovuoto e confezionata in cartoni o fusti di carta.<\/p>\n<p>La polvere di biossido di titanio deve essere conservata in un ambiente asciutto, ben ventilato e fresco, lontano da fuoco, calore e forti agenti ossidanti, e imballata in contenitori sigillati per evitare umidit\u00e0, contaminazione o reazioni chimiche e per garantire che le sue propriet\u00e0 non siano compromesse.<\/p>\n","protected":false},"excerpt":{"rendered":"<p>La polvere di <span style=\"color: #0000ff;\"><a style=\"color: #0000ff;\" href=\"https:\/\/vimaterial.de\/it\/product\/biossido-di-titanio-5\/\">biossido di titanio<\/a> <\/span>\u00e8 una polvere fine bianca, inodore e non tossica con un alto indice di rifrazione, un&#8217;eccellente copertura e stabilit\u00e0 chimica, che \u00e8 un pigmento, fotocatalizzatore e materiale assorbente UV estremamente ampiamente utilizzato.<\/p>\n","protected":false},"featured_media":1000815,"comment_status":"open","ping_status":"closed","template":"","meta":{"_acf_changed":false},"product_brand":[],"product_cat":[205],"product_tag":[],"class_list":{"0":"post-1012984","1":"product","2":"type-product","3":"status-publish","4":"has-post-thumbnail","6":"product_cat-materiali-ossidi-idrossidi","8":"first","9":"instock","10":"shipping-taxable","11":"product-type-variable"},"acf":[],"_links":{"self":[{"href":"https:\/\/vimaterial.de\/it\/wp-json\/wp\/v2\/product\/1012984","targetHints":{"allow":["GET"]}}],"collection":[{"href":"https:\/\/vimaterial.de\/it\/wp-json\/wp\/v2\/product"}],"about":[{"href":"https:\/\/vimaterial.de\/it\/wp-json\/wp\/v2\/types\/product"}],"replies":[{"embeddable":true,"href":"https:\/\/vimaterial.de\/it\/wp-json\/wp\/v2\/comments?post=1012984"}],"wp:featuredmedia":[{"embeddable":true,"href":"https:\/\/vimaterial.de\/it\/wp-json\/wp\/v2\/media\/1000815"}],"wp:attachment":[{"href":"https:\/\/vimaterial.de\/it\/wp-json\/wp\/v2\/media?parent=1012984"}],"wp:term":[{"taxonomy":"product_brand","embeddable":true,"href":"https:\/\/vimaterial.de\/it\/wp-json\/wp\/v2\/product_brand?post=1012984"},{"taxonomy":"product_cat","embeddable":true,"href":"https:\/\/vimaterial.de\/it\/wp-json\/wp\/v2\/product_cat?post=1012984"},{"taxonomy":"product_tag","embeddable":true,"href":"https:\/\/vimaterial.de\/it\/wp-json\/wp\/v2\/product_tag?post=1012984"}],"curies":[{"name":"wp","href":"https:\/\/api.w.org\/{rel}","templated":true}]}}