{"id":1012966,"date":"2024-06-17T14:26:58","date_gmt":"2024-06-17T06:26:58","guid":{"rendered":"https:\/\/vimaterial.de\/product\/biossido-di-titanio-2\/"},"modified":"2025-04-18T13:21:56","modified_gmt":"2025-04-18T05:21:56","slug":"biossido-di-titanio-2","status":"publish","type":"product","link":"https:\/\/vimaterial.de\/it\/product\/biossido-di-titanio-2\/","title":{"rendered":"Biossido di titanio"},"content":{"rendered":"<p>I pellet di <span style=\"color: #0000ff;\"><a style=\"color: #0000ff;\" href=\"https:\/\/vimaterial.de\/en\/product\/titanium-dioxide-powder\/\">biossido di titanio<\/a><\/span> sono particelle solide fini bianche, insapore e inodore con un alto indice di rifrazione, un buon potere coprente, stabilit\u00e0 chimica e capacit\u00e0 di assorbimento dei raggi UV, che vengono utilizzate in un&#8217;ampia gamma di applicazioni come rivestimenti, plastica, carta, cosmetici e molti altri.<\/p>\n<p>VIMATERIAL \u00e8 un&#8217;azienda all&#8217;avanguardia nel settore dell&#8217;innovazione chimica dei materiali, specializzata in materiali ad alte prestazioni progettati per applicazioni ingegneristiche avanzate. I nostri prodotti sono di elevata purezza e qualit\u00e0, supportiamo l&#8217;imballaggio di piccoli lotti, il MOQ di piccoli prodotti, l&#8217;inventario sufficiente e la personalizzazione del supporto, se avete esigenze, vi preghiamo di <span style=\"color: #0000ff;\"><a style=\"color: #0000ff;\" href=\"https:\/\/vimaterial.de\/en\/contact-us\/\">contattarci<\/a><\/span>. <\/p>\n<h2><span style=\"font-size: 14pt;\">Propriet\u00e0<\/span><\/h2>\n<p>Formula molecolare: TiO\u2082<\/p>\n<p>Peso molecolare: 79.866<\/p>\n<p>Aspetto: granulo polveroso bianco<\/p>\n<p>Densit\u00e0: circa 3,84 g\/cm\u00b3 per il tipo anatasio, 4,26 g\/cm\u00b3 per il tipo rutilo.<\/p>\n<p>Punto di fusione: 1843\u00b0C (l&#8217;anatasio verr\u00e0 convertito in rutilo ad alta temperatura)<\/p>\n<p>Punto di ebollizione: circa 2972\u00b0C<\/p>\n<p>Struttura cristallina: Principalmente anatasio (sistema cristallino tetragonale) e rutilo (sistema cristallino tetragonale).<\/p>\n<h2><span style=\"font-size: 14pt;\">Applicazione<\/span><\/h2>\n<p>Industria del rivestimento: i pellet di biossido di titanio vengono utilizzati nei rivestimenti per coprire efficacemente le imperfezioni sulla superficie dell&#8217;oggetto da rivestire in virt\u00f9 del suo eccellente potere coprente, e allo stesso tempo riflettere la luce in modo che il rivestimento abbia una buona lucentezza e resistenza agli agenti atmosferici e prolunga la durata del rivestimento.<\/p>\n<p>Plastica: l&#8217;aggiunta di pellet di biossido di titanio alla lavorazione della plastica pu\u00f2 migliorare il bianco e la luminosit\u00e0 dei prodotti in plastica, migliorare le propriet\u00e0 meccaniche dei prodotti in plastica e anche assorbire i raggi ultravioletti, prevenendo l&#8217;invecchiamento e lo scolorimento della plastica a causa dell&#8217;irradiazione ultravioletta e migliorando la qualit\u00e0 e la durata dei prodotti in plastica.<\/p>\n<p>Industria cartaria: come riempitivo e rivestimento per la carta, i pellet di biossido di titanio possono riempire gli spazi tra le fibre della carta, aumentare l&#8217;opacit\u00e0 della carta, in modo che l&#8217;inchiostro o l&#8217;inchiostro non penetrino durante la scrittura e la stampa e possono rendere la superficie della carta pi\u00f9 liscia, migliorando la qualit\u00e0 di stampa.<\/p>\n<p>Industria cosmetica: i pellet di biossido di titanio sono utilizzati in prodotti cosmetici come creme solari, fondotinta, ecc. Pu\u00f2 riflettere e disperdere efficacemente i raggi UV e svolgere il ruolo di protezione solare per proteggere la pelle e, allo stesso tempo, pu\u00f2 aumentare il potere coprente dei prodotti cosmetici, in modo che il tono della pelle appaia pi\u00f9 uniforme. <\/p>\n<h2><span style=\"font-size: 14pt;\">Controllo qualit\u00e0<\/span><\/h2>\n<p>I nostri prodotti sono soggetti a un rigoroso sistema di gestione della qualit\u00e0. Dai materiali in entrata, alla lavorazione, all&#8217;ispezione finale all&#8217;ispezione in fabbrica, ci sono rigorosi standard di ispezione. Per la lavorazione non qualificata vengono adottate rigorose misure di isolamento per evitare che prodotti non qualificati fluiscano nel processo successivo. I campioni sono forniti per la ri-ispezione del cliente in base alle esigenze del cliente.   <\/p>\n<h2><span style=\"font-size: 14pt;\">Imballaggio e stoccaggio<\/span><\/h2>\n<p>I pellet di biossido di titanio sono confezionati in sacchetti o bottiglie sottovuoto a doppio strato e confezionati in cartoni.<\/p>\n<p>I pellet di biossido di titanio devono essere conservati in un ambiente interno asciutto e ben ventilato, lontano da umidit\u00e0, fuoco, acidi e alcali forti, ecc., e devono essere sigillati e imballati per evitare che si verifichino umidit\u00e0, contaminazione o reazioni chimiche e influiscano sulla qualit\u00e0.<\/p>\n","protected":false},"excerpt":{"rendered":"<p>I pellet di <span style=\"color: #0000ff;\"><a style=\"color: #0000ff;\" href=\"https:\/\/vimaterial.de\/en\/product\/titanium-dioxide-powder\/\">biossido di titanio<\/a><\/span> sono particelle solide fini bianche, insapore e inodore con un alto indice di rifrazione, un buon potere coprente, stabilit\u00e0 chimica e capacit\u00e0 di assorbimento dei raggi UV, che vengono utilizzate in un&#8217;ampia gamma di applicazioni come rivestimenti, plastica, carta, cosmetici e molti altri.<\/p>\n","protected":false},"featured_media":1041314,"comment_status":"open","ping_status":"closed","template":"","meta":{"_acf_changed":false},"product_brand":[],"product_cat":[198],"product_tag":[],"class_list":{"0":"post-1012966","1":"product","2":"type-product","3":"status-publish","4":"has-post-thumbnail","6":"product_cat-materiali-per-levaporazione","8":"first","9":"instock","10":"shipping-taxable","11":"product-type-variable"},"acf":[],"_links":{"self":[{"href":"https:\/\/vimaterial.de\/it\/wp-json\/wp\/v2\/product\/1012966","targetHints":{"allow":["GET"]}}],"collection":[{"href":"https:\/\/vimaterial.de\/it\/wp-json\/wp\/v2\/product"}],"about":[{"href":"https:\/\/vimaterial.de\/it\/wp-json\/wp\/v2\/types\/product"}],"replies":[{"embeddable":true,"href":"https:\/\/vimaterial.de\/it\/wp-json\/wp\/v2\/comments?post=1012966"}],"wp:featuredmedia":[{"embeddable":true,"href":"https:\/\/vimaterial.de\/it\/wp-json\/wp\/v2\/media\/1041314"}],"wp:attachment":[{"href":"https:\/\/vimaterial.de\/it\/wp-json\/wp\/v2\/media?parent=1012966"}],"wp:term":[{"taxonomy":"product_brand","embeddable":true,"href":"https:\/\/vimaterial.de\/it\/wp-json\/wp\/v2\/product_brand?post=1012966"},{"taxonomy":"product_cat","embeddable":true,"href":"https:\/\/vimaterial.de\/it\/wp-json\/wp\/v2\/product_cat?post=1012966"},{"taxonomy":"product_tag","embeddable":true,"href":"https:\/\/vimaterial.de\/it\/wp-json\/wp\/v2\/product_tag?post=1012966"}],"curies":[{"name":"wp","href":"https:\/\/api.w.org\/{rel}","templated":true}]}}