{"id":1012939,"date":"2024-06-17T14:28:13","date_gmt":"2024-06-17T06:28:13","guid":{"rendered":"https:\/\/vimaterial.de\/product\/biossido-di-titanio\/"},"modified":"2025-04-18T13:15:51","modified_gmt":"2025-04-18T05:15:51","slug":"biossido-di-titanio","status":"publish","type":"product","link":"https:\/\/vimaterial.de\/it\/product\/biossido-di-titanio\/","title":{"rendered":"Biossido di titanio"},"content":{"rendered":"<p>Il bersaglio sputtering al <span style=\"color: #3366ff;\"><a style=\"color: #3366ff;\" href=\"https:\/\/vimaterial.de\/it\/product\/biossido-di-titanio-5\/\">biossido di titanio<\/a><\/span> \u00e8 un tipo di materiale target per sputtering magnetron ad alte prestazioni composto da titanio e ossigeno, con elevata purezza, elevata durezza, alto punto di fusione e buona stabilit\u00e0 chimica, ampiamente utilizzato nei settori dell&#8217;ottica, dell&#8217;elettronica, dei rivestimenti, della protezione ambientale e cos\u00ec via.<\/p>\n<p>La nostra azienda fornisce bersagli per sputtering al biossido di titanio. I nostri bersagli per polverizzazione catodica al biossido di titanio sono caratterizzati da elevata purezza, buona stabilit\u00e0 chimica, elevata durezza e alto punto di fusione. VIMATERIAL offre un servizio di rilegatura mirata e tutti i prodotti sono disponibili su base personalizzata, <span style=\"color: #3366ff;\"><a style=\"color: #3366ff;\" href=\"https:\/\/vimaterial.de\/it\/contatto\/\">contattateci<\/a><\/span> per ulteriori informazioni.  <\/p>\n<h2><span style=\"font-size: 14pt;\">Propriet\u00e0<\/span><\/h2>\n<p>Formula molecolare: TiO\u2082<\/p>\n<p>Peso molecolare: circa 79,87 g\/mol<\/p>\n<p>Aspetto: bersagli solitamente bianchi o bianco sporco<\/p>\n<p>Densit\u00e0: tipo anatasio circa 3,8 &#8211; 3,9 g\/cm\u00b3, tipo rutilo circa 4,2 &#8211; 4,3 g\/cm\u00b3.<\/p>\n<p>Punto di fusione: circa 1800 &#8211; 1875\u00b0C<\/p>\n<p>Punto di ebollizione: circa 2900\u00b0C<\/p>\n<p>Struttura cristallina: Principalmente anatasio e rutilo. Nel tipo anatasio, l&#8217;atomo di titanio si trova al centro del cubo, l&#8217;atomo di ossigeno si trova al vertice e al punto medio del prisma, l&#8217;atomo di titanio \u00e8 coordinato con sei atomi di ossigeno e l&#8217;atomo di ossigeno \u00e8 coordinato con tre atomi di titanio; Nel tipo rutilo, l&#8217;atomo di titanio \u00e8 al centro dell&#8217;ottaedro, l&#8217;atomo di ossigeno \u00e8 al vertice dell&#8217;ottaedro, l&#8217;atomo di titanio \u00e8 coordinato con sei atomi di ossigeno e l&#8217;atomo di ossigeno \u00e8 coordinato con tre atomi di titanio. <\/p>\n<h2><span style=\"font-size: 14pt;\">Applicazioni<\/span><\/h2>\n<p>Industria elettronica: i bersagli sputtering in ossido di titanio sono utilizzati nella produzione di condensatori in dispositivi elettronici. Con la sua elevata costante dielettrica, pu\u00f2 aumentare efficacemente la capacit\u00e0 di accumulo della capacit\u00e0 e migliorare le prestazioni dei dispositivi elettronici. <\/p>\n<p>Optoelettronica: Nella produzione di celle solari, viene utilizzato per la preparazione di rivestimenti antiriflesso e film di ossido conduttivo trasparente, che possono ridurre la perdita di riflessione della luce e migliorare l&#8217;efficienza della conversione fotoelettrica.<\/p>\n<p>Campo della tecnologia di visualizzazione: utilizzato nei display a cristalli liquidi (LCD) e nei display a diodi organici a emissione di luce (OLED), pu\u00f2 essere preparato con elevata trasparenza, alta conduttivit\u00e0 dell&#8217;elettrodo a film sottile, migliorare la chiarezza del display e la velocit\u00e0 di risposta.<\/p>\n<p>Campo del rivestimento ottico: nel processo di rivestimento di lenti ottiche, telescopi e altri strumenti ottici, i bersagli sputtering in ossido di titanio possono aumentare le propriet\u00e0 antiriflesso e la durezza delle lenti, rendendo l&#8217;imaging dei componenti ottici pi\u00f9 chiaro e resistente all&#8217;usura.<\/p>\n<h2><span style=\"font-size: 14pt;\">Controllo qualit\u00e0<\/span><\/h2>\n<p><span style=\"color: #3366ff;\"><a style=\"color: #3366ff;\" href=\"https:\/\/vimaterial.de\/it\/controllo-qualita\/\">I nostri prodotti<\/a><\/span> rispettano rigorosamente il sistema di gestione della qualit\u00e0. Esistono rigorosi standard di ispezione per i materiali in entrata, la lavorazione, l&#8217;ispezione finale e l&#8217;ispezione in fabbrica. Per la lavorazione non qualificata vengono adottate rigorose misure di isolamento per evitare che prodotti non qualificati fluiscano nel processo successivo. I campioni sono forniti per la ri-ispezione del cliente in base alle esigenze del cliente.   <\/p>\n<h2><span style=\"font-size: 14pt;\">Imballaggio e stoccaggio<\/span><\/h2>\n<p>I bersagli sputtering di biossido di titanio sono confezionati in sacchetti sottovuoto a doppio strato e quindi inscatolati e confezionati in cartoni.<\/p>\n<p>I bersagli sputtering di biossido di titanio devono essere conservati in un ambiente asciutto, fresco e ben ventilato, evitando umidit\u00e0, alte temperature, luce intensa e contatto con sostanze corrosive e, allo stesso tempo, dovremmo prestare attenzione a prevenire danni fisici ai bersagli.<\/p>\n","protected":false},"excerpt":{"rendered":"<p>Il bersaglio sputtering al <span style=\"color: #3366ff;\"><a style=\"color: #3366ff;\" href=\"https:\/\/vimaterial.de\/it\/product\/biossido-di-titanio-5\/\">biossido di titanio<\/a><\/span> \u00e8 un tipo di materiale target per sputtering magnetron ad alte prestazioni composto da titanio e ossigeno, con elevata purezza, elevata durezza, alto punto di fusione e buona stabilit\u00e0 chimica, ampiamente utilizzato nei settori dell&#8217;ottica, dell&#8217;elettronica, dei rivestimenti, della protezione ambientale e cos\u00ec via.<\/p>\n","protected":false},"featured_media":1000826,"comment_status":"open","ping_status":"closed","template":"","meta":{"_acf_changed":false},"product_brand":[],"product_cat":[197],"product_tag":[],"class_list":{"0":"post-1012939","1":"product","2":"type-product","3":"status-publish","4":"has-post-thumbnail","6":"product_cat-obiettivi-di-sputtering-planari","8":"first","9":"instock","10":"shipping-taxable","11":"product-type-variable"},"acf":[],"_links":{"self":[{"href":"https:\/\/vimaterial.de\/it\/wp-json\/wp\/v2\/product\/1012939","targetHints":{"allow":["GET"]}}],"collection":[{"href":"https:\/\/vimaterial.de\/it\/wp-json\/wp\/v2\/product"}],"about":[{"href":"https:\/\/vimaterial.de\/it\/wp-json\/wp\/v2\/types\/product"}],"replies":[{"embeddable":true,"href":"https:\/\/vimaterial.de\/it\/wp-json\/wp\/v2\/comments?post=1012939"}],"wp:featuredmedia":[{"embeddable":true,"href":"https:\/\/vimaterial.de\/it\/wp-json\/wp\/v2\/media\/1000826"}],"wp:attachment":[{"href":"https:\/\/vimaterial.de\/it\/wp-json\/wp\/v2\/media?parent=1012939"}],"wp:term":[{"taxonomy":"product_brand","embeddable":true,"href":"https:\/\/vimaterial.de\/it\/wp-json\/wp\/v2\/product_brand?post=1012939"},{"taxonomy":"product_cat","embeddable":true,"href":"https:\/\/vimaterial.de\/it\/wp-json\/wp\/v2\/product_cat?post=1012939"},{"taxonomy":"product_tag","embeddable":true,"href":"https:\/\/vimaterial.de\/it\/wp-json\/wp\/v2\/product_tag?post=1012939"}],"curies":[{"name":"wp","href":"https:\/\/api.w.org\/{rel}","templated":true}]}}