{"id":1012892,"date":"2024-06-17T14:28:20","date_gmt":"2024-06-17T06:28:20","guid":{"rendered":"https:\/\/vimaterial.de\/product\/subossido-di-titanio\/"},"modified":"2025-04-18T09:55:59","modified_gmt":"2025-04-18T01:55:59","slug":"subossido-di-titanio","status":"publish","type":"product","link":"https:\/\/vimaterial.de\/it\/product\/subossido-di-titanio\/","title":{"rendered":"Subossido di titanio"},"content":{"rendered":"<p><span style=\"color: #0000ff;\"><a style=\"color: #0000ff;\" href=\"https:\/\/vimaterial.de\/en\/product\/titanium-suboxide\/\">Subossido di titanio<\/a> <\/span>La polvere \u00e8 una polvere di ossido di titanio, solitamente di colore nero o grigio scuro, che ha una buona conducibilit\u00e0 elettrica, un&#8217;elevata stabilit\u00e0 chimica e speciali propriet\u00e0 ottiche, ed \u00e8 un materiale funzionale con potenziali applicazioni in molti campi, come l&#8217;elettronica, l&#8217;ottica e la catalisi.<\/p>\n<p>Forniamo varie polveri chimiche inorganiche di elevata purezza con prestazioni eccellenti, tempi di consegna brevi, MOQ ridotto e scorte sufficienti. VImaterial supporta anche la personalizzazione e la sperimentazione per tutti i prodotti, non esitate a <span style=\"color: #0000ff;\"><a style=\"color: #0000ff;\" href=\"https:\/\/vimaterial.de\/en\/contact-us\/\">contattarci.<\/a><\/span><\/p>\n<h2><span style=\"font-size: 14pt;\">Applicazione<\/span><\/h2>\n<p>Elettronica: le polveri di sottoossido di titanio sono utilizzate nella preparazione di materiali conduttivi per dispositivi elettronici. Grazie alla loro buona conduttivit\u00e0 elettrica, possono essere utilizzati come materiali per elettrodi o materiali di cablaggio conduttivi nei componenti elettronici, contribuendo a una trasmissione elettronica efficiente. <\/p>\n<p>Ottica: Nel campo dei materiali ottici, questa polvere pu\u00f2 essere utilizzata per realizzare rivestimenti ottici per lenti ottiche, rivestimenti ad assorbimento solare, ecc. Grazie alle sue speciali propriet\u00e0 ottiche, come l&#8217;elevato coefficiente di assorbimento e l&#8217;indice di rifrazione variabile, la riflessione, l&#8217;assorbimento e la trasmissione della luce possono essere regolati in modo efficace. <\/p>\n<p>Catalisi: le polveri di sottoossido di titanio possono essere utilizzate come catalizzatori o vettori di catalizzatori. I loro ricchi siti attivi superficiali e la stabilit\u00e0 chimica consentono loro di promuovere la velocit\u00e0 di reazione nelle reazioni chimiche, ad esempio in alcune reazioni redox e reazioni di sintesi organica. <\/p>\n<p>Materiali ceramici: utilizzati nella produzione di ceramiche ad alte prestazioni. Mescolando con altre materie prime ceramiche, le propriet\u00e0 meccaniche, elettriche e termiche della ceramica possono essere migliorate per produrre parti in ceramica con elevata durezza, elevata tenacit\u00e0 e buone propriet\u00e0 di isolamento termico. <\/p>\n<h2><span style=\"font-size: 14pt;\">Controllo qualit\u00e0<\/span><\/h2>\n<p><span style=\"color: #0000ff;\"><a style=\"color: #0000ff;\" href=\"https:\/\/vimaterial.de\/en\/quality-control\/\">I nostri prodotti<\/a><\/span> rispettano rigorosamente il sistema di gestione della qualit\u00e0. Esistono rigorosi standard di ispezione per i materiali in entrata, la lavorazione, l&#8217;ispezione finale e l&#8217;ispezione in fabbrica. Per la lavorazione non qualificata vengono adottate rigorose misure di isolamento per evitare che prodotti non qualificati fluiscano nel processo successivo. I campioni sono forniti per la ri-ispezione dei clienti in base alle esigenze dei clienti.   <\/p>\n<h2><span style=\"font-size: 14pt;\">Imballaggio e stoccaggio<\/span><\/h2>\n<p>La polvere di sottoossido di titanio \u00e8 confezionata in doppi sacchetti sottovuoto o bottiglie sottovuoto e confezionata in cartoni o fusti di carta.<\/p>\n<p>La polvere di Titanio Subossido deve essere conservata in un ambiente asciutto, fresco e ben ventilato, sigillata e protetta da aria, umidit\u00e0, agenti ossidanti forti e acidi per evitare umidit\u00e0, ossidazione o reazioni chimiche che possono influire sulle sue propriet\u00e0.<\/p>\n","protected":false},"excerpt":{"rendered":"<p><span style=\"color: #0000ff;\"><a style=\"color: #0000ff;\" href=\"https:\/\/vimaterial.de\/en\/product\/titanium-suboxide\/\">Subossido di titanio<\/a> <\/span>La polvere \u00e8 una polvere di ossido di titanio, solitamente di colore nero o grigio scuro, che ha una buona conducibilit\u00e0 elettrica, un&#8217;elevata stabilit\u00e0 chimica e speciali propriet\u00e0 ottiche, ed \u00e8 un materiale funzionale con potenziali applicazioni in molti campi, come l&#8217;elettronica, l&#8217;ottica e la catalisi.<\/p>\n","protected":false},"featured_media":1000847,"comment_status":"open","ping_status":"closed","template":"","meta":{"_acf_changed":false},"product_brand":[],"product_cat":[205],"product_tag":[],"class_list":{"0":"post-1012892","1":"product","2":"type-product","3":"status-publish","4":"has-post-thumbnail","6":"product_cat-materiali-ossidi-idrossidi","8":"first","9":"instock","10":"shipping-taxable","11":"product-type-variable"},"acf":[],"_links":{"self":[{"href":"https:\/\/vimaterial.de\/it\/wp-json\/wp\/v2\/product\/1012892","targetHints":{"allow":["GET"]}}],"collection":[{"href":"https:\/\/vimaterial.de\/it\/wp-json\/wp\/v2\/product"}],"about":[{"href":"https:\/\/vimaterial.de\/it\/wp-json\/wp\/v2\/types\/product"}],"replies":[{"embeddable":true,"href":"https:\/\/vimaterial.de\/it\/wp-json\/wp\/v2\/comments?post=1012892"}],"wp:featuredmedia":[{"embeddable":true,"href":"https:\/\/vimaterial.de\/it\/wp-json\/wp\/v2\/media\/1000847"}],"wp:attachment":[{"href":"https:\/\/vimaterial.de\/it\/wp-json\/wp\/v2\/media?parent=1012892"}],"wp:term":[{"taxonomy":"product_brand","embeddable":true,"href":"https:\/\/vimaterial.de\/it\/wp-json\/wp\/v2\/product_brand?post=1012892"},{"taxonomy":"product_cat","embeddable":true,"href":"https:\/\/vimaterial.de\/it\/wp-json\/wp\/v2\/product_cat?post=1012892"},{"taxonomy":"product_tag","embeddable":true,"href":"https:\/\/vimaterial.de\/it\/wp-json\/wp\/v2\/product_tag?post=1012892"}],"curies":[{"name":"wp","href":"https:\/\/api.w.org\/{rel}","templated":true}]}}