{"id":1012879,"date":"2024-06-17T14:28:21","date_gmt":"2024-06-17T06:28:21","guid":{"rendered":"https:\/\/vimaterial.de\/product\/solfuro-di-titanio\/"},"modified":"2024-09-26T14:23:38","modified_gmt":"2024-09-26T06:23:38","slug":"solfuro-di-titanio","status":"publish","type":"product","link":"https:\/\/vimaterial.de\/it\/product\/solfuro-di-titanio\/","title":{"rendered":"Solfuro di titanio"},"content":{"rendered":"<p>La polvere di solfuro di titanio (TiS\u2082) \u00e8 un composto che appartiene alla famiglia dei dicalcogenuri dei metalli di transizione (TMD). Ha propriet\u00e0 fisiche e chimiche uniche, che lo rendono utile in varie applicazioni, in particolare nei materiali avanzati e nell&#8217;accumulo di energia.<\/p>\n<p>Propriet\u00e0 chiave<\/p>\n<p>Formula chimica: TiS\u2082<br \/>\nPeso molecolare: ~112,01 g\/mol<br \/>\nAspetto: polvere dorata o bruno-giallastra<br \/>\nStruttura cristallina: struttura esagonale stratificata, simile alla grafite<br \/>\nPunto di fusione: ~300\u00b0C (si decompone)<br \/>\nDensit\u00e0: ~3,22 g\/cm\u00b3<br \/>\nSolubilit\u00e0: insolubile in acqua ma reattiva con gli acidi<\/p>\n<p>Applicazioni<\/p>\n<p>Batterie agli ioni di litio (LIB): TiS\u2082 \u00e8 ampiamente studiato come materiale catodico per batterie ricaricabili grazie alla sua elevata capacit\u00e0 di intercalazione degli ioni di litio.<br \/>\nLubrificanti solidi: la sua struttura a strati consente un facile scorrimento tra gli strati, rendendolo utile in applicazioni ad alta temperatura e vuoto.<br \/>\nCatalisi: il solfuro di titanio pu\u00f2 fungere da catalizzatore in alcune reazioni chimiche, in particolare quelle che coinvolgono lo zolfo.<br \/>\nElettronica e optoelettronica: Grazie alle sue propriet\u00e0 semiconduttive, il TiS\u2082 viene esplorato per applicazioni in transistor a effetto di campo e fotorivelatori.<br \/>\nDispositivi termoelettrici: la sua capacit\u00e0 di condurre elettricit\u00e0 e mostrare un certo grado di conduttivit\u00e0 termica lo rende rilevante per le applicazioni termoelettriche.<\/p>\n","protected":false},"excerpt":{"rendered":"<p>La polvere di solfuro di titanio (TiS\u2082) \u00e8 un composto che appartiene alla famiglia dei dicalcogenuri dei metalli di transizione (TMD). Ha propriet\u00e0 fisiche e chimiche uniche, che lo rendono utile in varie applicazioni, in particolare nei materiali avanzati e nell&#8217;accumulo di energia.<\/p>\n<p>Batterie agli ioni di litio (LIB): TiS\u2082 \u00e8 ampiamente studiato come materiale catodico per batterie ricaricabili grazie alla sua elevata capacit\u00e0 di intercalazione agli ioni di litio.<br \/>\nLubrificanti solidi: la sua struttura a strati consente un facile scorrimento tra gli strati, rendendolo utile in applicazioni ad alta temperatura e vuoto.<br \/>\nCatalisi: il solfuro di titanio pu\u00f2 fungere da catalizzatore in alcune reazioni chimiche, in particolare quelle che coinvolgono lo zolfo.<br \/>\nElettronica e optoelettronica: Grazie alle sue propriet\u00e0 semiconduttive, il TiS\u2082 viene esplorato per applicazioni in transistor a effetto di campo e fotorivelatori.<br \/>\nDispositivi termoelettrici: la sua capacit\u00e0 di condurre elettricit\u00e0 e mostrare un certo grado di conduttivit\u00e0 termica lo rende rilevante per le applicazioni termoelettriche.<\/p>\n","protected":false},"featured_media":1000861,"comment_status":"open","ping_status":"closed","template":"","meta":{"_acf_changed":false},"product_brand":[],"product_cat":[200],"product_tag":[],"class_list":{"0":"post-1012879","1":"product","2":"type-product","3":"status-publish","4":"has-post-thumbnail","6":"product_cat-materiali-calcogenidici","8":"first","9":"instock","10":"shipping-taxable","11":"product-type-variable"},"acf":[],"_links":{"self":[{"href":"https:\/\/vimaterial.de\/it\/wp-json\/wp\/v2\/product\/1012879","targetHints":{"allow":["GET"]}}],"collection":[{"href":"https:\/\/vimaterial.de\/it\/wp-json\/wp\/v2\/product"}],"about":[{"href":"https:\/\/vimaterial.de\/it\/wp-json\/wp\/v2\/types\/product"}],"replies":[{"embeddable":true,"href":"https:\/\/vimaterial.de\/it\/wp-json\/wp\/v2\/comments?post=1012879"}],"wp:featuredmedia":[{"embeddable":true,"href":"https:\/\/vimaterial.de\/it\/wp-json\/wp\/v2\/media\/1000861"}],"wp:attachment":[{"href":"https:\/\/vimaterial.de\/it\/wp-json\/wp\/v2\/media?parent=1012879"}],"wp:term":[{"taxonomy":"product_brand","embeddable":true,"href":"https:\/\/vimaterial.de\/it\/wp-json\/wp\/v2\/product_brand?post=1012879"},{"taxonomy":"product_cat","embeddable":true,"href":"https:\/\/vimaterial.de\/it\/wp-json\/wp\/v2\/product_cat?post=1012879"},{"taxonomy":"product_tag","embeddable":true,"href":"https:\/\/vimaterial.de\/it\/wp-json\/wp\/v2\/product_tag?post=1012879"}],"curies":[{"name":"wp","href":"https:\/\/api.w.org\/{rel}","templated":true}]}}