{"id":1012853,"date":"2024-06-17T14:28:53","date_gmt":"2024-06-17T06:28:53","guid":{"rendered":"https:\/\/vimaterial.de\/product\/siliciuro-di-titanio-5\/"},"modified":"2025-04-18T09:21:17","modified_gmt":"2025-04-18T01:21:17","slug":"siliciuro-di-titanio-5","status":"publish","type":"product","link":"https:\/\/vimaterial.de\/it\/product\/siliciuro-di-titanio-5\/","title":{"rendered":"Siliciuro di titanio"},"content":{"rendered":"<p>Il bersaglio sputtering del <span style=\"color: #0000ff;\"><a style=\"color: #0000ff;\" href=\"https:\/\/vimaterial.de\/en\/product\/titanium-silicide\/\">siliciuro di titanio<\/a><\/span> \u00e8 un materiale composto principalmente da titanio e silicio per la deposizione fisica da vapore, solitamente allo stato solido, con stabilit\u00e0 chimica specifica e propriet\u00e0 fisiche adeguate, nel processo di sputtering pu\u00f2 depositare atomi di titanio e silicio sulla superficie del substrato, per formare un film sottile con buone propriet\u00e0 elettriche e termiche,  Utilizzato nei semiconduttori, nella microelettronica e in molti altri campi.<\/p>\n<p>Forniamo bersagli di sputtering in titanio siliciuro, VIMATERIAL pu\u00f2 anche fornire un servizio di rilegatura del bersaglio, i nostri prodotti sono soggetti a personalizzazione e sperimentazione, vi preghiamo di <span style=\"color: #0000ff;\"><a style=\"color: #0000ff;\" href=\"https:\/\/vimaterial.de\/en\/contact-us\/\">contattarci<\/a><\/span> se necessario.<\/p>\n<p>Caratteristiche<\/p>\n<p>Formula molecolare: TiSi\u2082.<\/p>\n<p>Peso molecolare: circa 104,05<\/p>\n<p>Aspetto: Solitamente grigio o nero solido, con lucentezza metallica<\/p>\n<p>Densit\u00e0: circa 4,3 &#8211; 4,9 g\/cm\u00b3.<\/p>\n<p>Punto di fusione: circa 1540\u00b0C<\/p>\n<p>Struttura cristallina: appartiene al sistema cristallino ortorombico, nella sua struttura cristallina gli atomi di titanio e gli atomi di silicio sono disposti secondo una legge specifica, gli atomi di silicio formano una struttura a rete tridimensionale, gli atomi di titanio riempiono gli interstizi di cui, questa struttura gli conferisce una migliore stabilit\u00e0 termica e propriet\u00e0 elettriche.<\/p>\n<p>Applicazioni<\/p>\n<p>Campo dei semiconduttori: il bersaglio sputtering in titanio siliciuro viene utilizzato come siliciuro metallico per formare strati di contatto a bassa resistenza e materiali di interconnessione, che possono ridurre efficacemente la resistenza di contatto dei dispositivi e migliorare le prestazioni e la velocit\u00e0 dei circuiti integrati.<\/p>\n<p>Dispositivi microelettronici: pu\u00f2 essere utilizzato come strato barriera alla diffusione per prevenire la diffusione di atomi tra diversi strati metallici, migliorando cos\u00ec la stabilit\u00e0 e l&#8217;affidabilit\u00e0 del dispositivo e prolungando la durata del dispositivo microelettronico.<\/p>\n<p>Industria fotovoltaica: il siliciuro di titanio pu\u00f2 essere utilizzato come materiale per elettrodi di contatto per celle solari a base di silicio, che aiuta a migliorare l&#8217;efficienza di conversione fotoelettrica delle celle e ridurre la perdita di energia.<\/p>\n<p>Materiali ad alta temperatura: il siliciuro di titanio viene utilizzato in materiali strutturali ad alta temperatura e componenti elettronici ad alta temperatura, in grado di mantenere l&#8217;integrit\u00e0 e le prestazioni dei materiali in ambienti ad alta temperatura.<\/p>\n<p>Dispositivi optoelettronici: il siliciuro di titanio pu\u00f2 essere utilizzato come componente importante per migliorare il rilevamento e la conversione dei segnali ottici nei dispositivi optoelettronici sfruttando le sue speciali propriet\u00e0 elettriche e ottiche.<\/p>\n<p>Controllo qualit\u00e0<\/p>\n<p><span style=\"color: #0000ff;\"><a style=\"color: #0000ff;\" href=\"https:\/\/vimaterial.de\/en\/quality-control\/\">I nostri prodotti<\/a><\/span> sono soggetti a un rigoroso sistema di gestione della qualit\u00e0. Esistono rigorosi standard di ispezione per i materiali in entrata, la lavorazione, l&#8217;ispezione finale e l&#8217;ispezione in fabbrica. Per la lavorazione non qualificata vengono adottate rigorose misure di isolamento per evitare che prodotti non qualificati fluiscano nel processo successivo. I campioni sono forniti per la ri-ispezione del cliente in base alle esigenze del cliente.   <\/p>\n<p>Imballaggio e stoccaggio<\/p>\n<p>I bersagli sputtering in titanio siliciuro sono confezionati in sacchetti sottovuoto a doppio strato e quindi inscatolati e confezionati in cartoni.<\/p>\n<p>I bersagli sputtering di titanio siliciuro devono essere conservati in un ambiente asciutto, fresco, ben ventilato e a temperatura stabile per evitare umidit\u00e0, ossidazione, contaminazione con sostanze corrosive e drastici sbalzi di temperatura, ed \u00e8 meglio utilizzare un imballaggio ermeticamente sigillato per garantire che le sue propriet\u00e0 fisiche e chimiche non vengano danneggiate.<\/p>\n","protected":false},"excerpt":{"rendered":"<p>Il bersaglio sputtering del <span style=\"color: #0000ff;\"><a style=\"color: #0000ff;\" href=\"https:\/\/vimaterial.de\/en\/product\/titanium-silicide\/\">siliciuro di titanio<\/a><\/span> \u00e8 un materiale composto principalmente da titanio e silicio per la deposizione fisica da vapore, solitamente allo stato solido, con stabilit\u00e0 chimica specifica e propriet\u00e0 fisiche adeguate, nel processo di sputtering pu\u00f2 depositare atomi di titanio e silicio sulla superficie del substrato, per formare un film sottile con buone propriet\u00e0 elettriche e termiche,  Utilizzato nei semiconduttori, nella microelettronica e in molti altri campi.<\/p>\n","protected":false},"featured_media":1000875,"comment_status":"open","ping_status":"closed","template":"","meta":{"_acf_changed":false},"product_brand":[],"product_cat":[197],"product_tag":[],"class_list":{"0":"post-1012853","1":"product","2":"type-product","3":"status-publish","4":"has-post-thumbnail","6":"product_cat-obiettivi-di-sputtering-planari","8":"first","9":"instock","10":"shipping-taxable","11":"product-type-variable"},"acf":[],"_links":{"self":[{"href":"https:\/\/vimaterial.de\/it\/wp-json\/wp\/v2\/product\/1012853","targetHints":{"allow":["GET"]}}],"collection":[{"href":"https:\/\/vimaterial.de\/it\/wp-json\/wp\/v2\/product"}],"about":[{"href":"https:\/\/vimaterial.de\/it\/wp-json\/wp\/v2\/types\/product"}],"replies":[{"embeddable":true,"href":"https:\/\/vimaterial.de\/it\/wp-json\/wp\/v2\/comments?post=1012853"}],"wp:featuredmedia":[{"embeddable":true,"href":"https:\/\/vimaterial.de\/it\/wp-json\/wp\/v2\/media\/1000875"}],"wp:attachment":[{"href":"https:\/\/vimaterial.de\/it\/wp-json\/wp\/v2\/media?parent=1012853"}],"wp:term":[{"taxonomy":"product_brand","embeddable":true,"href":"https:\/\/vimaterial.de\/it\/wp-json\/wp\/v2\/product_brand?post=1012853"},{"taxonomy":"product_cat","embeddable":true,"href":"https:\/\/vimaterial.de\/it\/wp-json\/wp\/v2\/product_cat?post=1012853"},{"taxonomy":"product_tag","embeddable":true,"href":"https:\/\/vimaterial.de\/it\/wp-json\/wp\/v2\/product_tag?post=1012853"}],"curies":[{"name":"wp","href":"https:\/\/api.w.org\/{rel}","templated":true}]}}