{"id":1012850,"date":"2024-06-17T14:28:52","date_gmt":"2024-06-17T06:28:52","guid":{"rendered":"https:\/\/vimaterial.de\/product\/seleniuro-di-titanio\/"},"modified":"2025-04-18T09:23:00","modified_gmt":"2025-04-18T01:23:00","slug":"seleniuro-di-titanio","status":"publish","type":"product","link":"https:\/\/vimaterial.de\/it\/product\/seleniuro-di-titanio\/","title":{"rendered":"Seleniuro di titanio"},"content":{"rendered":"<p>Il bersaglio sputtering del seleniuro di titanio \u00e8 un materiale utilizzato per la deposizione fisica da vapore, composto principalmente da titanio e selenio, solitamente allo stato solido, che ha propriet\u00e0 fisiche e chimiche adeguate per depositare atomi di titanio e selenio sulla superficie del substrato durante lo sputtering per formare film sottili con funzioni specifiche, che vengono utilizzati nei dispositivi a semiconduttore,  dispositivi fotovoltaici e molti altri campi.<\/p>\n<p>Forniamo bersagli di sputtering in seleniuro di titanio, VIMATERIAL pu\u00f2 anche fornire un servizio di rilegatura del bersaglio, i nostri prodotti sono soggetti a personalizzazione e sperimentazione, <span style=\"color: #0000ff;\"><a style=\"color: #0000ff;\" href=\"https:\/\/vimaterial.de\/en\/contact-us\/\">contattaci<\/a> <\/span>se ne hai bisogno.<\/p>\n<p>Caratteristiche<\/p>\n<p>Formula molecolare: TiSe\u2082.<\/p>\n<p>Peso molecolare: circa 205,79<\/p>\n<p>Aspetto: Solitamente nero o grigio-nero solido con lucentezza metallica.<\/p>\n<p>Densit\u00e0: circa 5,6 &#8211; 5,8 g\/cm\u00b3.<\/p>\n<p>Punto di fusione: circa 650 &#8211; 700\u00b0C<\/p>\n<p>Struttura cristallina: appartiene al sistema cristallino esagonale, la sua struttura cristallina di atomi di titanio e selenio disposti sotto forma di strati, strato di atomi di titanio inserito tra due strati di strato di atomi di selenio, formando una struttura a sandwich, questa struttura gli conferisce alcune speciali propriet\u00e0 elettriche e ottiche.<\/p>\n<p>Applicazioni<\/p>\n<p>Produzione di semiconduttori: utilizzato nella produzione di chip semiconduttori per depositare film sottili per migliorare le propriet\u00e0 elettriche del dispositivo, come l&#8217;aumento della mobilit\u00e0 del vettore.<\/p>\n<p>Produzione fotovoltaica: Deposizione di film sottili nella produzione di fotorivelatori e LED per migliorare l&#8217;efficienza di conversione fotovoltaica e le prestazioni luminescenti.<\/p>\n<p>Ricerca sulla superconduttivit\u00e0: deposizione di film sottili per studiare le propriet\u00e0 superconduttive e per esplorare indicatori chiave come la temperatura di transizione superconduttiva.<\/p>\n<p>Preparazione del materiale dell&#8217;elettrodo: crea film sottili di materiali per elettrodi per migliorare l&#8217;accumulo di carica e la capacit\u00e0 di trasmissione degli elettrodi del condensatore e della batteria.<\/p>\n<p>Controllo qualit\u00e0<\/p>\n<p><span style=\"color: #0000ff;\"><a style=\"color: #0000ff;\" href=\"https:\/\/vimaterial.de\/en\/quality-control\/\">I nostri prodotti<\/a><\/span> sono soggetti a un rigoroso sistema di gestione della qualit\u00e0. Esistono rigorosi standard di ispezione per i materiali in entrata, la lavorazione, l&#8217;ispezione finale e l&#8217;ispezione in fabbrica. Per la lavorazione non qualificata vengono adottate rigorose misure di isolamento per evitare che prodotti non qualificati fluiscano nel processo successivo. I campioni sono forniti per la ri-ispezione del cliente in base alle esigenze del cliente.   <\/p>\n<p>Imballaggio e stoccaggio<\/p>\n<p>I bersagli sputtering in seleniuro di titanio sono confezionati in sacchetti sottovuoto a doppio strato e quindi inscatolati e confezionati in cartoni.<\/p>\n<p>I bersagli sputtering in seleniuro di titanio devono essere conservati in un ambiente asciutto, fresco e ben ventilato, evitando umidit\u00e0, ossidazione e lontano da sostanze corrosive come acidi, alcali e altre sostanze corrosive, alte temperature, luce intensa e altri fattori che possono influire sulle sue propriet\u00e0 fisico-chimiche, ed \u00e8 meglio sigillare l&#8217;imballaggio, per evitare la contaminazione delle impurit\u00e0.<\/p>\n","protected":false},"excerpt":{"rendered":"<p>Il bersaglio sputtering del seleniuro di titanio \u00e8 un materiale utilizzato per la deposizione fisica da vapore, composto principalmente da titanio e selenio, solitamente allo stato solido, che ha propriet\u00e0 fisiche e chimiche adeguate per depositare atomi di titanio e selenio sulla superficie del substrato durante lo sputtering per formare film sottili con funzioni specifiche, che vengono utilizzati nei dispositivi a semiconduttore,  dispositivi fotovoltaici e molti altri campi.<\/p>\n","protected":false},"featured_media":1000868,"comment_status":"open","ping_status":"closed","template":"","meta":{"_acf_changed":false},"product_brand":[],"product_cat":[197],"product_tag":[],"class_list":{"0":"post-1012850","1":"product","2":"type-product","3":"status-publish","4":"has-post-thumbnail","6":"product_cat-obiettivi-di-sputtering-planari","8":"first","9":"instock","10":"shipping-taxable","11":"product-type-variable"},"acf":[],"_links":{"self":[{"href":"https:\/\/vimaterial.de\/it\/wp-json\/wp\/v2\/product\/1012850","targetHints":{"allow":["GET"]}}],"collection":[{"href":"https:\/\/vimaterial.de\/it\/wp-json\/wp\/v2\/product"}],"about":[{"href":"https:\/\/vimaterial.de\/it\/wp-json\/wp\/v2\/types\/product"}],"replies":[{"embeddable":true,"href":"https:\/\/vimaterial.de\/it\/wp-json\/wp\/v2\/comments?post=1012850"}],"wp:featuredmedia":[{"embeddable":true,"href":"https:\/\/vimaterial.de\/it\/wp-json\/wp\/v2\/media\/1000868"}],"wp:attachment":[{"href":"https:\/\/vimaterial.de\/it\/wp-json\/wp\/v2\/media?parent=1012850"}],"wp:term":[{"taxonomy":"product_brand","embeddable":true,"href":"https:\/\/vimaterial.de\/it\/wp-json\/wp\/v2\/product_brand?post=1012850"},{"taxonomy":"product_cat","embeddable":true,"href":"https:\/\/vimaterial.de\/it\/wp-json\/wp\/v2\/product_cat?post=1012850"},{"taxonomy":"product_tag","embeddable":true,"href":"https:\/\/vimaterial.de\/it\/wp-json\/wp\/v2\/product_tag?post=1012850"}],"curies":[{"name":"wp","href":"https:\/\/api.w.org\/{rel}","templated":true}]}}