{"id":1012811,"date":"2024-06-17T14:28:55","date_gmt":"2024-06-17T06:28:55","guid":{"rendered":"https:\/\/vimaterial.de\/product\/siliciuro-di-titanio-2\/"},"modified":"2025-04-18T09:10:29","modified_gmt":"2025-04-18T01:10:29","slug":"siliciuro-di-titanio-2","status":"publish","type":"product","link":"https:\/\/vimaterial.de\/it\/product\/siliciuro-di-titanio-2\/","title":{"rendered":"Siliciuro di titanio"},"content":{"rendered":"<p><span style=\"color: #0000ff;\"><a style=\"color: #0000ff;\" href=\"https:\/\/vimaterial.de\/en\/product\/titanium-silicide-sputtering-target\/\">Siliciuro di titanio<\/a> <\/span>Il bersaglio sputtering TiSi2 \u00e8 un bersaglio composto composto da titanio e silicio, utilizzato principalmente in semiconduttori, circuiti integrati e altri campi, attraverso il processo di sputtering per depositare il film sottile TiSi\u2082 utilizzato per ridurre la resistenza di contatto, migliorare le prestazioni del dispositivo e cos\u00ec via molti aspetti.<\/p>\n<p>Forniamo bersagli di sputtering in titanio siliciuro TiSi2, VIMATERIAL pu\u00f2 anche fornire un servizio di rilegatura del bersaglio, i nostri prodotti sono soggetti a personalizzazione e sperimentazione, vi preghiamo di <span style=\"color: #0000ff;\"><a style=\"color: #0000ff;\" href=\"https:\/\/vimaterial.de\/en\/contact-us\/\">contattarci<\/a> <\/span>se necessario.<\/p>\n<p>Caratteristiche<\/p>\n<p>Formula molecolare: TiSi\u2082<\/p>\n<p>Peso molecolare: 104,04<\/p>\n<p>Aspetto: Solitamente grigio o nero solido<\/p>\n<p>Densit\u00e0: circa 4,39 g\/cm\u00b3.<\/p>\n<p>Punto di fusione: circa 1540\u00b0C<\/p>\n<p>Struttura cristallina: ha due strutture cristalline, C49 (fase a bassa temperatura) e C54 (fase ad alta temperatura), la struttura C49 \u00e8 una fase substabile e la struttura C54 \u00e8 una fase termodinamicamente stabile e pu\u00f2 essere trasformata dalla fase C49 alla fase C54 con un adeguato trattamento a temperatura e la trasformazione di questa struttura cristallina ha un effetto importante sulle sue propriet\u00e0 elettriche e di altro tipo.<\/p>\n<p>Applicazioni<\/p>\n<p>Campo dei semiconduttori: i bersagli sputtering TiSi2 in <span style=\"color: #000000;\">siliciuro di titanio <\/span>vengono utilizzati nella produzione di semiconduttori per formare uno strato di siliciuro durante il processo di metallizzazione del chip, che riduce efficacemente la resistenza di contatto tra la sorgente, lo scarico e il silicio e migliora le prestazioni del chip.<\/p>\n<p>Circuiti integrati: nei circuiti integrati, il film di TiSi\u2082 formato dallo sputtering del bersaglio pu\u00f2 essere utilizzato come parte dei fili di interconnessione, il che migliora la conduttivit\u00e0 del circuito e la velocit\u00e0 di trasmissione del segnale e migliora l&#8217;integrazione e l&#8217;efficienza operativa dei circuiti integrati.<\/p>\n<p>Campo fotovoltaico: bersaglio sputtering in<span style=\"color: #000000;\"> titanio siliciuro <\/span>TiSi2 utilizzato nella preparazione di materiali per elettrodi per celle fotovoltaiche, pu\u00f2 migliorare il contatto elettrico tra l&#8217;elettrodo e il materiale semiconduttore e migliorare l&#8217;efficienza di conversione fotoelettrica della cella.<\/p>\n<p>Campo dei sistemi micro elettromeccanici (MEMS): nella fabbricazione di dispositivi MEMS, i film sottili spruzzati di TiSi\u2082 possono essere utilizzati come materiali strutturali o conduttivi per aiutare a costruire componenti meccanici ed elettronici di dimensioni micro e nanometriche, che supportano la miniaturizzazione e le alte prestazioni dei dispositivi MEMS.<\/p>\n<p>Controllo qualit\u00e0<\/p>\n<p><span style=\"color: #0000ff;\"><a style=\"color: #0000ff;\" href=\"https:\/\/vimaterial.de\/en\/quality-control\/\">I nostri prodotti<\/a><\/span> sono soggetti a un rigoroso sistema di gestione della qualit\u00e0. Esistono rigorosi standard di ispezione per i materiali in entrata, la lavorazione, l&#8217;ispezione finale e l&#8217;ispezione in fabbrica. Per la lavorazione non qualificata vengono adottate rigorose misure di isolamento per evitare che prodotti non qualificati fluiscano nel processo successivo. I campioni sono forniti per la ri-ispezione del cliente in base alle esigenze del cliente.   <\/p>\n<p>Imballaggio e stoccaggio<\/p>\n<p>I bersagli sputtering in titanio siliciuro TiSi2 sono confezionati in sacchetti sottovuoto a doppio strato e quindi inscatolati e confezionati in cartoni all&#8217;esterno.<\/p>\n<p>I bersagli sputtering TiSi\u2082 di titanio siliciuro devono essere conservati in un ambiente asciutto, pulito e ben ventilato con temperatura e umidit\u00e0 relativamente stabili, evitando umidit\u00e0, ossidazione e collisione fisica, inquinamento e allo stesso tempo essere isolati da altre sostanze che possono avere una reazione chimica, al fine di evitare che le sue prestazioni e qualit\u00e0 vengano danneggiate.<\/p>\n","protected":false},"excerpt":{"rendered":"<p><span style=\"color: #0000ff;\"><a style=\"color: #0000ff;\" href=\"https:\/\/vimaterial.de\/en\/product\/titanium-silicide-sputtering-target\/\">Siliciuro di titanio<\/a> <\/span>Il bersaglio sputtering TiSi2 \u00e8 un bersaglio composto composto da titanio e silicio, utilizzato principalmente in semiconduttori, circuiti integrati e altri campi, attraverso il processo di sputtering per depositare il film sottile TiSi\u2082 utilizzato per ridurre la resistenza di contatto, migliorare le prestazioni del dispositivo e cos\u00ec via molti aspetti.<\/p>\n","protected":false},"featured_media":1000899,"comment_status":"open","ping_status":"closed","template":"","meta":{"_acf_changed":false},"product_brand":[],"product_cat":[197],"product_tag":[],"class_list":{"0":"post-1012811","1":"product","2":"type-product","3":"status-publish","4":"has-post-thumbnail","6":"product_cat-obiettivi-di-sputtering-planari","8":"first","9":"instock","10":"shipping-taxable","11":"product-type-variable"},"acf":[],"_links":{"self":[{"href":"https:\/\/vimaterial.de\/it\/wp-json\/wp\/v2\/product\/1012811","targetHints":{"allow":["GET"]}}],"collection":[{"href":"https:\/\/vimaterial.de\/it\/wp-json\/wp\/v2\/product"}],"about":[{"href":"https:\/\/vimaterial.de\/it\/wp-json\/wp\/v2\/types\/product"}],"replies":[{"embeddable":true,"href":"https:\/\/vimaterial.de\/it\/wp-json\/wp\/v2\/comments?post=1012811"}],"wp:featuredmedia":[{"embeddable":true,"href":"https:\/\/vimaterial.de\/it\/wp-json\/wp\/v2\/media\/1000899"}],"wp:attachment":[{"href":"https:\/\/vimaterial.de\/it\/wp-json\/wp\/v2\/media?parent=1012811"}],"wp:term":[{"taxonomy":"product_brand","embeddable":true,"href":"https:\/\/vimaterial.de\/it\/wp-json\/wp\/v2\/product_brand?post=1012811"},{"taxonomy":"product_cat","embeddable":true,"href":"https:\/\/vimaterial.de\/it\/wp-json\/wp\/v2\/product_cat?post=1012811"},{"taxonomy":"product_tag","embeddable":true,"href":"https:\/\/vimaterial.de\/it\/wp-json\/wp\/v2\/product_tag?post=1012811"}],"curies":[{"name":"wp","href":"https:\/\/api.w.org\/{rel}","templated":true}]}}