{"id":1012795,"date":"2024-06-17T14:28:59","date_gmt":"2024-06-17T06:28:59","guid":{"rendered":"https:\/\/vimaterial.de\/product\/titanio-vanadio-zirconio-niobio-afnio\/"},"modified":"2025-04-18T08:55:22","modified_gmt":"2025-04-18T00:55:22","slug":"titanio-vanadio-zirconio-niobio-afnio","status":"publish","type":"product","link":"https:\/\/vimaterial.de\/it\/product\/titanio-vanadio-zirconio-niobio-afnio\/","title":{"rendered":"Titanio Vanadio Zirconio Niobio Afnio"},"content":{"rendered":"<p>Il bersaglio sputtering di titanio vanadio zirconio niobio afnio \u00e8 un bersaglio composito composto da titanio, vanadio, zirconio, niobio, afnio e molti altri metalli, attraverso il processo di sputtering nella deposizione di film sottili contenenti questi elementi metallici sul substrato, il film nel settore aerospaziale, elettronico, energetico e altri campi con propriet\u00e0 superficiali migliorate, resistenza alla corrosione e Questi film hanno molte potenziali applicazioni nel settore aerospaziale,  elettronica, energia e altri campi, come il miglioramento delle propriet\u00e0 superficiali dei materiali, il miglioramento della resistenza alla corrosione e all&#8217;ossidazione.<\/p>\n<p>Forniamo bersagli sputtering in titanio vanadio zirconio niobio afnio, VIMATERIAL pu\u00f2 anche fornire un servizio di rilegatura del bersaglio, i nostri prodotti sono soggetti a personalizzazione e sperimentazione, vi preghiamo di <span style=\"color: #0000ff;\"><a style=\"color: #0000ff;\" href=\"https:\/\/vimaterial.de\/en\/contact-us\/\">contattarci<\/a><\/span> se necessario.<\/p>\n<p>Caratteristiche<\/p>\n<p>Formula molecolare: TiVZrNbHf<\/p>\n<p>Peso molecolare: circa 112,29<\/p>\n<p>Aspetto: Solido con una lucentezza metallizzata grigio-argento.<\/p>\n<p>Struttura cristallina: pu\u00f2 contenere varie strutture di fase, come cubiche centrate sul corpo, esagonali densamente disposte, ecc.<\/p>\n<p>Applicazioni<\/p>\n<p>Aerospaziale: i bersagli sputtering in titanio vanadio zirconio niobio afnio vengono utilizzati per il rivestimento superficiale di parti aerospaziali per migliorare la resistenza del materiale alle alte temperature e all&#8217;abrasione e per ridurre il peso delle parti, migliorando cos\u00ec le prestazioni e l&#8217;efficienza del carburante dell&#8217;aeromobile.<\/p>\n<p>Elettronica: nella produzione elettronica, i bersagli di sputtering vengono utilizzati per depositare film sottili che migliorano la conduttivit\u00e0 elettrica, la resistenza alla corrosione e le prestazioni ad alta frequenza, consentendo la produzione di circuiti integrati e componenti elettronici ad alte prestazioni.<\/p>\n<p>Energia: il trattamento superficiale dei dispositivi di accumulo dell&#8217;energia (ad es. elettrodi delle batterie) e dei dispositivi di conversione dell&#8217;energia (ad es. componenti di celle a combustibile) ne migliora le propriet\u00e0 elettrochimiche, ne prolunga la durata e ottimizza l&#8217;efficienza energetica.<\/p>\n<p>Dispositivi medici: il deposito di film sottili sulla superficie dei dispositivi medici pu\u00f2 migliorare la biocompatibilit\u00e0, le propriet\u00e0 antimicrobiche e la resistenza all&#8217;usura dei dispositivi, contribuendo a produrre impianti medici e strumenti chirurgici pi\u00f9 sicuri ed efficienti.<\/p>\n<p>Controllo qualit\u00e0<\/p>\n<p><span style=\"color: #0000ff;\"><a style=\"color: #0000ff;\" href=\"https:\/\/vimaterial.de\/en\/quality-control\/\">I nostri prodotti<\/a> <\/span>sono soggetti a un rigoroso sistema di gestione della qualit\u00e0. Esistono rigorosi standard di ispezione per i materiali in entrata, la lavorazione, l&#8217;ispezione finale e l&#8217;ispezione in fabbrica. Per la lavorazione non qualificata vengono adottate rigorose misure di isolamento per evitare che prodotti non qualificati fluiscano nel processo successivo. I campioni sono forniti per la ri-ispezione del cliente in base alle esigenze del cliente.   <\/p>\n<p>Imballaggio e stoccaggio<\/p>\n<p>I bersagli sputtering in titanio vanadio zirconio niobio sono confezionati in sacchetti sottovuoto a doppio strato e quindi inscatolati e confezionati in cartoni all&#8217;esterno.<\/p>\n<p>I bersagli per sputtering in titanio vanadio zirconio niobio devono essere conservati in un ambiente asciutto, pulito, a temperatura costante e ben ventilato, evitando umidit\u00e0, ossidazione, contaminazione con impurit\u00e0 e danni fisici e lontano dal fuoco e da sostanze fortemente corrosive.<\/p>\n","protected":false},"excerpt":{"rendered":"<p>Il bersaglio sputtering di titanio vanadio zirconio niobio afnio \u00e8 un bersaglio composito composto da titanio, vanadio, zirconio, niobio, afnio e molti altri metalli, attraverso il processo di sputtering nella deposizione di film sottili contenenti questi elementi metallici sul substrato, il film nel settore aerospaziale, elettronico, energetico e altri campi con propriet\u00e0 superficiali migliorate, resistenza alla corrosione e Questi film hanno molte potenziali applicazioni nel settore aerospaziale,  elettronica, energia e altri campi, come il miglioramento delle propriet\u00e0 superficiali dei materiali, il miglioramento della resistenza alla corrosione e all&#8217;ossidazione.<\/p>\n","protected":false},"featured_media":1000917,"comment_status":"open","ping_status":"closed","template":"","meta":{"_acf_changed":false},"product_brand":[],"product_cat":[197],"product_tag":[],"class_list":{"0":"post-1012795","1":"product","2":"type-product","3":"status-publish","4":"has-post-thumbnail","6":"product_cat-obiettivi-di-sputtering-planari","8":"first","9":"instock","10":"shipping-taxable","11":"product-type-variable"},"acf":[],"_links":{"self":[{"href":"https:\/\/vimaterial.de\/it\/wp-json\/wp\/v2\/product\/1012795","targetHints":{"allow":["GET"]}}],"collection":[{"href":"https:\/\/vimaterial.de\/it\/wp-json\/wp\/v2\/product"}],"about":[{"href":"https:\/\/vimaterial.de\/it\/wp-json\/wp\/v2\/types\/product"}],"replies":[{"embeddable":true,"href":"https:\/\/vimaterial.de\/it\/wp-json\/wp\/v2\/comments?post=1012795"}],"wp:featuredmedia":[{"embeddable":true,"href":"https:\/\/vimaterial.de\/it\/wp-json\/wp\/v2\/media\/1000917"}],"wp:attachment":[{"href":"https:\/\/vimaterial.de\/it\/wp-json\/wp\/v2\/media?parent=1012795"}],"wp:term":[{"taxonomy":"product_brand","embeddable":true,"href":"https:\/\/vimaterial.de\/it\/wp-json\/wp\/v2\/product_brand?post=1012795"},{"taxonomy":"product_cat","embeddable":true,"href":"https:\/\/vimaterial.de\/it\/wp-json\/wp\/v2\/product_cat?post=1012795"},{"taxonomy":"product_tag","embeddable":true,"href":"https:\/\/vimaterial.de\/it\/wp-json\/wp\/v2\/product_tag?post=1012795"}],"curies":[{"name":"wp","href":"https:\/\/api.w.org\/{rel}","templated":true}]}}