{"id":1012776,"date":"2024-06-17T14:29:02","date_gmt":"2024-06-17T06:29:02","guid":{"rendered":"https:\/\/vimaterial.de\/product\/titanio-zinco\/"},"modified":"2025-04-18T08:53:13","modified_gmt":"2025-04-18T00:53:13","slug":"titanio-zinco","status":"publish","type":"product","link":"https:\/\/vimaterial.de\/it\/product\/titanio-zinco\/","title":{"rendered":"Zinco titanio"},"content":{"rendered":"<p>Il bersaglio per polverizzazione catodica di titanio e zinco \u00e8 un bersaglio composito costituito da titanio e zinco, che viene utilizzato principalmente nel processo di deposizione fisica da vapore. Mediante sputtering, sulla superficie del substrato pu\u00f2 formarsi un film sottile contenente elementi in titanio e zinco, potenzialmente prezioso nei settori della protezione dalla corrosione, dei dispositivi elettronici e dei materiali da costruzione. <\/p>\n<p>Forniamo bersagli di sputtering in titanio-zinco, VIMATERIAL pu\u00f2 anche fornire un servizio di rilegatura del bersaglio, i nostri prodotti sono soggetti a personalizzazione e sperimentazione, vi preghiamo di <span style=\"color: #0000ff;\"><a style=\"color: #0000ff;\" href=\"https:\/\/vimaterial.de\/en\/contact-us\/\">contattarci<\/a><\/span> se necessario.<\/p>\n<p>Caratteristiche<\/p>\n<p>Formula molecolare: TiZn<\/p>\n<p>Peso molecolare: circa 113,25<\/p>\n<p>Aspetto: Generalmente grigio argenteo, con lucentezza metallica<\/p>\n<p>Applicazioni<\/p>\n<p>Elettronica: i bersagli sputtering TiZn possono essere utilizzati nella produzione di componenti elettronici. Il deposito di pellicole di TiZn sulla superficie dei circuiti stampati pu\u00f2 migliorare la conduttivit\u00e0 e la resistenza alla corrosione dei componenti elettronici e migliorare la stabilit\u00e0 e la durata delle apparecchiature elettroniche. <\/p>\n<p>Campo della produzione automobilistica: utilizzato nel trattamento superficiale di parti di automobili (come carrozzeria, mozzi delle ruote, ecc.), attraverso lo sputtering di film protettivo TiZn, per migliorare la resistenza alla corrosione e all&#8217;abrasione delle parti, per ridurre i danni in ambienti complessi e per prolungare la durata delle parti di automobili.<\/p>\n<p>Aerospaziale: i film TiZn vengono spruzzati sulle superfici di piccole parti di apparecchiature aerospaziali per sfruttare le loro buone prestazioni complessive, come la resistenza alla corrosione e all&#8217;abrasione, per garantire che le parti possano funzionare correttamente nello spazio complesso o nell&#8217;ambiente ad alta quota.<\/p>\n<p>Controllo qualit\u00e0<\/p>\n<p><span style=\"color: #0000ff;\"><a style=\"color: #0000ff;\" href=\"https:\/\/vimaterial.de\/en\/quality-control\/\">I nostri prodotti<\/a> <span style=\"color: #000000;\">sono<\/span><\/span><span style=\"color: #000000;\">soggetti a<\/span>un rigoroso sistema di gestione della qualit\u00e0. Esistono rigorosi standard di ispezione per i materiali in entrata, la lavorazione, l&#8217;ispezione finale e l&#8217;ispezione in fabbrica. Per la lavorazione non qualificata vengono adottate rigorose misure di isolamento per evitare che prodotti non qualificati fluiscano nel processo successivo. I campioni sono forniti per la ri-ispezione del cliente in base alle esigenze del cliente.   <\/p>\n<p>Imballaggio e stoccaggio<\/p>\n<p>I bersagli di sputtering in titanio e zinco sono confezionati in sacchetti sottovuoto a doppio strato e quindi inscatolati e confezionati in cartone esterno.<\/p>\n<p>I bersagli sputtering in titanio e zinco devono essere conservati in un ambiente asciutto e ben ventilato con temperatura e umidit\u00e0 relativamente stabili, evitando umidit\u00e0, ossidazione, prevenendo il contatto con sostanze corrosive e allo stesso tempo garantendo che i bersagli siano protetti da danni meccanici come collisioni fisiche e graffi.<\/p>\n","protected":false},"excerpt":{"rendered":"<p>Il bersaglio per polverizzazione catodica di titanio e zinco \u00e8 un bersaglio composito costituito da titanio e zinco, che viene utilizzato principalmente nel processo di deposizione fisica da vapore. Mediante sputtering, sulla superficie del substrato pu\u00f2 formarsi un film sottile contenente elementi in titanio e zinco, potenzialmente prezioso nei settori della protezione dalla corrosione, dei dispositivi elettronici e dei materiali da costruzione. <\/p>\n","protected":false},"featured_media":1000924,"comment_status":"open","ping_status":"closed","template":"","meta":{"_acf_changed":false},"product_brand":[],"product_cat":[197],"product_tag":[],"class_list":{"0":"post-1012776","1":"product","2":"type-product","3":"status-publish","4":"has-post-thumbnail","6":"product_cat-obiettivi-di-sputtering-planari","8":"first","9":"instock","10":"shipping-taxable","11":"product-type-variable"},"acf":[],"_links":{"self":[{"href":"https:\/\/vimaterial.de\/it\/wp-json\/wp\/v2\/product\/1012776","targetHints":{"allow":["GET"]}}],"collection":[{"href":"https:\/\/vimaterial.de\/it\/wp-json\/wp\/v2\/product"}],"about":[{"href":"https:\/\/vimaterial.de\/it\/wp-json\/wp\/v2\/types\/product"}],"replies":[{"embeddable":true,"href":"https:\/\/vimaterial.de\/it\/wp-json\/wp\/v2\/comments?post=1012776"}],"wp:featuredmedia":[{"embeddable":true,"href":"https:\/\/vimaterial.de\/it\/wp-json\/wp\/v2\/media\/1000924"}],"wp:attachment":[{"href":"https:\/\/vimaterial.de\/it\/wp-json\/wp\/v2\/media?parent=1012776"}],"wp:term":[{"taxonomy":"product_brand","embeddable":true,"href":"https:\/\/vimaterial.de\/it\/wp-json\/wp\/v2\/product_brand?post=1012776"},{"taxonomy":"product_cat","embeddable":true,"href":"https:\/\/vimaterial.de\/it\/wp-json\/wp\/v2\/product_cat?post=1012776"},{"taxonomy":"product_tag","embeddable":true,"href":"https:\/\/vimaterial.de\/it\/wp-json\/wp\/v2\/product_tag?post=1012776"}],"curies":[{"name":"wp","href":"https:\/\/api.w.org\/{rel}","templated":true}]}}