{"id":1012705,"date":"2024-06-17T14:29:42","date_gmt":"2024-06-17T06:29:42","guid":{"rendered":"https:\/\/vimaterial.de\/product\/vanadio-metallico-4\/"},"modified":"2025-04-17T17:54:04","modified_gmt":"2025-04-17T09:54:04","slug":"vanadio-metallico-4","status":"publish","type":"product","link":"https:\/\/vimaterial.de\/it\/product\/vanadio-metallico-4\/","title":{"rendered":"Vanadio metallico"},"content":{"rendered":"<p><span style=\"color: #0000ff;\"><a style=\"color: #0000ff;\" href=\"https:\/\/vimaterial.de\/en\/product\/vanadium-sputtering-target\/\">Il lingotto di vanadio<\/a><\/span> \u00e8 un metallo vanadio a forma di lingotto con alto punto di fusione, buona resistenza e resistenza alla corrosione. Viene utilizzato principalmente nell&#8217;industria metallurgica come additivo legante per rafforzare le propriet\u00e0 dei materiali metallici e viene utilizzato anche nella produzione di parti ad alte prestazioni e materiali speciali nei settori aerospaziale, elettronico e chimico. <\/p>\n<p>VIMATERIAL fornisce lingotti di vanadio. Il lingotto di vanadio fornito dalla nostra azienda \u00e8 caratterizzato da un&#8217;elevata purezza, un contenuto di impurit\u00e0 molto basso, un bell&#8217;aspetto e dimensioni accurate. Abbiamo un buon servizio post-vendita, scorte sufficienti e accettiamo la personalizzazione del prodotto e sperimentiamo. Siamo un fornitore professionale di materie prime chimiche inorganiche, vi preghiamo di <span style=\"color: #0000ff;\"><a style=\"color: #0000ff;\" href=\"https:\/\/vimaterial.de\/en\/contact-us\/\">contattarci<\/a><\/span> per qualsiasi vostra esigenza.   <\/p>\n<h2><span style=\"font-size: 14pt;\">Propriet\u00e0 fisiche<\/span><\/h2>\n<p>Formula molecolare: V<\/p>\n<p>Peso molecolare: 50,9415<\/p>\n<p>Aspetto: solitamente metallo bianco-argento<\/p>\n<p>Densit\u00e0: circa 6,11 g\/cm\u00b3.<\/p>\n<p>Punto di fusione: circa 1890\u00b0C<\/p>\n<p>Punto di ebollizione: 3380\u00b0C<\/p>\n<p>Struttura cristallina: reticolo cubico centrato sul corpo<\/p>\n<h2><span style=\"font-size: 14pt;\">Applicazioni<\/span><\/h2>\n<p>Metallurgia del ferro e dell&#8217;acciaio: il lingotto di vanadio viene utilizzato come materia prima in lega per l&#8217;acciaio, che migliora notevolmente la resistenza e la tenacit\u00e0 dell&#8217;acciaio e viene utilizzato nella produzione di acciaio ad alta resistenza per l&#8217;edilizia e la produzione di macchinari.<\/p>\n<p>Aerospaziale: con il suo alto punto di fusione e le sue propriet\u00e0 di leggerezza, il lingotto di vanadio aiuta a creare componenti leggeri e resistenti al calore per gli aeromobili, garantendo la sicurezza e l&#8217;efficienza del volo.<\/p>\n<p>Accumulo di energia: il lingotto di vanadio \u00e8 il materiale principale per le batterie al vanadio, che si basano sulle variazioni di valenza del vanadio per immagazzinare energia e fornire energia stabile per supportare nuove fonti di energia collegate alla rete.<\/p>\n<p>Industria chimica: il lingotto di vanadio viene utilizzato come catalizzatore per accelerare le reazioni chimiche e facilitare la sintesi efficiente di sostanze chimiche fini.<\/p>\n<p>Elettronica: utilizzato nella produzione di componenti elettronici, il lingotto di vanadio conferisce ai prodotti propriet\u00e0 elettriche speciali che ottimizzano le prestazioni dei dispositivi elettronici.<\/p>\n<h2><span style=\"font-size: 14pt;\">Controllo qualit\u00e0<\/span><\/h2>\n<p><span style=\"color: #0000ff;\"><a style=\"color: #0000ff;\" href=\"https:\/\/vimaterial.de\/en\/quality-control\/\">Ogni lotto<\/a> <\/span>di prodotti segue rigorosi principi di controllo della qualit\u00e0, garantendo che ogni lotto di materiali provenienti dall&#8217;acquisto, dalla lavorazione e dai prodotti finiti delle materie prime fuori dal magazzino sia dotato di strumenti avanzati, rigorosi standard di ispezione e registri di ispezione perfetti per garantire che la qualit\u00e0 del prodotto possa essere controllata e la tracciabilit\u00e0 del prodotto, e ogni lotto di prodotti \u00e8 accompagnato da MSDS,  Rapporti COA, TDS, PSD e XRD, ecc. Forniamo anche campioni di ogni lotto di prodotti. Ogni lotto di prodotti fornir\u00e0 campioni ai clienti, supportando anche i clienti per richiedere a organizzazioni di test di terze parti di testare i prodotti.  <\/p>\n<h2><span style=\"font-size: 14pt;\">Imballaggio e stoccaggio<\/span><\/h2>\n<p>Il lingotto di vanadio viene confezionato in doppi sacchetti sottovuoto e poi confezionato in cartoni o scatole di legno.<\/p>\n<p>Il lingotto di vanadio deve essere conservato in un ambiente asciutto, ben ventilato e con temperatura stabile, evitando il contatto con acqua, acidi forti, alcali forti e altre sostanze corrosive, oltre a evitare che venga sottoposto a collisioni e attriti violenti.<\/p>\n","protected":false},"excerpt":{"rendered":"<p><span style=\"color: #0000ff;\"><a style=\"color: #0000ff;\" href=\"https:\/\/vimaterial.de\/en\/product\/vanadium-sputtering-target\/\">Il lingotto di vanadio<\/a><\/span> \u00e8 un metallo vanadio a forma di lingotto con alto punto di fusione, buona resistenza e resistenza alla corrosione. Viene utilizzato principalmente nell&#8217;industria metallurgica come additivo legante per rafforzare le propriet\u00e0 dei materiali metallici e viene utilizzato anche nella produzione di parti ad alte prestazioni e materiali speciali nei settori aerospaziale, elettronico e chimico. <\/p>\n","protected":false},"featured_media":1000976,"comment_status":"open","ping_status":"closed","template":"","meta":{"_acf_changed":false},"product_brand":[],"product_cat":[207],"product_tag":[],"class_list":{"0":"post-1012705","1":"product","2":"type-product","3":"status-publish","4":"has-post-thumbnail","6":"product_cat-profilo","8":"first","9":"instock","10":"shipping-taxable","11":"purchasable","12":"product-type-variable"},"acf":[],"_links":{"self":[{"href":"https:\/\/vimaterial.de\/it\/wp-json\/wp\/v2\/product\/1012705","targetHints":{"allow":["GET"]}}],"collection":[{"href":"https:\/\/vimaterial.de\/it\/wp-json\/wp\/v2\/product"}],"about":[{"href":"https:\/\/vimaterial.de\/it\/wp-json\/wp\/v2\/types\/product"}],"replies":[{"embeddable":true,"href":"https:\/\/vimaterial.de\/it\/wp-json\/wp\/v2\/comments?post=1012705"}],"wp:featuredmedia":[{"embeddable":true,"href":"https:\/\/vimaterial.de\/it\/wp-json\/wp\/v2\/media\/1000976"}],"wp:attachment":[{"href":"https:\/\/vimaterial.de\/it\/wp-json\/wp\/v2\/media?parent=1012705"}],"wp:term":[{"taxonomy":"product_brand","embeddable":true,"href":"https:\/\/vimaterial.de\/it\/wp-json\/wp\/v2\/product_brand?post=1012705"},{"taxonomy":"product_cat","embeddable":true,"href":"https:\/\/vimaterial.de\/it\/wp-json\/wp\/v2\/product_cat?post=1012705"},{"taxonomy":"product_tag","embeddable":true,"href":"https:\/\/vimaterial.de\/it\/wp-json\/wp\/v2\/product_tag?post=1012705"}],"curies":[{"name":"wp","href":"https:\/\/api.w.org\/{rel}","templated":true}]}}