{"id":1012679,"date":"2024-06-17T14:29:42","date_gmt":"2024-06-17T06:29:42","guid":{"rendered":"https:\/\/vimaterial.de\/product\/vanadio-metallico-2\/"},"modified":"2025-04-17T17:49:20","modified_gmt":"2025-04-17T09:49:20","slug":"vanadio-metallico-2","status":"publish","type":"product","link":"https:\/\/vimaterial.de\/it\/product\/vanadio-metallico-2\/","title":{"rendered":"Vanadio metallico"},"content":{"rendered":"<p><span style=\"color: #0000ff;\"><a style=\"color: #0000ff;\" href=\"https:\/\/vimaterial.de\/en\/product\/vanadium-sputtering-target\/\">Il filo di vanadio<\/a><\/span> \u00e8 un materiale filamentoso in metallo vanadio con aspetto grigio argento, buona flessibilit\u00e0, alto punto di fusione e resistenza alla corrosione, utilizzato principalmente nell&#8217;industria elettronica come fili o elementi riscaldanti, utilizzato anche nell&#8217;aerospaziale, nella metallurgia e in altri campi per la produzione di parti speciali e materiali in lega.<\/p>\n<p>VIMATERIAL fornisce filo di vanadio, la nostra azienda fornisce filo di vanadio con elevata purezza, basso contenuto di impurit\u00e0, buona flessibilit\u00e0 e resistenza alla corrosione. Abbiamo un buon servizio post-vendita, scorte sufficienti e accettiamo la personalizzazione del prodotto e sperimentiamo. Siamo un fornitore professionale di materie prime chimiche inorganiche, vi preghiamo di <span style=\"color: #0000ff;\"><a style=\"color: #0000ff;\" href=\"https:\/\/vimaterial.de\/en\/contact-us\/\">contattarci<\/a><\/span> per qualsiasi vostra esigenza.  <\/p>\n<h2><span style=\"font-size: 14pt;\">Propriet\u00e0 fisiche<\/span><\/h2>\n<p>Formula molecolare: V<\/p>\n<p>Peso molecolare: 50,9415<\/p>\n<p>Aspetto: filamento grigio argento, superficie liscia<\/p>\n<p>Densit\u00e0: circa 6,0 &#8211; 6,11 g\/cm\u00b3.<\/p>\n<p>Punto di fusione: 1890\u00b0C &#8211; 1910\u00b0C<\/p>\n<p>Punto di ebollizione: 3380\u00b0C &#8211; 3407\u00b0C<\/p>\n<p>Struttura cristallina: reticolo cubico centrato sul corpo<\/p>\n<h2><span style=\"font-size: 14pt;\">Applicazioni<\/span><\/h2>\n<p>Industria elettronica: Nell&#8217;industria elettronica, il filo di vanadio viene spesso utilizzato come conduttore di strumenti di precisione per garantire una trasmissione stabile del segnale grazie alla sua buona conduttivit\u00e0 e flessibilit\u00e0.<\/p>\n<p>Aerospaziale: il filo di vanadio viene utilizzato nell&#8217;industria aerospaziale, dove il suo alto punto di fusione e la resistenza alla corrosione vengono utilizzati per realizzare cavi di collegamento per componenti ad alta temperatura nei motori degli aerei, garantendo il funzionamento di sistemi critici.<\/p>\n<p>Energia: nell&#8217;industria energetica, il filo di vanadio viene utilizzato come componente chiave negli elettrodi delle batterie al vanadio, utilizzando la natura multivalente dell&#8217;elemento per ottenere un efficiente stoccaggio e conversione dell&#8217;energia elettrica.<\/p>\n<p>Metallurgia: Nell&#8217;industria metallurgica, il filo di vanadio viene utilizzato come additivo nel metallo fuso per affinare la granulometria e aiutare a produrre acciai legati ad alta resistenza con propriet\u00e0 del materiale migliorate.<\/p>\n<h2><span style=\"font-size: 14pt;\">Controllo qualit\u00e0<\/span><\/h2>\n<p><span style=\"color: #0000ff;\"><a style=\"color: #0000ff;\" href=\"https:\/\/vimaterial.de\/en\/quality-control\/\">Ogni lotto<\/a><\/span> di prodotti segue rigorosi principi di controllo della qualit\u00e0, garantendo che ogni lotto di materiali provenienti dall&#8217;acquisto, dalla lavorazione e dai prodotti finiti delle materie prime fuori dal magazzino sia dotato di strumenti avanzati, rigorosi standard di ispezione e registri di ispezione perfetti per garantire che la qualit\u00e0 del prodotto possa essere controllata e la tracciabilit\u00e0 del prodotto, e ogni lotto di prodotti \u00e8 accompagnato da MSDS,  Rapporti COA, TDS, PSD e XRD, ecc. Forniamo anche campioni di ogni lotto di prodotti. Ogni lotto di prodotti fornir\u00e0 campioni ai clienti, supportando anche i clienti per richiedere a organizzazioni di test di terze parti di testare i prodotti.  <\/p>\n<h2><span style=\"font-size: 14pt;\">Imballaggio e stoccaggio<\/span><\/h2>\n<p>Il filo di vanadio viene imballato in casse di legno dopo un doppio insacco.<\/p>\n<p>Il filo di vanadio deve essere conservato in un ambiente asciutto, fresco e ben ventilato, evitando il contatto con acqua e sostanze chimiche corrosive, prevenendo l&#8217;umidit\u00e0 e l&#8217;ossidazione ed evitando piegature e deformazioni o danni fisici.<\/p>\n","protected":false},"excerpt":{"rendered":"<p><span style=\"color: #0000ff;\"><a style=\"color: #0000ff;\" href=\"https:\/\/vimaterial.de\/en\/product\/vanadium-sputtering-target\/\">Il filo di vanadio<\/a><\/span> \u00e8 un materiale filamentoso in metallo vanadio con aspetto grigio argento, buona flessibilit\u00e0, alto punto di fusione e resistenza alla corrosione, utilizzato principalmente nell&#8217;industria elettronica come fili o elementi riscaldanti, utilizzato anche nell&#8217;aerospaziale, nella metallurgia e in altri campi per la produzione di parti speciali e materiali in lega.<\/p>\n","protected":false},"featured_media":1000985,"comment_status":"open","ping_status":"closed","template":"","meta":{"_acf_changed":false},"product_brand":[],"product_cat":[207],"product_tag":[],"class_list":{"0":"post-1012679","1":"product","2":"type-product","3":"status-publish","4":"has-post-thumbnail","6":"product_cat-profilo","8":"first","9":"instock","10":"shipping-taxable","11":"purchasable","12":"product-type-variable"},"acf":[],"_links":{"self":[{"href":"https:\/\/vimaterial.de\/it\/wp-json\/wp\/v2\/product\/1012679","targetHints":{"allow":["GET"]}}],"collection":[{"href":"https:\/\/vimaterial.de\/it\/wp-json\/wp\/v2\/product"}],"about":[{"href":"https:\/\/vimaterial.de\/it\/wp-json\/wp\/v2\/types\/product"}],"replies":[{"embeddable":true,"href":"https:\/\/vimaterial.de\/it\/wp-json\/wp\/v2\/comments?post=1012679"}],"wp:featuredmedia":[{"embeddable":true,"href":"https:\/\/vimaterial.de\/it\/wp-json\/wp\/v2\/media\/1000985"}],"wp:attachment":[{"href":"https:\/\/vimaterial.de\/it\/wp-json\/wp\/v2\/media?parent=1012679"}],"wp:term":[{"taxonomy":"product_brand","embeddable":true,"href":"https:\/\/vimaterial.de\/it\/wp-json\/wp\/v2\/product_brand?post=1012679"},{"taxonomy":"product_cat","embeddable":true,"href":"https:\/\/vimaterial.de\/it\/wp-json\/wp\/v2\/product_cat?post=1012679"},{"taxonomy":"product_tag","embeddable":true,"href":"https:\/\/vimaterial.de\/it\/wp-json\/wp\/v2\/product_tag?post=1012679"}],"curies":[{"name":"wp","href":"https:\/\/api.w.org\/{rel}","templated":true}]}}